
{"id":1089,"date":"2018-08-24T12:28:40","date_gmt":"2018-08-24T12:28:40","guid":{"rendered":"http:\/\/globalnavy.net\/hang-hai-ngoai-khoi\/"},"modified":"2021-11-09T15:49:50","modified_gmt":"2021-11-09T15:49:50","slug":"hang-hai-ngoai-khoi","status":"publish","type":"page","link":"https:\/\/globalnavy.net\/vi\/hang-hai-ngoai-khoi\/","title":{"rendered":"H\u00e0ng h\u1ea3i &#038; Ngo\u00e0i kh\u01a1i"},"content":{"rendered":"\t\t<div data-elementor-type=\"wp-page\" data-elementor-id=\"1089\" class=\"elementor elementor-1089 elementor-172\">\n\t\t\t\t\t\t<div class=\"elementor-inner\">\n\t\t\t\t<div class=\"elementor-section-wrap\">\n\t\t\t\t\t\t\t\t\t<section class=\"elementor-section elementor-top-section elementor-element elementor-element-3ea26ba elementor-section-boxed elementor-section-height-default elementor-section-height-default\" data-id=\"3ea26ba\" data-element_type=\"section\">\n\t\t\t\t\t\t<div class=\"elementor-container elementor-column-gap-default\">\n\t\t\t\t\t\t\t<div class=\"elementor-row\">\n\t\t\t\t\t<div class=\"elementor-column elementor-col-100 elementor-top-column elementor-element elementor-element-4226f165\" data-id=\"4226f165\" data-element_type=\"column\">\n\t\t\t<div class=\"elementor-column-wrap elementor-element-populated\">\n\t\t\t\t\t\t\t<div class=\"elementor-widget-wrap\">\n\t\t\t\t\t\t<div class=\"elementor-element elementor-element-5b2bfcfd elementor-widget elementor-widget-text-editor\" data-id=\"5b2bfcfd\" data-element_type=\"widget\" data-widget_type=\"text-editor.default\">\n\t\t\t\t<div class=\"elementor-widget-container\">\n\t\t\t\t\t\t\t\t<div class=\"elementor-text-editor elementor-clearfix\">\n\t\t\t\t<div class=\"justifiedtext\">\n\n<img loading=\"lazy\" src=\"http:\/\/globalnavy.net\/wp-content\/uploads\/2018\/08\/marine__offshore_scaled.jpg\" alt=\"\" width=\"725\" height=\"150\" class=\"alignnone size-full wp-image-491\" srcset=\"https:\/\/globalnavy.net\/wp-content\/uploads\/2018\/08\/marine__offshore_scaled.jpg 725w, https:\/\/globalnavy.net\/wp-content\/uploads\/2018\/08\/marine__offshore_scaled-300x62.jpg 300w\" sizes=\"(max-width: 725px) 100vw, 725px\" \/>\n\n<p>S\u01a1n cho ng\u00e0nh h\u00e0ng h\u1ea3i l\u00e0 kh\u00f4ng th\u1ec3 thi\u1ebfu \u0111\u1ec3 c\u00f3 \u0111\u01b0\u1ee3c giao th\u00f4ng an to\u00e0n v\u00e0 hi\u1ec7u qu\u1ea3 c\u1ee7a t\u00e0u thuy\u1ec1n g\u1ed3m ph\u1ea7n l\u1edbn nh\u1ea5t c\u1ee7a h\u1eadu c\u1ea7n v\u1eadn t\u1ea3i kh\u1eafp th\u1ebf gi\u1edbi.<\/p>\n\n<p>Globalnavy ph\u00e1t tri\u1ec3n v\u00e0 s\u1ea3n xu\u1ea5t m\u1ed9t lo\u1ea1t c\u00e1c l\u1edbp ph\u1ee7 h\u00e0ng h\u1ea3i v\u00e0 ngo\u00e0i kh\u01a1i cho t\u1ea5t c\u1ea3 c\u00e1c khu v\u1ef1c c\u1ee7a t\u00e0u, t\u1eeb s\u01a1n ch\u1ed1ng b\u1ea9n \u0111\u1ec3 ng\u0103n ch\u1eb7n v\u1eadt b\u1ea9n b\u00e1m d\u00ednh v\u00e0o \u0111\u00e1y t\u00e0u, \u0111\u1ebfn c\u00e1c lo\u1ea1i s\u01a1n ph\u1ee7 ch\u1ed1ng \u0103n m\u00f2n \u0111\u1ec3 b\u1ea3o v\u1ec7 ballast, khoang ch\u1ee9a h\u00e0ng v\u00e0 b\u1ec3 ch\u1ee9a n\u01b0\u1edbc u\u1ed1ng kh\u1ecfi b\u1ecb \u0103n m\u00f2n, v\u00e0 c\u00e1c s\u01a1n b\u1ea3o v\u1ec7 cho k\u1ebft c\u1ea5u th\u01b0\u1ee3ng t\u1ea7ng v\u00e0 ph\u1ea7n n\u1ed5i tr\u00ean m\u1eb7t n\u01b0\u1edbc. M\u1ee5c ti\u00eau c\u1ee7a ch\u00fang t\u00f4i l\u00e0 gi\u1eef cho con t\u00e0u c\u1ee7a b\u1ea1n trong \u0111i\u1ec1u ki\u1ec7n t\u1ed1t, c\u1ea3 b\u00ean ngo\u00e0i v\u00e0 b\u00ean trong, trong su\u1ed1t tu\u1ed5i \u0111\u1eddi c\u1ee7a n\u00f3 t\u1eeb x\u01b0\u1edfng \u0111\u00f3ng t\u00e0u v\u00e0 qua nhi\u1ec1u n\u0103m ho\u1ea1t \u0111\u1ed9ng hi\u1ec7u qu\u1ea3.<\/p>\n\n<h2>Know More<\/h2>\n\n<div class=\"subsegment_list\">\n<ul>\n<li><a href=\"http:\/\/globalnavy.net\/vi\/cho-o\/\">Ch\u1ed7 \u1edf<\/a><\/li>\n<li><a href=\"http:\/\/globalnavy.net\/vi\/ket-cau-thuong-tang\/\">K\u1ebft c\u1ea5u th\u01b0\u1ee3ng t\u1ea7ng<\/a><\/li>\n<li><a href=\"http:\/\/globalnavy.net\/vi\/boong-tau\/\">Boong t\u00e0u<\/a><\/li>\n<li><a href=\"http:\/\/globalnavy.net\/vi\/cac-ket\/\">C\u00e1c k\u00e9t<\/a><\/li>\n<li><a href=\"http:\/\/globalnavy.net\/vi\/phan-noi-tren-mat-nuoc-cua-tau\/\">Ph\u1ea7n n\u1ed5i tr\u00ean m\u1eb7t n\u01b0\u1edbc c\u1ee7a t\u00e0u<\/a><\/li>\n<li><a href=\"http:\/\/globalnavy.net\/vi\/phan-than-tau-duoi-mat-nuoc-doc-va-phang\/\">Ph\u1ea7n th\u00e2n t\u00e0u d\u01b0\u1edbi m\u1eb7t n\u01b0\u1edbc (d\u1ecdc v\u00e0 ph\u1eb3ng)<\/a><\/li>\n<\/ul>\n<\/div>\n\n<h2>Downloads<\/h2>\n\n<a class=\"brochure_link\" href=\"http:\/\/globalnavy.net\/wp-content\/uploads\/2018\/10\/MO1_PROTECTIVE-COATINGS_PT_UK_FR_VN.pdf\" target=\"_blank\">Protective Coatings<\/a><a class=\"brochure_link\" href=\"http:\/\/globalnavy.net\/wp-content\/uploads\/2018\/10\/MO2_Painting-Scheme_UK_FR_VN.pdf\" target=\"_blank\">Painting Scheme<\/a><a class=\"brochure_link\" href=\"http:\/\/globalnavy.net\/wp-content\/uploads\/2018\/10\/MO3_GN101_ANTICORROSION_UK_FR_VN-1.pdf\" target=\"_blank\">Anticorrosion<\/a>\n<a class=\"brochure_link\" href=\"http:\/\/globalnavy.net\/wp-content\/uploads\/2018\/10\/MO4_CUI_1_2016_GLOBALNAVY_PT_UK_FR_VN.pdf\" target=\"_blank\">C.U.I.\n<\/a>\n<a class=\"brochure_link\" href=\"http:\/\/globalnavy.net\/wp\n-\ncontent\/uploads\/2021\/11\/Monofolha-101EP_12-v15.pdf\" target=\"_blank\">GN101EP Sheet\n<\/a>\n<\/div>\t\t\t\t\t<\/div>\n\t\t\t\t\t\t<\/div>\n\t\t\t\t<\/div>\n\t\t\t\t\t\t<\/div>\n\t\t\t\t\t<\/div>\n\t\t<\/div>\n\t\t\t\t\t\t\t\t<\/div>\n\t\t\t\t\t<\/div>\n\t\t<\/section>\n\t\t\t\t\t\t\t\t\t<\/div>\n\t\t\t<\/div>\n\t\t\t\t\t<\/div>\n\t\t","protected":false},"excerpt":{"rendered":"<p>S\u01a1n cho ng\u00e0nh h\u00e0ng h\u1ea3i l\u00e0 kh\u00f4ng th\u1ec3 thi\u1ebfu \u0111\u1ec3 c\u00f3 \u0111\u01b0\u1ee3c giao th\u00f4ng an to\u00e0n v\u00e0 hi\u1ec7u qu\u1ea3 c\u1ee7a t\u00e0u thuy\u1ec1n g\u1ed3m ph\u1ea7n l\u1edbn nh\u1ea5t c\u1ee7a h\u1eadu c\u1ea7n v\u1eadn t\u1ea3i kh\u1eafp th\u1ebf gi\u1edbi. Globalnavy ph\u00e1t tri\u1ec3n v\u00e0 s\u1ea3n xu\u1ea5t m\u1ed9t lo\u1ea1t c\u00e1c l\u1edbp ph\u1ee7 h\u00e0ng h\u1ea3i v\u00e0 ngo\u00e0i kh\u01a1i cho t\u1ea5t c\u1ea3 c\u00e1c khu &#8230; <a title=\"H\u00e0ng h\u1ea3i &#038; Ngo\u00e0i kh\u01a1i\" class=\"read-more\" href=\"https:\/\/globalnavy.net\/vi\/hang-hai-ngoai-khoi\/\" aria-label=\"More on H\u00e0ng h\u1ea3i &#038; Ngo\u00e0i kh\u01a1i\">Read more<\/a><\/p>\n","protected":false},"author":1,"featured_media":0,"parent":0,"menu_order":0,"comment_status":"closed","ping_status":"closed","template":"","meta":{"_mi_skip_tracking":false,"_exactmetrics_sitenote_active":false,"_exactmetrics_sitenote_note":"","_exactmetrics_sitenote_category":0},"_links":{"self":[{"href":"https:\/\/globalnavy.net\/vi\/wp-json\/wp\/v2\/pages\/1089"}],"collection":[{"href":"https:\/\/globalnavy.net\/vi\/wp-json\/wp\/v2\/pages"}],"about":[{"href":"https:\/\/globalnavy.net\/vi\/wp-json\/wp\/v2\/types\/page"}],"author":[{"embeddable":true,"href":"https:\/\/globalnavy.net\/vi\/wp-json\/wp\/v2\/users\/1"}],"replies":[{"embeddable":true,"href":"https:\/\/globalnavy.net\/vi\/wp-json\/wp\/v2\/comments?post=1089"}],"version-history":[{"count":5,"href":"https:\/\/globalnavy.net\/vi\/wp-json\/wp\/v2\/pages\/1089\/revisions"}],"predecessor-version":[{"id":4328,"href":"https:\/\/globalnavy.net\/vi\/wp-json\/wp\/v2\/pages\/1089\/revisions\/4328"}],"wp:attachment":[{"href":"https:\/\/globalnavy.net\/vi\/wp-json\/wp\/v2\/media?parent=1089"}],"curies":[{"name":"wp","href":"https:\/\/api.w.org\/{rel}","templated":true}]}}