
{"id":1091,"date":"2018-08-24T12:30:57","date_gmt":"2018-08-24T12:30:57","guid":{"rendered":"http:\/\/globalnavy.net\/cho-o\/"},"modified":"2018-08-24T12:31:20","modified_gmt":"2018-08-24T12:31:20","slug":"cho-o","status":"publish","type":"page","link":"https:\/\/globalnavy.net\/vi\/cho-o\/","title":{"rendered":"Ch\u1ed7 \u1edf"},"content":{"rendered":"<div class=\"justifiedtext\">\n<p>B\u1ec1 m\u1eb7t b\u00ean trong c\u1ee7a t\u00e0u ph\u1ea3i \u1edf trong \u0111i\u1ec1u ki\u1ec7n t\u1ed1t nh\u1ea5t v\u00ec l\u00e0 n\u01a1i \u1edf v\u00e0 l\u00e0m vi\u1ec7c c\u1ee7a th\u1ee7y th\u1ee7 \u0111o\u00e0n. V\u00ec l\u00fd do n\u00e0y v\u00e0 ngh\u0129 \u0111\u1ebfn s\u1ef1 tho\u1ea3i m\u00e1i c\u1ee7a nh\u1eefng ng\u01b0\u1eddi c\u01b0 ng\u1ee5, Globalnavy t\u1eadn t\u1ee5y thi\u1ebft k\u1ebf c\u00e1c l\u1edbp ph\u1ee7 c\u00f3 \u00fd \u0111\u1ecbnh b\u1ea3o v\u1ec7 hi\u1ec7u qu\u1ea3 v\u00e0 d\u1ec5 b\u1ea3o tr\u00ec.<\/p>\n<\/div>\n","protected":false},"excerpt":{"rendered":"<p>B\u1ec1 m\u1eb7t b\u00ean trong c\u1ee7a t\u00e0u ph\u1ea3i \u1edf trong \u0111i\u1ec1u ki\u1ec7n t\u1ed1t nh\u1ea5t v\u00ec l\u00e0 n\u01a1i \u1edf v\u00e0 l\u00e0m vi\u1ec7c c\u1ee7a th\u1ee7y th\u1ee7 \u0111o\u00e0n. V\u00ec l\u00fd do n\u00e0y v\u00e0 ngh\u0129 \u0111\u1ebfn s\u1ef1 tho\u1ea3i m\u00e1i c\u1ee7a nh\u1eefng ng\u01b0\u1eddi c\u01b0 ng\u1ee5, Globalnavy t\u1eadn t\u1ee5y thi\u1ebft k\u1ebf c\u00e1c l\u1edbp ph\u1ee7 c\u00f3 \u00fd \u0111\u1ecbnh b\u1ea3o v\u1ec7 hi\u1ec7u qu\u1ea3 v\u00e0 &#8230; <a title=\"Ch\u1ed7 \u1edf\" class=\"read-more\" href=\"https:\/\/globalnavy.net\/vi\/cho-o\/\" aria-label=\"More on Ch\u1ed7 \u1edf\">Read more<\/a><\/p>\n","protected":false},"author":1,"featured_media":0,"parent":0,"menu_order":0,"comment_status":"closed","ping_status":"closed","template":"","meta":{"_mi_skip_tracking":false,"_exactmetrics_sitenote_active":false,"_exactmetrics_sitenote_note":"","_exactmetrics_sitenote_category":0},"_links":{"self":[{"href":"https:\/\/globalnavy.net\/vi\/wp-json\/wp\/v2\/pages\/1091"}],"collection":[{"href":"https:\/\/globalnavy.net\/vi\/wp-json\/wp\/v2\/pages"}],"about":[{"href":"https:\/\/globalnavy.net\/vi\/wp-json\/wp\/v2\/types\/page"}],"author":[{"embeddable":true,"href":"https:\/\/globalnavy.net\/vi\/wp-json\/wp\/v2\/users\/1"}],"replies":[{"embeddable":true,"href":"https:\/\/globalnavy.net\/vi\/wp-json\/wp\/v2\/comments?post=1091"}],"version-history":[{"count":1,"href":"https:\/\/globalnavy.net\/vi\/wp-json\/wp\/v2\/pages\/1091\/revisions"}],"predecessor-version":[{"id":1092,"href":"https:\/\/globalnavy.net\/vi\/wp-json\/wp\/v2\/pages\/1091\/revisions\/1092"}],"wp:attachment":[{"href":"https:\/\/globalnavy.net\/vi\/wp-json\/wp\/v2\/media?parent=1091"}],"curies":[{"name":"wp","href":"https:\/\/api.w.org\/{rel}","templated":true}]}}