
{"id":1093,"date":"2018-08-24T12:34:43","date_gmt":"2018-08-24T12:34:43","guid":{"rendered":"http:\/\/globalnavy.net\/ket-cau-thuong-tang\/"},"modified":"2018-09-27T10:09:57","modified_gmt":"2018-09-27T10:09:57","slug":"ket-cau-thuong-tang","status":"publish","type":"page","link":"https:\/\/globalnavy.net\/vi\/ket-cau-thuong-tang\/","title":{"rendered":"K\u1ebft c\u1ea5u th\u01b0\u1ee3ng t\u1ea7ng"},"content":{"rendered":"\t\t<div data-elementor-type=\"wp-post\" data-elementor-id=\"1093\" class=\"elementor elementor-1093 elementor-197 elementor-bc-flex-widget\">\n\t\t\t\t\t\t<div class=\"elementor-inner\">\n\t\t\t\t<div class=\"elementor-section-wrap\">\n\t\t\t\t\t\t\t\t\t<section class=\"elementor-section elementor-top-section elementor-element elementor-element-2da9744 elementor-section-boxed elementor-section-height-default elementor-section-height-default\" data-id=\"2da9744\" data-element_type=\"section\">\n\t\t\t\t\t\t<div class=\"elementor-container elementor-column-gap-default\">\n\t\t\t\t\t\t\t<div class=\"elementor-row\">\n\t\t\t\t\t<div class=\"elementor-column elementor-col-100 elementor-top-column elementor-element elementor-element-fd07fd7\" data-id=\"fd07fd7\" data-element_type=\"column\">\n\t\t\t<div class=\"elementor-column-wrap elementor-element-populated\">\n\t\t\t\t\t\t\t<div class=\"elementor-widget-wrap\">\n\t\t\t\t\t\t<div class=\"elementor-element elementor-element-ba11dc3 elementor-widget elementor-widget-image\" data-id=\"ba11dc3\" data-element_type=\"widget\" data-widget_type=\"image.default\">\n\t\t\t\t<div class=\"elementor-widget-container\">\n\t\t\t\t\t\t\t\t<div class=\"elementor-image\">\n\t\t\t\t\t\t\t\t\t\t\t\t<img width=\"725\" height=\"150\" src=\"https:\/\/globalnavy.net\/wp-content\/uploads\/2018\/09\/superstructure_scaled_v2.jpg\" class=\"attachment-full size-full wp-image-1983\" alt=\"\" loading=\"lazy\" srcset=\"https:\/\/globalnavy.net\/wp-content\/uploads\/2018\/09\/superstructure_scaled_v2.jpg 725w, https:\/\/globalnavy.net\/wp-content\/uploads\/2018\/09\/superstructure_scaled_v2-300x62.jpg 300w\" sizes=\"(max-width: 725px) 100vw, 725px\" \/>\t\t\t\t\t\t\t\t\t\t\t\t\t\t<\/div>\n\t\t\t\t\t\t<\/div>\n\t\t\t\t<\/div>\n\t\t\t\t\t\t<\/div>\n\t\t\t\t\t<\/div>\n\t\t<\/div>\n\t\t\t\t\t\t\t\t<\/div>\n\t\t\t\t\t<\/div>\n\t\t<\/section>\n\t\t\t\t<section class=\"elementor-section elementor-top-section elementor-element elementor-element-3f0e27f8 elementor-section-boxed elementor-section-height-default elementor-section-height-default\" data-id=\"3f0e27f8\" data-element_type=\"section\">\n\t\t\t\t\t\t<div class=\"elementor-container elementor-column-gap-default\">\n\t\t\t\t\t\t\t<div class=\"elementor-row\">\n\t\t\t\t\t<div class=\"elementor-column elementor-col-100 elementor-top-column elementor-element elementor-element-2ff0d9ab\" data-id=\"2ff0d9ab\" data-element_type=\"column\">\n\t\t\t<div class=\"elementor-column-wrap elementor-element-populated\">\n\t\t\t\t\t\t\t<div class=\"elementor-widget-wrap\">\n\t\t\t\t\t\t<div class=\"elementor-element elementor-element-2c61ae00 elementor-widget elementor-widget-text-editor\" data-id=\"2c61ae00\" data-element_type=\"widget\" data-widget_type=\"text-editor.default\">\n\t\t\t\t<div class=\"elementor-widget-container\">\n\t\t\t\t\t\t\t\t<div class=\"elementor-text-editor elementor-clearfix\">\n\t\t\t\t<div class=\"justifiedtext\">\n<p>K\u1ebft c\u1ea5u c\u1ee7a t\u00e0u, FPSO ho\u1eb7c gi\u00e0n khoan xa b\u1edd, ph\u1ea3i ch\u1ecbu s\u1ef1 b\u1eafn t\u00f3e n\u01b0\u1edbc bi\u1ec3n c\u0169ng nh\u01b0 ph\u01a1i n\u1eafng v\u00e0 m\u01b0a.<\/p>\n<p>Globalnavy cung c\u1ea5p m\u1ed9t lo\u1ea1t c\u00e1c l\u1edbp ph\u1ee7 h\u00e0ng h\u1ea3i v\u00e0 ngo\u00e0i kh\u01a1i cho c\u00e1c h\u1ec7 s\u01a1n b\u1ea3o d\u01b0\u1ee1ng t\u1eeb c\u00e1c s\u1ea3n ph\u1ea9m m\u1ed9t th\u00e0nh ph\u1ea7n ho\u1eb7c hai th\u00e0nh ph\u1ea7n hi\u1ec7u su\u1ea5t cao. Vi\u1ec7c l\u1ef1a ch\u1ecdn ch\u00fang \u0111\u01b0\u1ee3c quy\u1ebft \u0111\u1ecbnh b\u1edfi hi\u1ec7u su\u1ea5t v\u00e0 t\u00ednh t\u01b0\u01a1ng th\u00edch \u0111\u01b0\u1ee3c y\u00eau c\u1ea7u v\u1edbi c\u00e1c h\u1ec7 s\u01a1n \u0111\u00e3 hi\u1ec7n di\u1ec7n tr\u00ean k\u1ebft c\u1ea5u th\u01b0\u1ee3ng t\u1ea7ng.<\/p>\n<\/div>\n\t\t\t\t\t<\/div>\n\t\t\t\t\t\t<\/div>\n\t\t\t\t<\/div>\n\t\t\t\t\t\t<\/div>\n\t\t\t\t\t<\/div>\n\t\t<\/div>\n\t\t\t\t\t\t\t\t<\/div>\n\t\t\t\t\t<\/div>\n\t\t<\/section>\n\t\t\t\t<section class=\"elementor-section elementor-top-section elementor-element elementor-element-13d53dc elementor-section-boxed elementor-section-height-default elementor-section-height-default\" data-id=\"13d53dc\" data-element_type=\"section\">\n\t\t\t\t\t\t<div class=\"elementor-container elementor-column-gap-default\">\n\t\t\t\t\t\t\t<div class=\"elementor-row\">\n\t\t\t\t\t<div class=\"elementor-column elementor-col-100 elementor-top-column elementor-element elementor-element-b87f094\" data-id=\"b87f094\" data-element_type=\"column\">\n\t\t\t<div class=\"elementor-column-wrap elementor-element-populated\">\n\t\t\t\t\t\t\t<div class=\"elementor-widget-wrap\">\n\t\t\t\t\t\t<div class=\"elementor-element elementor-element-86ea779 elementor-position-left elementor-view-default elementor-mobile-position-top elementor-vertical-align-top elementor-widget elementor-widget-icon-box\" data-id=\"86ea779\" data-element_type=\"widget\" data-widget_type=\"icon-box.default\">\n\t\t\t\t<div class=\"elementor-widget-container\">\n\t\t\t\t\t<div class=\"elementor-icon-box-wrapper\">\n\t\t\t\t\t\t<div class=\"elementor-icon-box-icon\">\n\t\t\t\t<span class=\"elementor-icon elementor-animation-\" >\n\t\t\t\t<i class=\"fa fa-check-circle\" aria-hidden=\"true\"><\/i>\t\t\t\t<\/span>\n\t\t\t<\/div>\n\t\t\t\t\t\t<div class=\"elementor-icon-box-content\">\n\t\t\t\t<h2 class=\"elementor-icon-box-title\">\n\t\t\t\t\t<span  >\n\t\t\t\t\t\tT\u1ea1i sao ch\u1ecdn l\u1edbp ph\u1ee7 Globalnavy?\t\t\t\t\t<\/span>\n\t\t\t\t<\/h2>\n\t\t\t\t\t\t\t\t\t<p class=\"elementor-icon-box-description\">\n\t\t\t\t\t\t<p>Globalnavy cung c\u1ea5p \u0111\u1ee7 lo\u1ea1i l\u1edbp ph\u1ee7 hi\u1ec7u su\u1ea5t cao, GlobalDur GN101, b\u1ea3o v\u1ec7 ch\u1ed1ng \u0103n m\u00f2n tuy\u1ec7t v\u1eddi: l\u1edbp ph\u1ee7 c\u1ee7a ch\u00fang t\u00f4i \u0111\u01b0\u1ee3c thi\u1ebft k\u1ebf \u0111\u1ec3 ch\u1ecbu \u0111\u1ef1ng, chuy\u1ec3n \u0111\u1ed5i, \u1ee9c ch\u1ebf v\u00e0 kh\u00f4ng dung m\u00f4i, gi\u1ea3m thi\u1ec3u chi ph\u00ed b\u1ea3o tr\u00ec; v\u00e0 l\u1edbp ho\u00e0n thi\u1ec7n hi\u1ec7u su\u1ea5t cao duy tr\u00ec h\u00ecnh d\u00e1ng th\u1ea9m m\u1ef9 t\u1ed1t c\u1ee7a t\u00e0u trong m\u1ed9t th\u1eddi gian d\u00e0i.<\/p>\n\t\t\t\t\t<\/p>\n\t\t\t\t\t\t\t<\/div>\n\t\t<\/div>\n\t\t\t\t<\/div>\n\t\t\t\t<\/div>\n\t\t\t\t\t\t<\/div>\n\t\t\t\t\t<\/div>\n\t\t<\/div>\n\t\t\t\t\t\t\t\t<\/div>\n\t\t\t\t\t<\/div>\n\t\t<\/section>\n\t\t\t\t\t\t\t\t\t<\/div>\n\t\t\t<\/div>\n\t\t\t\t\t<\/div>\n\t\t","protected":false},"excerpt":{"rendered":"<p>K\u1ebft c\u1ea5u c\u1ee7a t\u00e0u, FPSO ho\u1eb7c gi\u00e0n khoan xa b\u1edd, ph\u1ea3i ch\u1ecbu s\u1ef1 b\u1eafn t\u00f3e n\u01b0\u1edbc bi\u1ec3n c\u0169ng nh\u01b0 ph\u01a1i n\u1eafng v\u00e0 m\u01b0a. Globalnavy cung c\u1ea5p m\u1ed9t lo\u1ea1t c\u00e1c l\u1edbp ph\u1ee7 h\u00e0ng h\u1ea3i v\u00e0 ngo\u00e0i kh\u01a1i cho c\u00e1c h\u1ec7 s\u01a1n b\u1ea3o d\u01b0\u1ee1ng t\u1eeb c\u00e1c s\u1ea3n ph\u1ea9m m\u1ed9t th\u00e0nh ph\u1ea7n ho\u1eb7c hai th\u00e0nh ph\u1ea7n hi\u1ec7u su\u1ea5t &#8230; <a title=\"K\u1ebft c\u1ea5u th\u01b0\u1ee3ng t\u1ea7ng\" class=\"read-more\" href=\"https:\/\/globalnavy.net\/vi\/ket-cau-thuong-tang\/\" aria-label=\"More on K\u1ebft c\u1ea5u th\u01b0\u1ee3ng t\u1ea7ng\">Read more<\/a><\/p>\n","protected":false},"author":1,"featured_media":0,"parent":0,"menu_order":0,"comment_status":"closed","ping_status":"closed","template":"","meta":{"_mi_skip_tracking":false,"_exactmetrics_sitenote_active":false,"_exactmetrics_sitenote_note":"","_exactmetrics_sitenote_category":0},"_links":{"self":[{"href":"https:\/\/globalnavy.net\/vi\/wp-json\/wp\/v2\/pages\/1093"}],"collection":[{"href":"https:\/\/globalnavy.net\/vi\/wp-json\/wp\/v2\/pages"}],"about":[{"href":"https:\/\/globalnavy.net\/vi\/wp-json\/wp\/v2\/types\/page"}],"author":[{"embeddable":true,"href":"https:\/\/globalnavy.net\/vi\/wp-json\/wp\/v2\/users\/1"}],"replies":[{"embeddable":true,"href":"https:\/\/globalnavy.net\/vi\/wp-json\/wp\/v2\/comments?post=1093"}],"version-history":[{"count":2,"href":"https:\/\/globalnavy.net\/vi\/wp-json\/wp\/v2\/pages\/1093\/revisions"}],"predecessor-version":[{"id":1987,"href":"https:\/\/globalnavy.net\/vi\/wp-json\/wp\/v2\/pages\/1093\/revisions\/1987"}],"wp:attachment":[{"href":"https:\/\/globalnavy.net\/vi\/wp-json\/wp\/v2\/media?parent=1093"}],"curies":[{"name":"wp","href":"https:\/\/api.w.org\/{rel}","templated":true}]}}