
{"id":1097,"date":"2018-08-24T12:44:56","date_gmt":"2018-08-24T12:44:56","guid":{"rendered":"http:\/\/globalnavy.net\/cac-ket\/"},"modified":"2018-11-08T11:53:41","modified_gmt":"2018-11-08T11:53:41","slug":"cac-ket","status":"publish","type":"page","link":"https:\/\/globalnavy.net\/vi\/cac-ket\/","title":{"rendered":"C\u00e1c k\u00e9t"},"content":{"rendered":"\t\t<div data-elementor-type=\"wp-post\" data-elementor-id=\"1097\" class=\"elementor elementor-1097 elementor-325 elementor-bc-flex-widget\">\n\t\t\t\t\t\t<div class=\"elementor-inner\">\n\t\t\t\t<div class=\"elementor-section-wrap\">\n\t\t\t\t\t\t\t\t\t<section class=\"elementor-section elementor-top-section elementor-element elementor-element-3183e58 elementor-section-boxed elementor-section-height-default elementor-section-height-default\" data-id=\"3183e58\" data-element_type=\"section\">\n\t\t\t\t\t\t<div class=\"elementor-container elementor-column-gap-default\">\n\t\t\t\t\t\t\t<div class=\"elementor-row\">\n\t\t\t\t\t<div class=\"elementor-column elementor-col-100 elementor-top-column elementor-element elementor-element-5633080\" data-id=\"5633080\" data-element_type=\"column\">\n\t\t\t<div class=\"elementor-column-wrap elementor-element-populated\">\n\t\t\t\t\t\t\t<div class=\"elementor-widget-wrap\">\n\t\t\t\t\t\t<div class=\"elementor-element elementor-element-f85cd3a elementor-widget elementor-widget-image\" data-id=\"f85cd3a\" data-element_type=\"widget\" data-widget_type=\"image.default\">\n\t\t\t\t<div class=\"elementor-widget-container\">\n\t\t\t\t\t\t\t\t<div class=\"elementor-image\">\n\t\t\t\t\t\t\t\t\t\t\t\t<img width=\"725\" height=\"150\" src=\"https:\/\/globalnavy.net\/wp-content\/uploads\/2018\/09\/tanks_scaled_v2.jpg\" class=\"attachment-full size-full wp-image-2000\" alt=\"\" loading=\"lazy\" srcset=\"https:\/\/globalnavy.net\/wp-content\/uploads\/2018\/09\/tanks_scaled_v2.jpg 725w, https:\/\/globalnavy.net\/wp-content\/uploads\/2018\/09\/tanks_scaled_v2-300x62.jpg 300w\" sizes=\"(max-width: 725px) 100vw, 725px\" \/>\t\t\t\t\t\t\t\t\t\t\t\t\t\t<\/div>\n\t\t\t\t\t\t<\/div>\n\t\t\t\t<\/div>\n\t\t\t\t\t\t<\/div>\n\t\t\t\t\t<\/div>\n\t\t<\/div>\n\t\t\t\t\t\t\t\t<\/div>\n\t\t\t\t\t<\/div>\n\t\t<\/section>\n\t\t\t\t<section class=\"elementor-section elementor-top-section elementor-element elementor-element-bd765d1 elementor-section-boxed elementor-section-height-default elementor-section-height-default\" data-id=\"bd765d1\" data-element_type=\"section\">\n\t\t\t\t\t\t<div class=\"elementor-container elementor-column-gap-default\">\n\t\t\t\t\t\t\t<div class=\"elementor-row\">\n\t\t\t\t\t<div class=\"elementor-column elementor-col-100 elementor-top-column elementor-element elementor-element-6eee35c\" data-id=\"6eee35c\" data-element_type=\"column\">\n\t\t\t<div class=\"elementor-column-wrap elementor-element-populated\">\n\t\t\t\t\t\t\t<div class=\"elementor-widget-wrap\">\n\t\t\t\t\t\t<div class=\"elementor-element elementor-element-9ab4363 elementor-widget elementor-widget-text-editor\" data-id=\"9ab4363\" data-element_type=\"widget\" data-widget_type=\"text-editor.default\">\n\t\t\t\t<div class=\"elementor-widget-container\">\n\t\t\t\t\t\t\t\t<div class=\"elementor-text-editor elementor-clearfix\">\n\t\t\t\t<div class=\"justifiedtext\"><p>M\u1ed9t k\u1ebft c\u1ea5u k\u00e9t c\u1ee7a t\u00e0u, t\u00f9y thu\u1ed9c v\u00e0o m\u1ee5c \u0111\u00edch c\u1ee7a n\u00f3, ph\u1ea3i ch\u1ecbu m\u00f4i tr\u01b0\u1eddng \u0103n m\u00f2n cao, s\u1ee9c c\u0103ng c\u01a1 h\u1ecdc, m\u00e0i m\u00f2n v\u00e0\/ho\u1eb7c t\u00e1c \u0111\u1ed9ng h\u00f3a h\u1ecdc.<\/p><p>Globalnavy cung c\u1ea5p m\u1ed9t lo\u1ea1t c\u00e1c l\u1edbp ph\u1ee7 k\u00e9t ch\u1ed1ng \u0103n m\u00f2n hi\u1ec7u su\u1ea5t cao h\u00e0ng h\u1ea3i v\u00e0 ngo\u00e0i kh\u01a1i.<\/p><p>C\u00e1c s\u01a1n l\u00f3t epoxy c\u1ee7a ch\u00fang t\u00f4i c\u00f3 c\u00f4ng ngh\u1ec7 \u0111\u1ed9c \u0111\u00e1o th\u00f4ng qua c\u00f4ng ngh\u1ec7 \u1ee9c ch\u1ebf, ch\u1ecbu \u0111\u01b0\u1ee3c b\u1ec1 m\u1eb7t, kh\u00f4ng dung m\u00f4i v\u00e0 chuy\u1ec3n \u0111\u1ed5i. S\u1ef1 k\u1ebft h\u1ee3p c\u1ee7a c\u00f4ng ngh\u1ec7 chuy\u1ec3n \u0111\u1ed5i v\u1edbi kh\u00f4ng h\u1ea1n ch\u1ebf \u0111i\u1ec3m s\u01b0\u01a1ng cho ph\u00e9p l\u00e0 m\u1ed9t s\u1ea3n ph\u1ea9m \u0111\u1ed9c nh\u1ea5t v\u00f4 nh\u1ecb v\u1ec1 l\u1edbp ph\u1ee7 h\u00e0ng h\u1ea3i s\u1eed d\u1ee5ng vi\u1ec7c chu\u1ea9n b\u1ecb b\u1ec1 m\u1eb7t b\u1eb1ng b\u1eafn n\u01b0\u1edbc ho\u1eb7c \u01b0\u1edbt. B\u00ean c\u1ea1nh nh\u1eefng t\u00ednh ch\u1ea5t \u0111\u1ed9c \u0111\u00e1o n\u00e0y, phi\u00ean b\u1ea3n <a href=\"http:\/\/globalnavy.net\/vi\/gn101ep\/\">Globaldur GN101EP<\/a> kh\u00f4 c\u1ee9ng \u1edf nhi\u1ec7t \u0111\u1ed9 c\u1ef1c th\u1ea5p (xu\u1ed1ng \u0111\u1ebfn -10\u00b0C), v\u1edbi hi\u1ec7u su\u1ea5t cao ngay c\u1ea3 d\u01b0\u1edbi m\u00f4i tr\u01b0\u1eddng ng\u01b0ng t\u1ee5 li\u00ean t\u1ee5c.<\/p><\/div>\t\t\t\t\t<\/div>\n\t\t\t\t\t\t<\/div>\n\t\t\t\t<\/div>\n\t\t\t\t\t\t<\/div>\n\t\t\t\t\t<\/div>\n\t\t<\/div>\n\t\t\t\t\t\t\t\t<\/div>\n\t\t\t\t\t<\/div>\n\t\t<\/section>\n\t\t\t\t<section class=\"elementor-section elementor-top-section elementor-element elementor-element-db0c1b2 elementor-section-boxed elementor-section-height-default elementor-section-height-default\" data-id=\"db0c1b2\" data-element_type=\"section\">\n\t\t\t\t\t\t<div class=\"elementor-container elementor-column-gap-default\">\n\t\t\t\t\t\t\t<div class=\"elementor-row\">\n\t\t\t\t\t<div class=\"elementor-column elementor-col-100 elementor-top-column elementor-element elementor-element-56b2dd5\" data-id=\"56b2dd5\" data-element_type=\"column\">\n\t\t\t<div class=\"elementor-column-wrap elementor-element-populated\">\n\t\t\t\t\t\t\t<div class=\"elementor-widget-wrap\">\n\t\t\t\t\t\t<div class=\"elementor-element elementor-element-8909b35 elementor-position-left elementor-view-default elementor-mobile-position-top elementor-vertical-align-top elementor-widget elementor-widget-icon-box\" data-id=\"8909b35\" data-element_type=\"widget\" data-widget_type=\"icon-box.default\">\n\t\t\t\t<div class=\"elementor-widget-container\">\n\t\t\t\t\t<div class=\"elementor-icon-box-wrapper\">\n\t\t\t\t\t\t<div class=\"elementor-icon-box-icon\">\n\t\t\t\t<a class=\"elementor-icon elementor-animation-\" href=\"http:\/\/globalnavy.net\/vi\/ket-ballast\/\">\n\t\t\t\t<i class=\"fa fa-check-circle\" aria-hidden=\"true\"><\/i>\t\t\t\t<\/a>\n\t\t\t<\/div>\n\t\t\t\t\t\t<div class=\"elementor-icon-box-content\">\n\t\t\t\t<h2 class=\"elementor-icon-box-title\">\n\t\t\t\t\t<a href=\"http:\/\/globalnavy.net\/vi\/ket-ballast\/\" >\n\t\t\t\t\t\tK\u00e9t Ballast\t\t\t\t\t<\/a>\n\t\t\t\t<\/h2>\n\t\t\t\t\t\t\t<\/div>\n\t\t<\/div>\n\t\t\t\t<\/div>\n\t\t\t\t<\/div>\n\t\t\t\t\t\t<\/div>\n\t\t\t\t\t<\/div>\n\t\t<\/div>\n\t\t\t\t\t\t\t\t<\/div>\n\t\t\t\t\t<\/div>\n\t\t<\/section>\n\t\t\t\t<section class=\"elementor-section elementor-top-section elementor-element elementor-element-fbce8c4 elementor-section-boxed elementor-section-height-default elementor-section-height-default\" data-id=\"fbce8c4\" data-element_type=\"section\">\n\t\t\t\t\t\t<div class=\"elementor-container elementor-column-gap-default\">\n\t\t\t\t\t\t\t<div class=\"elementor-row\">\n\t\t\t\t\t<div class=\"elementor-column elementor-col-100 elementor-top-column elementor-element elementor-element-a53351c\" data-id=\"a53351c\" data-element_type=\"column\">\n\t\t\t<div class=\"elementor-column-wrap elementor-element-populated\">\n\t\t\t\t\t\t\t<div class=\"elementor-widget-wrap\">\n\t\t\t\t\t\t<div class=\"elementor-element elementor-element-700ee86 elementor-position-left elementor-view-default elementor-mobile-position-top elementor-vertical-align-top elementor-widget elementor-widget-icon-box\" data-id=\"700ee86\" data-element_type=\"widget\" data-widget_type=\"icon-box.default\">\n\t\t\t\t<div class=\"elementor-widget-container\">\n\t\t\t\t\t<div class=\"elementor-icon-box-wrapper\">\n\t\t\t\t\t\t<div class=\"elementor-icon-box-icon\">\n\t\t\t\t<a class=\"elementor-icon elementor-animation-\" href=\"http:\/\/globalnavy.net\/vi\/khoang-chua-hang-ket-hang\/\">\n\t\t\t\t<i class=\"fa fa-check-circle\" aria-hidden=\"true\"><\/i>\t\t\t\t<\/a>\n\t\t\t<\/div>\n\t\t\t\t\t\t<div class=\"elementor-icon-box-content\">\n\t\t\t\t<h2 class=\"elementor-icon-box-title\">\n\t\t\t\t\t<a href=\"http:\/\/globalnavy.net\/vi\/khoang-chua-hang-ket-hang\/\" >\n\t\t\t\t\t\tKhoang ch\u1ee9a h\u00e0ng & k\u00e9t h\u00e0ng\t\t\t\t\t<\/a>\n\t\t\t\t<\/h2>\n\t\t\t\t\t\t\t<\/div>\n\t\t<\/div>\n\t\t\t\t<\/div>\n\t\t\t\t<\/div>\n\t\t\t\t\t\t<\/div>\n\t\t\t\t\t<\/div>\n\t\t<\/div>\n\t\t\t\t\t\t\t\t<\/div>\n\t\t\t\t\t<\/div>\n\t\t<\/section>\n\t\t\t\t\t\t\t\t\t<\/div>\n\t\t\t<\/div>\n\t\t\t\t\t<\/div>\n\t\t","protected":false},"excerpt":{"rendered":"<p>M\u1ed9t k\u1ebft c\u1ea5u k\u00e9t c\u1ee7a t\u00e0u, t\u00f9y thu\u1ed9c v\u00e0o m\u1ee5c \u0111\u00edch c\u1ee7a n\u00f3, ph\u1ea3i ch\u1ecbu m\u00f4i tr\u01b0\u1eddng \u0103n m\u00f2n cao, s\u1ee9c c\u0103ng c\u01a1 h\u1ecdc, m\u00e0i m\u00f2n v\u00e0\/ho\u1eb7c t\u00e1c \u0111\u1ed9ng h\u00f3a h\u1ecdc. Globalnavy cung c\u1ea5p m\u1ed9t lo\u1ea1t c\u00e1c l\u1edbp ph\u1ee7 k\u00e9t ch\u1ed1ng \u0103n m\u00f2n hi\u1ec7u su\u1ea5t cao h\u00e0ng h\u1ea3i v\u00e0 ngo\u00e0i kh\u01a1i. C\u00e1c s\u01a1n l\u00f3t epoxy &#8230; <a title=\"C\u00e1c k\u00e9t\" class=\"read-more\" href=\"https:\/\/globalnavy.net\/vi\/cac-ket\/\" aria-label=\"More on C\u00e1c k\u00e9t\">Read more<\/a><\/p>\n","protected":false},"author":1,"featured_media":0,"parent":0,"menu_order":0,"comment_status":"closed","ping_status":"closed","template":"","meta":{"_mi_skip_tracking":false,"_exactmetrics_sitenote_active":false,"_exactmetrics_sitenote_note":"","_exactmetrics_sitenote_category":0},"_links":{"self":[{"href":"https:\/\/globalnavy.net\/vi\/wp-json\/wp\/v2\/pages\/1097"}],"collection":[{"href":"https:\/\/globalnavy.net\/vi\/wp-json\/wp\/v2\/pages"}],"about":[{"href":"https:\/\/globalnavy.net\/vi\/wp-json\/wp\/v2\/types\/page"}],"author":[{"embeddable":true,"href":"https:\/\/globalnavy.net\/vi\/wp-json\/wp\/v2\/users\/1"}],"replies":[{"embeddable":true,"href":"https:\/\/globalnavy.net\/vi\/wp-json\/wp\/v2\/comments?post=1097"}],"version-history":[{"count":5,"href":"https:\/\/globalnavy.net\/vi\/wp-json\/wp\/v2\/pages\/1097\/revisions"}],"predecessor-version":[{"id":2922,"href":"https:\/\/globalnavy.net\/vi\/wp-json\/wp\/v2\/pages\/1097\/revisions\/2922"}],"wp:attachment":[{"href":"https:\/\/globalnavy.net\/vi\/wp-json\/wp\/v2\/media?parent=1097"}],"curies":[{"name":"wp","href":"https:\/\/api.w.org\/{rel}","templated":true}]}}