
{"id":1099,"date":"2018-08-24T12:50:11","date_gmt":"2018-08-24T12:50:11","guid":{"rendered":"http:\/\/globalnavy.net\/ket-ballast\/"},"modified":"2018-10-31T17:45:57","modified_gmt":"2018-10-31T17:45:57","slug":"ket-ballast","status":"publish","type":"page","link":"https:\/\/globalnavy.net\/vi\/ket-ballast\/","title":{"rendered":"K\u00e9t Ballast"},"content":{"rendered":"\t\t<div data-elementor-type=\"wp-post\" data-elementor-id=\"1099\" class=\"elementor elementor-1099 elementor-333 elementor-bc-flex-widget\">\n\t\t\t\t\t\t<div class=\"elementor-inner\">\n\t\t\t\t<div class=\"elementor-section-wrap\">\n\t\t\t\t\t\t\t\t\t<section class=\"elementor-section elementor-top-section elementor-element elementor-element-e627611 elementor-section-boxed elementor-section-height-default elementor-section-height-default\" data-id=\"e627611\" data-element_type=\"section\">\n\t\t\t\t\t\t<div class=\"elementor-container elementor-column-gap-default\">\n\t\t\t\t\t\t\t<div class=\"elementor-row\">\n\t\t\t\t\t<div class=\"elementor-column elementor-col-100 elementor-top-column elementor-element elementor-element-34931ff\" data-id=\"34931ff\" data-element_type=\"column\">\n\t\t\t<div class=\"elementor-column-wrap elementor-element-populated\">\n\t\t\t\t\t\t\t<div class=\"elementor-widget-wrap\">\n\t\t\t\t\t\t<div class=\"elementor-element elementor-element-40e3b82 elementor-widget elementor-widget-image\" data-id=\"40e3b82\" data-element_type=\"widget\" data-widget_type=\"image.default\">\n\t\t\t\t<div class=\"elementor-widget-container\">\n\t\t\t\t\t\t\t\t<div class=\"elementor-image\">\n\t\t\t\t\t\t\t\t\t\t\t\t<img width=\"725\" height=\"150\" src=\"https:\/\/globalnavy.net\/wp-content\/uploads\/2018\/08\/ballast_tank_scaled.jpg\" class=\"attachment-full size-full wp-image-501\" alt=\"\" loading=\"lazy\" srcset=\"https:\/\/globalnavy.net\/wp-content\/uploads\/2018\/08\/ballast_tank_scaled.jpg 725w, https:\/\/globalnavy.net\/wp-content\/uploads\/2018\/08\/ballast_tank_scaled-300x62.jpg 300w\" sizes=\"(max-width: 725px) 100vw, 725px\" \/>\t\t\t\t\t\t\t\t\t\t\t\t\t\t<\/div>\n\t\t\t\t\t\t<\/div>\n\t\t\t\t<\/div>\n\t\t\t\t\t\t<\/div>\n\t\t\t\t\t<\/div>\n\t\t<\/div>\n\t\t\t\t\t\t\t\t<\/div>\n\t\t\t\t\t<\/div>\n\t\t<\/section>\n\t\t\t\t<section class=\"elementor-section elementor-top-section elementor-element elementor-element-b26673d elementor-section-boxed elementor-section-height-default elementor-section-height-default\" data-id=\"b26673d\" data-element_type=\"section\">\n\t\t\t\t\t\t<div class=\"elementor-container elementor-column-gap-default\">\n\t\t\t\t\t\t\t<div class=\"elementor-row\">\n\t\t\t\t\t<div class=\"elementor-column elementor-col-100 elementor-top-column elementor-element elementor-element-cb09b82\" data-id=\"cb09b82\" data-element_type=\"column\">\n\t\t\t<div class=\"elementor-column-wrap elementor-element-populated\">\n\t\t\t\t\t\t\t<div class=\"elementor-widget-wrap\">\n\t\t\t\t\t\t<div class=\"elementor-element elementor-element-6454ec9 elementor-widget elementor-widget-text-editor\" data-id=\"6454ec9\" data-element_type=\"widget\" data-widget_type=\"text-editor.default\">\n\t\t\t\t<div class=\"elementor-widget-container\">\n\t\t\t\t\t\t\t\t<div class=\"elementor-text-editor elementor-clearfix\">\n\t\t\t\t<div class=\"justifiedtext\">\n<p>Ballast n\u00f3i chung l\u00e0 n\u01b0\u1edbc bi\u1ec3n \u0111\u1ec3 cung c\u1ea5p s\u1ef1 \u1ed5n \u0111\u1ecbnh \u0111\u1ea7y \u0111\u1ee7 cho c\u00e1c t\u00e0u tr\u00ean bi\u1ec3n. Ballast \u0111\u01b0\u1ee3c s\u1eed d\u1ee5ng \u0111\u1ec3 c\u00e2n t\u00e0u xu\u1ed1ng v\u00e0 h\u1ea1 th\u1ea5p tr\u1ecdng t\u00e2m c\u1ee7a n\u00f3.<\/p>\n<p>T\u00f9y v\u00e0o lo\u1ea1i t\u00e0u, c\u00e1c b\u1ec3 ch\u1ee9a c\u00f3 th\u1ec3 l\u00e0 \u0111\u00e1y k\u00e9p (tr\u1ea3i d\u00e0i tr\u00ean b\u1ec1 r\u1ed9ng c\u1ee7a t\u00e0u), c\u00e1c b\u1ec3 c\u00e1nh (n\u1eb1m tr\u00ean khu v\u1ef1c ph\u00eda ngo\u00e0i t\u00e0u t\u1eeb s\u1ed1ng t\u00e0u \u0111\u1ebfn boong) ho\u1eb7c b\u1ec3 ph\u1ec5u (chi\u1ebfm ph\u1ea7n g\u00f3c tr\u00ean gi\u1eefa th\u00e2n t\u00e0u v\u00e0 boong ch\u00ednh).<\/p>\n<p>\u0110i\u1ec1u ki\u1ec7n c\u1ee7a c\u00e1c k\u00e9t ballast c\u0169ng x\u00e1c \u0111\u1ecbnh tu\u1ed5i th\u1ecd c\u1ee7a t\u00e0u v\u00e0 m\u1ed9t h\u1ec7 s\u01a1n b\u1ec3 \u0111\u00fang c\u00f3 th\u1ec3 c\u00f3 t\u00e1c \u0111\u1ed9ng \u0111\u00e1ng k\u1ec3 \u0111\u1ebfn t\u00ednh to\u00e0n v\u1eb9n c\u1ea5u tr\u00fac c\u1ee7a t\u00e0u v\u00e0 l\u1ee3i \u00edch ho\u1ea1t \u0111\u1ed9ng c\u1ee7a n\u00f3.<\/p>\n<\/div>\n\t\t\t\t\t<\/div>\n\t\t\t\t\t\t<\/div>\n\t\t\t\t<\/div>\n\t\t\t\t\t\t<\/div>\n\t\t\t\t\t<\/div>\n\t\t<\/div>\n\t\t\t\t\t\t\t\t<\/div>\n\t\t\t\t\t<\/div>\n\t\t<\/section>\n\t\t\t\t<section class=\"elementor-section elementor-top-section elementor-element elementor-element-0829fc5 elementor-section-boxed elementor-section-height-default elementor-section-height-default\" data-id=\"0829fc5\" data-element_type=\"section\">\n\t\t\t\t\t\t<div class=\"elementor-container elementor-column-gap-default\">\n\t\t\t\t\t\t\t<div class=\"elementor-row\">\n\t\t\t\t\t<div class=\"elementor-column elementor-col-100 elementor-top-column elementor-element elementor-element-4870fb0\" data-id=\"4870fb0\" data-element_type=\"column\">\n\t\t\t<div class=\"elementor-column-wrap elementor-element-populated\">\n\t\t\t\t\t\t\t<div class=\"elementor-widget-wrap\">\n\t\t\t\t\t\t<div class=\"elementor-element elementor-element-e2886fc elementor-position-left elementor-view-default elementor-mobile-position-top elementor-vertical-align-top elementor-widget elementor-widget-icon-box\" data-id=\"e2886fc\" data-element_type=\"widget\" data-widget_type=\"icon-box.default\">\n\t\t\t\t<div class=\"elementor-widget-container\">\n\t\t\t\t\t<div class=\"elementor-icon-box-wrapper\">\n\t\t\t\t\t\t<div class=\"elementor-icon-box-icon\">\n\t\t\t\t<span class=\"elementor-icon elementor-animation-\" >\n\t\t\t\t<i class=\"fa fa-check-circle\" aria-hidden=\"true\"><\/i>\t\t\t\t<\/span>\n\t\t\t<\/div>\n\t\t\t\t\t\t<div class=\"elementor-icon-box-content\">\n\t\t\t\t<h2 class=\"elementor-icon-box-title\">\n\t\t\t\t\t<span  >\n\t\t\t\t\t\tT\u1ea1i sao ch\u1ecdn l\u1edbp ph\u1ee7 Globalnavy?\t\t\t\t\t<\/span>\n\t\t\t\t<\/h2>\n\t\t\t\t\t\t\t\t\t<p class=\"elementor-icon-box-description\">\n\t\t\t\t\t\t<p>Globalnavy, b\u1eb1ng c\u00e1ch ph\u00e1t tri\u1ec3n lo\u1ea1i s\u01a1n l\u00f3t epoxy Globaldur GN101, thi\u1ebft k\u1ebf c\u00e1c h\u1ec7 s\u01a1n \u0111\u1ea3m b\u1ea3o b\u1ea3o v\u1ec7 ch\u1ed1ng \u0103n m\u00f2n tuy\u1ec7t v\u1eddi trong th\u1eddi gian ho\u1ea1t \u0111\u1ed9ng c\u1ee7a b\u1ec3. S\u1ef1 b\u1ea3o v\u1ec7 n\u00e0y l\u00e0 do s\u1ef1 k\u1ebft h\u1ee3p c\u00e1c t\u00ednh ch\u1ea5t \u0111\u1ed9c \u0111\u00e1o c\u1ee7a n\u00f3 (hi\u1ec7u su\u1ea5t ch\u1ed1ng \u0103n m\u00f2n cao, kh\u00f4ng \u0111i\u1ec3m s\u01b0\u01a1ng, kh\u00f4ng dung m\u00f4i, b\u00e1m d\u00ednh c\u1ea1nh cao, c\u00f4ng ngh\u1ec7 chuy\u1ec3n \u0111\u1ed5i v\u00e0 \u1ee9c ch\u1ebf), th\u00eam v\u00e0o \u0111\u00f3 n\u00f3 c\u00f3 th\u1ec3 \u0111\u01b0\u1ee3c \u00e1p d\u1ee5ng cho th\u00e9p v\u1edbi c\u1ea5p \u0111\u1ed9 nhi\u1ec5m b\u1ea9n do vi\u1ec7c s\u1eed d\u1ee5ng c\u00e1c quy tr\u00ecnh x\u1eed l\u00fd b\u1ec1 m\u1eb7t nh\u01b0 phun\/r\u1eeda, b\u1eafn n\u01b0\u1edbc ho\u1eb7c \u01b0\u1edbt.<\/p>\n<p>Vi\u1ec7c \u00e1p d\u1ee5ng d\u1ec5 d\u00e0ng c\u00e1c l\u1edbp s\u01a1n l\u00f3t c\u1ee7a ch\u00fang t\u00f4i cho ph\u00e9p kh\u00f4 nhanh trong c\u00e1c \u0111i\u1ec1u ki\u1ec7n m\u00f4i tr\u01b0\u1eddng kh\u00e1c nhau nh\u1ea5t (nhi\u1ec7t \u0111\u1ed9 th\u1ea5p v\u00e0 cao, \u0111\u1ed9 \u1ea9m c\u1ef1c \u0111\u1ed9\/d\u01b0\u1edbi \u0111i\u1ec3m s\u01b0\u01a1ng) v\u00e0 trong c\u00e1c x\u1eed l\u00fd b\u1ec1 m\u1eb7t \u0111a d\u1ea1ng nh\u1ea5t (x\u1eed l\u00fd c\u01a1 h\u1ecdc, phun\/r\u1eeda, b\u1eafn n\u01b0\u1edbc v\u00e0 b\u1eafn \u01b0\u1edbt);<\/p>\n<p>\u1ea2nh h\u01b0\u1edfng \u0111\u1ebfn m\u00f4i tr\u01b0\u1eddng gi\u1ea3m \u0111\u00e1ng k\u1ec3 khi ch\u00fang t\u00f4i s\u1ea3n xu\u1ea5t lo\u1ea1i s\u01a1n l\u00f3t, GlobalDur GN101, v\u1edbi c\u00f4ng ngh\u1ec7 xanh (kh\u00f4ng dung m\u00f4i, s\u1eed d\u1ee5ng b\u1eafn n\u01b0\u1edbc ho\u1eb7c b\u1eafn \u01b0\u1edbt trong x\u1eed l\u00fd b\u1ec1 m\u1eb7t).<\/p>\n\t\t\t\t\t<\/p>\n\t\t\t\t\t\t\t<\/div>\n\t\t<\/div>\n\t\t\t\t<\/div>\n\t\t\t\t<\/div>\n\t\t\t\t\t\t<\/div>\n\t\t\t\t\t<\/div>\n\t\t<\/div>\n\t\t\t\t\t\t\t\t<\/div>\n\t\t\t\t\t<\/div>\n\t\t<\/section>\n\t\t\t\t<section class=\"elementor-section elementor-top-section elementor-element elementor-element-a075e45 elementor-section-boxed elementor-section-height-default elementor-section-height-default\" data-id=\"a075e45\" data-element_type=\"section\">\n\t\t\t\t\t\t<div class=\"elementor-container elementor-column-gap-default\">\n\t\t\t\t\t\t\t<div class=\"elementor-row\">\n\t\t\t\t\t<div class=\"elementor-column elementor-col-100 elementor-top-column elementor-element elementor-element-a07d75d\" data-id=\"a07d75d\" data-element_type=\"column\">\n\t\t\t<div class=\"elementor-column-wrap elementor-element-populated\">\n\t\t\t\t\t\t\t<div class=\"elementor-widget-wrap\">\n\t\t\t\t\t\t<div class=\"elementor-element elementor-element-542a6fe elementor-position-left elementor-view-default elementor-mobile-position-top elementor-vertical-align-top elementor-widget elementor-widget-icon-box\" data-id=\"542a6fe\" data-element_type=\"widget\" data-widget_type=\"icon-box.default\">\n\t\t\t\t<div class=\"elementor-widget-container\">\n\t\t\t\t\t<div class=\"elementor-icon-box-wrapper\">\n\t\t\t\t\t\t<div class=\"elementor-icon-box-icon\">\n\t\t\t\t<span class=\"elementor-icon elementor-animation-\" >\n\t\t\t\t<i class=\"fa fa-thumbs-up\" aria-hidden=\"true\"><\/i>\t\t\t\t<\/span>\n\t\t\t<\/div>\n\t\t\t\t\t\t<div class=\"elementor-icon-box-content\">\n\t\t\t\t<h2 class=\"elementor-icon-box-title\">\n\t\t\t\t\t<span  >\n\t\t\t\t\t\tH\u1ec7 th\u1ed1ng \u0111\u1ec1 ngh\u1ecb\t\t\t\t\t<\/span>\n\t\t\t\t<\/h2>\n\t\t\t\t\t\t\t\t\t<p class=\"elementor-icon-box-description\">\n\t\t\t\t\t\t<p>GlobalDur HASTIE_INT (<a href=\"http:\/\/globalnavy.net\/vi\/gn101lcep\/\">GN 101LCEP<\/a>)<\/p>\n\t\t\t\t\t<\/p>\n\t\t\t\t\t\t\t<\/div>\n\t\t<\/div>\n\t\t\t\t<\/div>\n\t\t\t\t<\/div>\n\t\t\t\t\t\t<\/div>\n\t\t\t\t\t<\/div>\n\t\t<\/div>\n\t\t\t\t\t\t\t\t<\/div>\n\t\t\t\t\t<\/div>\n\t\t<\/section>\n\t\t\t\t<section class=\"elementor-section elementor-top-section elementor-element elementor-element-46ef497 elementor-section-boxed elementor-section-height-default elementor-section-height-default\" data-id=\"46ef497\" data-element_type=\"section\">\n\t\t\t\t\t\t<div class=\"elementor-container elementor-column-gap-default\">\n\t\t\t\t\t\t\t<div class=\"elementor-row\">\n\t\t\t\t\t<div class=\"elementor-column elementor-col-100 elementor-top-column elementor-element elementor-element-c4a3c1d\" data-id=\"c4a3c1d\" data-element_type=\"column\">\n\t\t\t<div class=\"elementor-column-wrap elementor-element-populated\">\n\t\t\t\t\t\t\t<div class=\"elementor-widget-wrap\">\n\t\t\t\t\t\t<div class=\"elementor-element elementor-element-5c0c117 elementor-position-left elementor-view-default elementor-mobile-position-top elementor-vertical-align-top elementor-widget elementor-widget-icon-box\" data-id=\"5c0c117\" data-element_type=\"widget\" data-widget_type=\"icon-box.default\">\n\t\t\t\t<div class=\"elementor-widget-container\">\n\t\t\t\t\t<div class=\"elementor-icon-box-wrapper\">\n\t\t\t\t\t\t<div class=\"elementor-icon-box-icon\">\n\t\t\t\t<a class=\"elementor-icon elementor-animation-\" href=\"\/?page_id=83\">\n\t\t\t\t<i class=\"fa fa-phone\" aria-hidden=\"true\"><\/i>\t\t\t\t<\/a>\n\t\t\t<\/div>\n\t\t\t\t\t\t<div class=\"elementor-icon-box-content\">\n\t\t\t\t<h2 class=\"elementor-icon-box-title\">\n\t\t\t\t\t<a href=\"\/?page_id=83\" >\n\t\t\t\t\t\tContact Us\t\t\t\t\t<\/a>\n\t\t\t\t<\/h2>\n\t\t\t\t\t\t\t\t\t<p class=\"elementor-icon-box-description\">\n\t\t\t\t\t\t<p>On how to select the right anti-corrosive coating system for your case.<\/p>\n\t\t\t\t\t<\/p>\n\t\t\t\t\t\t\t<\/div>\n\t\t<\/div>\n\t\t\t\t<\/div>\n\t\t\t\t<\/div>\n\t\t\t\t\t\t<\/div>\n\t\t\t\t\t<\/div>\n\t\t<\/div>\n\t\t\t\t\t\t\t\t<\/div>\n\t\t\t\t\t<\/div>\n\t\t<\/section>\n\t\t\t\t\t\t\t\t\t<\/div>\n\t\t\t<\/div>\n\t\t\t\t\t<\/div>\n\t\t","protected":false},"excerpt":{"rendered":"<p>Ballast n\u00f3i chung l\u00e0 n\u01b0\u1edbc bi\u1ec3n \u0111\u1ec3 cung c\u1ea5p s\u1ef1 \u1ed5n \u0111\u1ecbnh \u0111\u1ea7y \u0111\u1ee7 cho c\u00e1c t\u00e0u tr\u00ean bi\u1ec3n. Ballast \u0111\u01b0\u1ee3c s\u1eed d\u1ee5ng \u0111\u1ec3 c\u00e2n t\u00e0u xu\u1ed1ng v\u00e0 h\u1ea1 th\u1ea5p tr\u1ecdng t\u00e2m c\u1ee7a n\u00f3. T\u00f9y v\u00e0o lo\u1ea1i t\u00e0u, c\u00e1c b\u1ec3 ch\u1ee9a c\u00f3 th\u1ec3 l\u00e0 \u0111\u00e1y k\u00e9p (tr\u1ea3i d\u00e0i tr\u00ean b\u1ec1 r\u1ed9ng c\u1ee7a t\u00e0u), c\u00e1c b\u1ec3 &#8230; <a title=\"K\u00e9t Ballast\" class=\"read-more\" href=\"https:\/\/globalnavy.net\/vi\/ket-ballast\/\" aria-label=\"More on K\u00e9t Ballast\">Read more<\/a><\/p>\n","protected":false},"author":1,"featured_media":0,"parent":0,"menu_order":0,"comment_status":"closed","ping_status":"closed","template":"","meta":{"_mi_skip_tracking":false,"_exactmetrics_sitenote_active":false,"_exactmetrics_sitenote_note":"","_exactmetrics_sitenote_category":0},"_links":{"self":[{"href":"https:\/\/globalnavy.net\/vi\/wp-json\/wp\/v2\/pages\/1099"}],"collection":[{"href":"https:\/\/globalnavy.net\/vi\/wp-json\/wp\/v2\/pages"}],"about":[{"href":"https:\/\/globalnavy.net\/vi\/wp-json\/wp\/v2\/types\/page"}],"author":[{"embeddable":true,"href":"https:\/\/globalnavy.net\/vi\/wp-json\/wp\/v2\/users\/1"}],"replies":[{"embeddable":true,"href":"https:\/\/globalnavy.net\/vi\/wp-json\/wp\/v2\/comments?post=1099"}],"version-history":[{"count":3,"href":"https:\/\/globalnavy.net\/vi\/wp-json\/wp\/v2\/pages\/1099\/revisions"}],"predecessor-version":[{"id":2847,"href":"https:\/\/globalnavy.net\/vi\/wp-json\/wp\/v2\/pages\/1099\/revisions\/2847"}],"wp:attachment":[{"href":"https:\/\/globalnavy.net\/vi\/wp-json\/wp\/v2\/media?parent=1099"}],"curies":[{"name":"wp","href":"https:\/\/api.w.org\/{rel}","templated":true}]}}