
{"id":1101,"date":"2018-08-24T12:56:24","date_gmt":"2018-08-24T12:56:24","guid":{"rendered":"http:\/\/globalnavy.net\/khoang-chua-hang-ket-hang\/"},"modified":"2018-10-31T17:51:28","modified_gmt":"2018-10-31T17:51:28","slug":"khoang-chua-hang-ket-hang","status":"publish","type":"page","link":"https:\/\/globalnavy.net\/vi\/khoang-chua-hang-ket-hang\/","title":{"rendered":"Khoang ch\u1ee9a h\u00e0ng &#038; k\u00e9t h\u00e0ng"},"content":{"rendered":"\t\t<div data-elementor-type=\"wp-post\" data-elementor-id=\"1101\" class=\"elementor elementor-1101 elementor-337 elementor-bc-flex-widget\">\n\t\t\t\t\t\t<div class=\"elementor-inner\">\n\t\t\t\t<div class=\"elementor-section-wrap\">\n\t\t\t\t\t\t\t\t\t<section class=\"elementor-section elementor-top-section elementor-element elementor-element-91c1cf7 elementor-section-boxed elementor-section-height-default elementor-section-height-default\" data-id=\"91c1cf7\" data-element_type=\"section\">\n\t\t\t\t\t\t<div class=\"elementor-container elementor-column-gap-default\">\n\t\t\t\t\t\t\t<div class=\"elementor-row\">\n\t\t\t\t\t<div class=\"elementor-column elementor-col-100 elementor-top-column elementor-element elementor-element-b2b4991\" data-id=\"b2b4991\" data-element_type=\"column\">\n\t\t\t<div class=\"elementor-column-wrap elementor-element-populated\">\n\t\t\t\t\t\t\t<div class=\"elementor-widget-wrap\">\n\t\t\t\t\t\t<div class=\"elementor-element elementor-element-5ef7386 elementor-widget elementor-widget-image\" data-id=\"5ef7386\" data-element_type=\"widget\" data-widget_type=\"image.default\">\n\t\t\t\t<div class=\"elementor-widget-container\">\n\t\t\t\t\t\t\t\t<div class=\"elementor-image\">\n\t\t\t\t\t\t\t\t\t\t\t\t<img width=\"725\" height=\"150\" src=\"https:\/\/globalnavy.net\/wp-content\/uploads\/2018\/08\/cargo_holds__cargo_tanks_scaled.jpg\" class=\"attachment-full size-full wp-image-517\" alt=\"\" loading=\"lazy\" srcset=\"https:\/\/globalnavy.net\/wp-content\/uploads\/2018\/08\/cargo_holds__cargo_tanks_scaled.jpg 725w, https:\/\/globalnavy.net\/wp-content\/uploads\/2018\/08\/cargo_holds__cargo_tanks_scaled-300x62.jpg 300w\" sizes=\"(max-width: 725px) 100vw, 725px\" \/>\t\t\t\t\t\t\t\t\t\t\t\t\t\t<\/div>\n\t\t\t\t\t\t<\/div>\n\t\t\t\t<\/div>\n\t\t\t\t\t\t<\/div>\n\t\t\t\t\t<\/div>\n\t\t<\/div>\n\t\t\t\t\t\t\t\t<\/div>\n\t\t\t\t\t<\/div>\n\t\t<\/section>\n\t\t\t\t<section class=\"elementor-section elementor-top-section elementor-element elementor-element-b26673d elementor-section-boxed elementor-section-height-default elementor-section-height-default\" data-id=\"b26673d\" data-element_type=\"section\">\n\t\t\t\t\t\t<div class=\"elementor-container elementor-column-gap-default\">\n\t\t\t\t\t\t\t<div class=\"elementor-row\">\n\t\t\t\t\t<div class=\"elementor-column elementor-col-100 elementor-top-column elementor-element elementor-element-cb09b82\" data-id=\"cb09b82\" data-element_type=\"column\">\n\t\t\t<div class=\"elementor-column-wrap elementor-element-populated\">\n\t\t\t\t\t\t\t<div class=\"elementor-widget-wrap\">\n\t\t\t\t\t\t<div class=\"elementor-element elementor-element-6454ec9 elementor-widget elementor-widget-text-editor\" data-id=\"6454ec9\" data-element_type=\"widget\" data-widget_type=\"text-editor.default\">\n\t\t\t\t<div class=\"elementor-widget-container\">\n\t\t\t\t\t\t\t\t<div class=\"elementor-text-editor elementor-clearfix\">\n\t\t\t\t<div class=\"justifiedtext\">\n<p>C\u00e1c k\u00e9t h\u00e0ng ch\u1ee9a h\u00e0ng h\u00f3a \u0111\u01b0\u1ee3c \u0111\u00f3ng g\u00f3i trong c\u00e1c th\u00f9ng th\u01b0a, ki\u1ec7n, trong s\u1ed1 nh\u1eefng th\u1ee9 kh\u00e1c, kh\u00f4ng \u0111\u01b0\u1ee3c \u0111\u00f3ng g\u00f3i \u0111\u01b0\u1ee3c bi\u1ebft \u0111\u1ebfn nh\u01b0 h\u00e0ng r\u1eddi v\u00e0 ph\u1ea3i ch\u1ecbu c\u00e1c \u0111i\u1ec1u ki\u1ec7n x\u00e2m th\u1ef1c trong qu\u00e1 tr\u00ecnh ph\u1ee5c v\u1ee5 do m\u00e0i m\u00f2n b\u1edfi ho\u1ea1t \u0111\u1ed9ng ch\u1ea5t h\u00e0ng v\u00e0 d\u1ee1 h\u00e0ng v\u00e0 c\u0169ng c\u00f3 th\u1ec3 d\u1eabn \u0111\u1ebfn t\u1ea5n c\u00f4ng h\u00f3a h\u1ecdc trong tr\u01b0\u1eddng h\u1ee3p h\u00e0ng h\u00f3a ch\u1ea5t.<\/p>\n<\/div>\n\t\t\t\t\t<\/div>\n\t\t\t\t\t\t<\/div>\n\t\t\t\t<\/div>\n\t\t\t\t\t\t<\/div>\n\t\t\t\t\t<\/div>\n\t\t<\/div>\n\t\t\t\t\t\t\t\t<\/div>\n\t\t\t\t\t<\/div>\n\t\t<\/section>\n\t\t\t\t<section class=\"elementor-section elementor-top-section elementor-element elementor-element-0829fc5 elementor-section-boxed elementor-section-height-default elementor-section-height-default\" data-id=\"0829fc5\" data-element_type=\"section\">\n\t\t\t\t\t\t<div class=\"elementor-container elementor-column-gap-default\">\n\t\t\t\t\t\t\t<div class=\"elementor-row\">\n\t\t\t\t\t<div class=\"elementor-column elementor-col-100 elementor-top-column elementor-element elementor-element-4870fb0\" data-id=\"4870fb0\" data-element_type=\"column\">\n\t\t\t<div class=\"elementor-column-wrap elementor-element-populated\">\n\t\t\t\t\t\t\t<div class=\"elementor-widget-wrap\">\n\t\t\t\t\t\t<div class=\"elementor-element elementor-element-e2886fc elementor-position-left elementor-view-default elementor-mobile-position-top elementor-vertical-align-top elementor-widget elementor-widget-icon-box\" data-id=\"e2886fc\" data-element_type=\"widget\" data-widget_type=\"icon-box.default\">\n\t\t\t\t<div class=\"elementor-widget-container\">\n\t\t\t\t\t<div class=\"elementor-icon-box-wrapper\">\n\t\t\t\t\t\t<div class=\"elementor-icon-box-icon\">\n\t\t\t\t<span class=\"elementor-icon elementor-animation-\" >\n\t\t\t\t<i class=\"fa fa-check-circle\" aria-hidden=\"true\"><\/i>\t\t\t\t<\/span>\n\t\t\t<\/div>\n\t\t\t\t\t\t<div class=\"elementor-icon-box-content\">\n\t\t\t\t<h2 class=\"elementor-icon-box-title\">\n\t\t\t\t\t<span  >\n\t\t\t\t\t\tT\u1ea1i sao ch\u1ecdn l\u1edbp ph\u1ee7 Globalnavy?\t\t\t\t\t<\/span>\n\t\t\t\t<\/h2>\n\t\t\t\t\t\t\t\t\t<p class=\"elementor-icon-box-description\">\n\t\t\t\t\t\t<p>Globalnavy cung c\u1ea5p \u0111\u1ee7 lo\u1ea1i l\u1edbp ph\u1ee7 hi\u1ec7u su\u1ea5t cao, GlobalDur GN101, cho vi\u1ec7c b\u1ea3o v\u1ec7 h\u00f3a h\u1ecdc v\u00e0 ch\u1ed1ng \u0103n m\u00f2n c\u1ee7a c\u00e1c khoang ch\u1ee9a h\u00e0ng v\u00e0 k\u00e9t h\u00e0ng v\u1edbi t\u00ednh n\u0103ng:<\/p>\n<p>&rArr; Ch\u1ed1ng \u0103n m\u00f2n tuy\u1ec7t v\u1eddi: c\u00e1c l\u1edbp ph\u1ee7 c\u1ee7a ch\u00fang t\u00f4i \u0111\u00e3 \u0111\u01b0\u1ee3c ph\u00e1t tri\u1ec3n \u0111\u1ec3 ch\u1ecbu \u0111\u1ef1ng, chuy\u1ec3n \u0111\u1ed5i, \u1ee9c ch\u1ebf v\u00e0 kh\u00f4ng dung m\u00f4i \u0111\u1ec3 t\u0103ng t\u1ed1i \u0111a vi\u1ec7c b\u1ea3o v\u1ec7 ch\u1ed1ng \u0103n m\u00f2n, gi\u1ea3m thi\u1ec3u chi ph\u00ed b\u1ea3o tr\u00ec;<\/p>\n<p>&rArr; Ch\u1ed1ng m\u00e0i m\u00f2n tuy\u1ec7t v\u1eddi v\u00e0 l\u00e0m s\u1ea1ch d\u1ec5 d\u00e0ng: nh\u1eefng \u0111\u1eb7c \u0111i\u1ec3m n\u00e0y l\u00e0m t\u0103ng l\u1edbp ph\u1ee7 nh\u1eb5n v\u00e0 b\u1ec1n l\u00e2u cho ph\u00e9p gi\u1ea3m \u0111\u00e1ng k\u1ec3 th\u1eddi gian r\u1eeda\/v\u1eadn h\u00e0nh;<\/p>\n<p>&rArr; D\u1ec5 \u00e1p d\u1ee5ng: lo\u1ea1i s\u01a1n l\u00f3t c\u1ee7a ch\u00fang t\u00f4i cho ph\u00e9p kh\u00f4 nhanh v\u00e0 cho ph\u00e9p \u00e1p d\u1ee5ng trong c\u00e1c \u0111i\u1ec1u ki\u1ec7n m\u00f4i tr\u01b0\u1eddng kh\u00e1c nhau nh\u1ea5t (nhi\u1ec7t \u0111\u1ed9 th\u1ea5p v\u00e0 cao, \u0111\u1ed9 \u1ea9m c\u1ef1c \u0111\u1ed9\/d\u01b0\u1edbi \u0111i\u1ec3m s\u01b0\u01a1ng) v\u00e0 trong c\u00e1c c\u00e1ch x\u1eed l\u00fd b\u1ec1 m\u1eb7t \u0111a d\u1ea1ng nh\u1ea5t (x\u1eed l\u00fd c\u01a1 h\u1ecdc, phun\/r\u1eeda, b\u1eafn n\u01b0\u1edbc v\u00e0 phun \u01b0\u1edbt);<\/p>\n<p>&rArr; Gi\u1ea3m \u1ea3nh h\u01b0\u1edfng \u0111\u1ebfn m\u00f4i tr\u01b0\u1eddng: Ch\u00fang t\u00f4i s\u1ea3n xu\u1ea5t lo\u1ea1i s\u01a1n l\u00f3t, GlobalDur GN101, v\u1edbi c\u00f4ng ngh\u1ec7 sinh th\u00e1i (kh\u00f4ng dung m\u00f4i, x\u1eed l\u00fd b\u1ec1 m\u1eb7t b\u1eb1ng b\u1eafn n\u01b0\u1edbc ho\u1eb7c phun \u01b0\u1edbt) b\u1eb1ng c\u00e1ch gi\u1ea3m m\u1ea1nh m\u1ebd vi\u1ec7c \u1ea3nh h\u01b0\u1edfng \u0111\u1ebfn m\u00f4i tr\u01b0\u1eddng.<\/p>\n\t\t\t\t\t<\/p>\n\t\t\t\t\t\t\t<\/div>\n\t\t<\/div>\n\t\t\t\t<\/div>\n\t\t\t\t<\/div>\n\t\t\t\t\t\t<\/div>\n\t\t\t\t\t<\/div>\n\t\t<\/div>\n\t\t\t\t\t\t\t\t<\/div>\n\t\t\t\t\t<\/div>\n\t\t<\/section>\n\t\t\t\t<section class=\"elementor-section elementor-top-section elementor-element elementor-element-a075e45 elementor-section-boxed elementor-section-height-default elementor-section-height-default\" data-id=\"a075e45\" data-element_type=\"section\">\n\t\t\t\t\t\t<div class=\"elementor-container elementor-column-gap-default\">\n\t\t\t\t\t\t\t<div class=\"elementor-row\">\n\t\t\t\t\t<div class=\"elementor-column elementor-col-100 elementor-top-column elementor-element elementor-element-a07d75d\" data-id=\"a07d75d\" data-element_type=\"column\">\n\t\t\t<div class=\"elementor-column-wrap elementor-element-populated\">\n\t\t\t\t\t\t\t<div class=\"elementor-widget-wrap\">\n\t\t\t\t\t\t<div class=\"elementor-element elementor-element-542a6fe elementor-position-left elementor-view-default elementor-mobile-position-top elementor-vertical-align-top elementor-widget elementor-widget-icon-box\" data-id=\"542a6fe\" data-element_type=\"widget\" data-widget_type=\"icon-box.default\">\n\t\t\t\t<div class=\"elementor-widget-container\">\n\t\t\t\t\t<div class=\"elementor-icon-box-wrapper\">\n\t\t\t\t\t\t<div class=\"elementor-icon-box-icon\">\n\t\t\t\t<span class=\"elementor-icon elementor-animation-\" >\n\t\t\t\t<i class=\"fa fa-thumbs-up\" aria-hidden=\"true\"><\/i>\t\t\t\t<\/span>\n\t\t\t<\/div>\n\t\t\t\t\t\t<div class=\"elementor-icon-box-content\">\n\t\t\t\t<h2 class=\"elementor-icon-box-title\">\n\t\t\t\t\t<span  >\n\t\t\t\t\t\tH\u1ec7 th\u1ed1ng \u0111\u1ec1 ngh\u1ecb\t\t\t\t\t<\/span>\n\t\t\t\t<\/h2>\n\t\t\t\t\t\t\t\t\t<p class=\"elementor-icon-box-description\">\n\t\t\t\t\t\t<p>GlobalDur HASTIE_INT (<a href=\"http:\/\/globalnavy.net\/vi\/gn101lcep\/\">GN 101LCEP<\/a>)<\/p>\n\t\t\t\t\t<\/p>\n\t\t\t\t\t\t\t<\/div>\n\t\t<\/div>\n\t\t\t\t<\/div>\n\t\t\t\t<\/div>\n\t\t\t\t\t\t<\/div>\n\t\t\t\t\t<\/div>\n\t\t<\/div>\n\t\t\t\t\t\t\t\t<\/div>\n\t\t\t\t\t<\/div>\n\t\t<\/section>\n\t\t\t\t<section class=\"elementor-section elementor-top-section elementor-element elementor-element-46ef497 elementor-section-boxed elementor-section-height-default elementor-section-height-default\" data-id=\"46ef497\" data-element_type=\"section\">\n\t\t\t\t\t\t<div class=\"elementor-container elementor-column-gap-default\">\n\t\t\t\t\t\t\t<div class=\"elementor-row\">\n\t\t\t\t\t<div class=\"elementor-column elementor-col-100 elementor-top-column elementor-element elementor-element-c4a3c1d\" data-id=\"c4a3c1d\" data-element_type=\"column\">\n\t\t\t<div class=\"elementor-column-wrap elementor-element-populated\">\n\t\t\t\t\t\t\t<div class=\"elementor-widget-wrap\">\n\t\t\t\t\t\t<div class=\"elementor-element elementor-element-5c0c117 elementor-position-left elementor-view-default elementor-mobile-position-top elementor-vertical-align-top elementor-widget elementor-widget-icon-box\" data-id=\"5c0c117\" data-element_type=\"widget\" data-widget_type=\"icon-box.default\">\n\t\t\t\t<div class=\"elementor-widget-container\">\n\t\t\t\t\t<div class=\"elementor-icon-box-wrapper\">\n\t\t\t\t\t\t<div class=\"elementor-icon-box-icon\">\n\t\t\t\t<a class=\"elementor-icon elementor-animation-\" href=\"\/?page_id=83\">\n\t\t\t\t<i class=\"fa fa-phone\" aria-hidden=\"true\"><\/i>\t\t\t\t<\/a>\n\t\t\t<\/div>\n\t\t\t\t\t\t<div class=\"elementor-icon-box-content\">\n\t\t\t\t<h2 class=\"elementor-icon-box-title\">\n\t\t\t\t\t<a href=\"\/?page_id=83\" >\n\t\t\t\t\t\tContact Us\t\t\t\t\t<\/a>\n\t\t\t\t<\/h2>\n\t\t\t\t\t\t\t\t\t<p class=\"elementor-icon-box-description\">\n\t\t\t\t\t\t<p>On how to select the right anti-corrosive coating system for your case.<\/p>\n\t\t\t\t\t<\/p>\n\t\t\t\t\t\t\t<\/div>\n\t\t<\/div>\n\t\t\t\t<\/div>\n\t\t\t\t<\/div>\n\t\t\t\t\t\t<\/div>\n\t\t\t\t\t<\/div>\n\t\t<\/div>\n\t\t\t\t\t\t\t\t<\/div>\n\t\t\t\t\t<\/div>\n\t\t<\/section>\n\t\t\t\t\t\t\t\t\t<\/div>\n\t\t\t<\/div>\n\t\t\t\t\t<\/div>\n\t\t","protected":false},"excerpt":{"rendered":"<p>C\u00e1c k\u00e9t h\u00e0ng ch\u1ee9a h\u00e0ng h\u00f3a \u0111\u01b0\u1ee3c \u0111\u00f3ng g\u00f3i trong c\u00e1c th\u00f9ng th\u01b0a, ki\u1ec7n, trong s\u1ed1 nh\u1eefng th\u1ee9 kh\u00e1c, kh\u00f4ng \u0111\u01b0\u1ee3c \u0111\u00f3ng g\u00f3i \u0111\u01b0\u1ee3c bi\u1ebft \u0111\u1ebfn nh\u01b0 h\u00e0ng r\u1eddi v\u00e0 ph\u1ea3i ch\u1ecbu c\u00e1c \u0111i\u1ec1u ki\u1ec7n x\u00e2m th\u1ef1c trong qu\u00e1 tr\u00ecnh ph\u1ee5c v\u1ee5 do m\u00e0i m\u00f2n b\u1edfi ho\u1ea1t \u0111\u1ed9ng ch\u1ea5t h\u00e0ng v\u00e0 d\u1ee1 h\u00e0ng v\u00e0 c\u0169ng &#8230; <a title=\"Khoang ch\u1ee9a h\u00e0ng &#038; k\u00e9t h\u00e0ng\" class=\"read-more\" href=\"https:\/\/globalnavy.net\/vi\/khoang-chua-hang-ket-hang\/\" aria-label=\"More on Khoang ch\u1ee9a h\u00e0ng &#038; k\u00e9t h\u00e0ng\">Read more<\/a><\/p>\n","protected":false},"author":1,"featured_media":0,"parent":0,"menu_order":0,"comment_status":"closed","ping_status":"closed","template":"","meta":{"_mi_skip_tracking":false,"_exactmetrics_sitenote_active":false,"_exactmetrics_sitenote_note":"","_exactmetrics_sitenote_category":0},"_links":{"self":[{"href":"https:\/\/globalnavy.net\/vi\/wp-json\/wp\/v2\/pages\/1101"}],"collection":[{"href":"https:\/\/globalnavy.net\/vi\/wp-json\/wp\/v2\/pages"}],"about":[{"href":"https:\/\/globalnavy.net\/vi\/wp-json\/wp\/v2\/types\/page"}],"author":[{"embeddable":true,"href":"https:\/\/globalnavy.net\/vi\/wp-json\/wp\/v2\/users\/1"}],"replies":[{"embeddable":true,"href":"https:\/\/globalnavy.net\/vi\/wp-json\/wp\/v2\/comments?post=1101"}],"version-history":[{"count":3,"href":"https:\/\/globalnavy.net\/vi\/wp-json\/wp\/v2\/pages\/1101\/revisions"}],"predecessor-version":[{"id":2853,"href":"https:\/\/globalnavy.net\/vi\/wp-json\/wp\/v2\/pages\/1101\/revisions\/2853"}],"wp:attachment":[{"href":"https:\/\/globalnavy.net\/vi\/wp-json\/wp\/v2\/media?parent=1101"}],"curies":[{"name":"wp","href":"https:\/\/api.w.org\/{rel}","templated":true}]}}