
{"id":1103,"date":"2018-08-24T12:59:22","date_gmt":"2018-08-24T12:59:22","guid":{"rendered":"http:\/\/globalnavy.net\/phan-noi-tren-mat-nuoc-cua-tau\/"},"modified":"2018-10-31T18:00:31","modified_gmt":"2018-10-31T18:00:31","slug":"phan-noi-tren-mat-nuoc-cua-tau","status":"publish","type":"page","link":"https:\/\/globalnavy.net\/vi\/phan-noi-tren-mat-nuoc-cua-tau\/","title":{"rendered":"Ph\u1ea7n n\u1ed5i tr\u00ean m\u1eb7t n\u01b0\u1edbc c\u1ee7a t\u00e0u"},"content":{"rendered":"\t\t<div data-elementor-type=\"wp-post\" data-elementor-id=\"1103\" class=\"elementor elementor-1103 elementor-341 elementor-bc-flex-widget\">\n\t\t\t\t\t\t<div class=\"elementor-inner\">\n\t\t\t\t<div class=\"elementor-section-wrap\">\n\t\t\t\t\t\t\t\t\t<section class=\"elementor-section elementor-top-section elementor-element elementor-element-cd3fbc3 elementor-section-boxed elementor-section-height-default elementor-section-height-default\" data-id=\"cd3fbc3\" data-element_type=\"section\">\n\t\t\t\t\t\t<div class=\"elementor-container elementor-column-gap-default\">\n\t\t\t\t\t\t\t<div class=\"elementor-row\">\n\t\t\t\t\t<div class=\"elementor-column elementor-col-100 elementor-top-column elementor-element elementor-element-8f91dbe\" data-id=\"8f91dbe\" data-element_type=\"column\">\n\t\t\t<div class=\"elementor-column-wrap elementor-element-populated\">\n\t\t\t\t\t\t\t<div class=\"elementor-widget-wrap\">\n\t\t\t\t\t\t<div class=\"elementor-element elementor-element-e1d2a63 elementor-widget elementor-widget-image\" data-id=\"e1d2a63\" data-element_type=\"widget\" data-widget_type=\"image.default\">\n\t\t\t\t<div class=\"elementor-widget-container\">\n\t\t\t\t\t\t\t\t<div class=\"elementor-image\">\n\t\t\t\t\t\t\t\t\t\t\t\t<img width=\"725\" height=\"150\" src=\"https:\/\/globalnavy.net\/wp-content\/uploads\/2018\/08\/topsides_scaled.jpg\" class=\"attachment-full size-full wp-image-513\" alt=\"\" loading=\"lazy\" srcset=\"https:\/\/globalnavy.net\/wp-content\/uploads\/2018\/08\/topsides_scaled.jpg 725w, https:\/\/globalnavy.net\/wp-content\/uploads\/2018\/08\/topsides_scaled-300x62.jpg 300w\" sizes=\"(max-width: 725px) 100vw, 725px\" \/>\t\t\t\t\t\t\t\t\t\t\t\t\t\t<\/div>\n\t\t\t\t\t\t<\/div>\n\t\t\t\t<\/div>\n\t\t\t\t\t\t<\/div>\n\t\t\t\t\t<\/div>\n\t\t<\/div>\n\t\t\t\t\t\t\t\t<\/div>\n\t\t\t\t\t<\/div>\n\t\t<\/section>\n\t\t\t\t<section class=\"elementor-section elementor-top-section elementor-element elementor-element-773a155 elementor-section-boxed elementor-section-height-default elementor-section-height-default\" data-id=\"773a155\" data-element_type=\"section\">\n\t\t\t\t\t\t<div class=\"elementor-container elementor-column-gap-default\">\n\t\t\t\t\t\t\t<div class=\"elementor-row\">\n\t\t\t\t\t<div class=\"elementor-column elementor-col-100 elementor-top-column elementor-element elementor-element-28f3292\" data-id=\"28f3292\" data-element_type=\"column\">\n\t\t\t<div class=\"elementor-column-wrap elementor-element-populated\">\n\t\t\t\t\t\t\t<div class=\"elementor-widget-wrap\">\n\t\t\t\t\t\t<div class=\"elementor-element elementor-element-9d2669b elementor-widget elementor-widget-text-editor\" data-id=\"9d2669b\" data-element_type=\"widget\" data-widget_type=\"text-editor.default\">\n\t\t\t\t<div class=\"elementor-widget-container\">\n\t\t\t\t\t\t\t\t<div class=\"elementor-text-editor elementor-clearfix\">\n\t\t\t\t<div class=\"justifiedtext\">\n<p>Trong qu\u00e1 tr\u00ecnh ho\u1ea1t \u0111\u1ed9ng, c\u00e1c ph\u1ea7n n\u1ed5i tr\u00ean m\u1eb7t n\u01b0\u1edbc c\u1ee7a t\u00e0u ph\u1ea3i ch\u1ecbu c\u00e1c \u0111i\u1ec1u ki\u1ec7n ti\u1ebfp x\u00fac r\u1ea5t m\u1ea1nh, t\u1eeb th\u1eddi ti\u1ebft kh\u1eafc nghi\u1ec7t v\u00e0 \u00e1nh n\u1eafng m\u1ea1nh \u0111\u1ebfn c\u00e1c t\u00e1c \u0111\u1ed9ng c\u01a1 h\u1ecdc v\u00e0 vi\u1ec7c tr\u00e0n h\u00f3a ch\u1ea5t.<\/p>\n<p>Globalnavy nh\u1eafm m\u1ee5c \u0111\u00edch \u0111\u1ea3m b\u1ea3o c\u00e1c h\u1ec7 s\u01a1n tuy\u1ec7t v\u1eddi v\u00e0 b\u1ea3o tr\u00ec t\u1ed1i thi\u1ec3u tr\u00ean c\u00e1c ph\u1ea7n n\u1ed5i tr\u00ean m\u1eb7t n\u01b0\u1edbc, ph\u00e1t tri\u1ec3n c\u00f4ng ngh\u1ec7 state-of-art b\u1ea3o v\u1ec7 b\u1ec1 m\u1eb7t kh\u1ecfi b\u1ecb m\u00e0i m\u00f2n, \u0103n m\u00f2n v\u00e0 xu\u1ed1ng c\u1ea5p do c\u00e1c \u0111i\u1ec1u ki\u1ec7n th\u1eddi ti\u1ebft.<\/p>\n<\/div>\n\t\t\t\t\t<\/div>\n\t\t\t\t\t\t<\/div>\n\t\t\t\t<\/div>\n\t\t\t\t\t\t<\/div>\n\t\t\t\t\t<\/div>\n\t\t<\/div>\n\t\t\t\t\t\t\t\t<\/div>\n\t\t\t\t\t<\/div>\n\t\t<\/section>\n\t\t\t\t<section class=\"elementor-section elementor-top-section elementor-element elementor-element-0af756e elementor-section-boxed elementor-section-height-default elementor-section-height-default\" data-id=\"0af756e\" data-element_type=\"section\">\n\t\t\t\t\t\t<div class=\"elementor-container elementor-column-gap-default\">\n\t\t\t\t\t\t\t<div class=\"elementor-row\">\n\t\t\t\t\t<div class=\"elementor-column elementor-col-100 elementor-top-column elementor-element elementor-element-ab7401b\" data-id=\"ab7401b\" data-element_type=\"column\">\n\t\t\t<div class=\"elementor-column-wrap elementor-element-populated\">\n\t\t\t\t\t\t\t<div class=\"elementor-widget-wrap\">\n\t\t\t\t\t\t<div class=\"elementor-element elementor-element-84645ba elementor-position-left elementor-view-default elementor-mobile-position-top elementor-vertical-align-top elementor-widget elementor-widget-icon-box\" data-id=\"84645ba\" data-element_type=\"widget\" data-widget_type=\"icon-box.default\">\n\t\t\t\t<div class=\"elementor-widget-container\">\n\t\t\t\t\t<div class=\"elementor-icon-box-wrapper\">\n\t\t\t\t\t\t<div class=\"elementor-icon-box-icon\">\n\t\t\t\t<span class=\"elementor-icon elementor-animation-\" >\n\t\t\t\t<i class=\"fa fa-check-circle\" aria-hidden=\"true\"><\/i>\t\t\t\t<\/span>\n\t\t\t<\/div>\n\t\t\t\t\t\t<div class=\"elementor-icon-box-content\">\n\t\t\t\t<h2 class=\"elementor-icon-box-title\">\n\t\t\t\t\t<span  >\n\t\t\t\t\t\tT\u1ea1i sao ch\u1ecdn l\u1edbp ph\u1ee7 Globalnavy?\t\t\t\t\t<\/span>\n\t\t\t\t<\/h2>\n\t\t\t\t\t\t\t\t\t<p class=\"elementor-icon-box-description\">\n\t\t\t\t\t\t<p>Globalnavy cung c\u1ea5p \u0111\u1ee7 lo\u1ea1i l\u1edbp ph\u1ee7 hi\u1ec7u su\u1ea5t cao, GlobalDur GN101, cung c\u1ea5p b\u1ea3o v\u1ec7 ch\u1ed1ng \u0103n m\u00f2n tuy\u1ec7t v\u1eddi: l\u1edbp ph\u1ee7 c\u1ee7a ch\u00fang t\u00f4i \u0111\u01b0\u1ee3c thi\u1ebft k\u1ebf \u0111\u1ec3 ch\u1ecbu \u0111\u1ef1ng, chuy\u1ec3n \u0111\u1ed5i, \u1ee9c ch\u1ebf v\u00e0 kh\u00f4ng dung m\u00f4i, gi\u1ea3m thi\u1ec3u chi ph\u00ed b\u1ea3o tr\u00ec; l\u1edbp ho\u00e0n thi\u1ec7n polyurethane GlobalThane GN206 cung c\u1ea5p hi\u1ec7u su\u1ea5t th\u1eddi ti\u1ebft ti\u00ean ti\u1ebfn v\u00e0 m\u1ea1nh m\u1ebd, duy tr\u00ec h\u00ecnh d\u00e1ng th\u1ea9m m\u1ef9 t\u1ed1t c\u1ee7a t\u00e0u trong m\u1ed9t th\u1eddi gian d\u00e0i.<\/p>\n\t\t\t\t\t<\/p>\n\t\t\t\t\t\t\t<\/div>\n\t\t<\/div>\n\t\t\t\t<\/div>\n\t\t\t\t<\/div>\n\t\t\t\t\t\t<\/div>\n\t\t\t\t\t<\/div>\n\t\t<\/div>\n\t\t\t\t\t\t\t\t<\/div>\n\t\t\t\t\t<\/div>\n\t\t<\/section>\n\t\t\t\t<section class=\"elementor-section elementor-top-section elementor-element elementor-element-d2f2cfc elementor-section-boxed elementor-section-height-default elementor-section-height-default\" data-id=\"d2f2cfc\" data-element_type=\"section\">\n\t\t\t\t\t\t<div class=\"elementor-container elementor-column-gap-default\">\n\t\t\t\t\t\t\t<div class=\"elementor-row\">\n\t\t\t\t\t<div class=\"elementor-column elementor-col-100 elementor-top-column elementor-element elementor-element-5d5506a\" data-id=\"5d5506a\" data-element_type=\"column\">\n\t\t\t<div class=\"elementor-column-wrap elementor-element-populated\">\n\t\t\t\t\t\t\t<div class=\"elementor-widget-wrap\">\n\t\t\t\t\t\t<div class=\"elementor-element elementor-element-2ade47a elementor-position-left elementor-view-default elementor-mobile-position-top elementor-vertical-align-top elementor-widget elementor-widget-icon-box\" data-id=\"2ade47a\" data-element_type=\"widget\" data-widget_type=\"icon-box.default\">\n\t\t\t\t<div class=\"elementor-widget-container\">\n\t\t\t\t\t<div class=\"elementor-icon-box-wrapper\">\n\t\t\t\t\t\t<div class=\"elementor-icon-box-icon\">\n\t\t\t\t<span class=\"elementor-icon elementor-animation-\" >\n\t\t\t\t<i class=\"fa fa-thumbs-up\" aria-hidden=\"true\"><\/i>\t\t\t\t<\/span>\n\t\t\t<\/div>\n\t\t\t\t\t\t<div class=\"elementor-icon-box-content\">\n\t\t\t\t<h2 class=\"elementor-icon-box-title\">\n\t\t\t\t\t<span  >\n\t\t\t\t\t\tH\u1ec7 th\u1ed1ng \u0111\u1ec1 ngh\u1ecb\t\t\t\t\t<\/span>\n\t\t\t\t<\/h2>\n\t\t\t\t\t\t\t\t\t<p class=\"elementor-icon-box-description\">\n\t\t\t\t\t\t<p>GlobalDur HASTIE_EXT (<a href=\"http:\/\/globalnavy.net\/vi\/gn101lcep\/\">GN101LC<\/a> + <a href=\"http:\/\/globalnavy.net\/vi\/gn206pf\/\">GN206PF<\/a>)<\/p>\n\t\t\t\t\t<\/p>\n\t\t\t\t\t\t\t<\/div>\n\t\t<\/div>\n\t\t\t\t<\/div>\n\t\t\t\t<\/div>\n\t\t\t\t\t\t<\/div>\n\t\t\t\t\t<\/div>\n\t\t<\/div>\n\t\t\t\t\t\t\t\t<\/div>\n\t\t\t\t\t<\/div>\n\t\t<\/section>\n\t\t\t\t<section class=\"elementor-section elementor-top-section elementor-element elementor-element-4fd08e8 elementor-section-boxed elementor-section-height-default elementor-section-height-default\" data-id=\"4fd08e8\" data-element_type=\"section\">\n\t\t\t\t\t\t<div class=\"elementor-container elementor-column-gap-default\">\n\t\t\t\t\t\t\t<div class=\"elementor-row\">\n\t\t\t\t\t<div class=\"elementor-column elementor-col-100 elementor-top-column elementor-element elementor-element-e278ff8\" data-id=\"e278ff8\" data-element_type=\"column\">\n\t\t\t<div class=\"elementor-column-wrap elementor-element-populated\">\n\t\t\t\t\t\t\t<div class=\"elementor-widget-wrap\">\n\t\t\t\t\t\t<div class=\"elementor-element elementor-element-666798e elementor-position-left elementor-view-default elementor-mobile-position-top elementor-vertical-align-top elementor-widget elementor-widget-icon-box\" data-id=\"666798e\" data-element_type=\"widget\" data-widget_type=\"icon-box.default\">\n\t\t\t\t<div class=\"elementor-widget-container\">\n\t\t\t\t\t<div class=\"elementor-icon-box-wrapper\">\n\t\t\t\t\t\t<div class=\"elementor-icon-box-icon\">\n\t\t\t\t<a class=\"elementor-icon elementor-animation-\" href=\"\/?page_id=83\">\n\t\t\t\t<i class=\"fa fa-phone\" aria-hidden=\"true\"><\/i>\t\t\t\t<\/a>\n\t\t\t<\/div>\n\t\t\t\t\t\t<div class=\"elementor-icon-box-content\">\n\t\t\t\t<h2 class=\"elementor-icon-box-title\">\n\t\t\t\t\t<a href=\"\/?page_id=83\" >\n\t\t\t\t\t\tContact Us\t\t\t\t\t<\/a>\n\t\t\t\t<\/h2>\n\t\t\t\t\t\t\t\t\t<p class=\"elementor-icon-box-description\">\n\t\t\t\t\t\t<p>On how to select the right hull coating system for your case.<\/p>\n\t\t\t\t\t<\/p>\n\t\t\t\t\t\t\t<\/div>\n\t\t<\/div>\n\t\t\t\t<\/div>\n\t\t\t\t<\/div>\n\t\t\t\t\t\t<\/div>\n\t\t\t\t\t<\/div>\n\t\t<\/div>\n\t\t\t\t\t\t\t\t<\/div>\n\t\t\t\t\t<\/div>\n\t\t<\/section>\n\t\t\t\t\t\t\t\t\t<\/div>\n\t\t\t<\/div>\n\t\t\t\t\t<\/div>\n\t\t","protected":false},"excerpt":{"rendered":"<p>Trong qu\u00e1 tr\u00ecnh ho\u1ea1t \u0111\u1ed9ng, c\u00e1c ph\u1ea7n n\u1ed5i tr\u00ean m\u1eb7t n\u01b0\u1edbc c\u1ee7a t\u00e0u ph\u1ea3i ch\u1ecbu c\u00e1c \u0111i\u1ec1u ki\u1ec7n ti\u1ebfp x\u00fac r\u1ea5t m\u1ea1nh, t\u1eeb th\u1eddi ti\u1ebft kh\u1eafc nghi\u1ec7t v\u00e0 \u00e1nh n\u1eafng m\u1ea1nh \u0111\u1ebfn c\u00e1c t\u00e1c \u0111\u1ed9ng c\u01a1 h\u1ecdc v\u00e0 vi\u1ec7c tr\u00e0n h\u00f3a ch\u1ea5t. Globalnavy nh\u1eafm m\u1ee5c \u0111\u00edch \u0111\u1ea3m b\u1ea3o c\u00e1c h\u1ec7 s\u01a1n tuy\u1ec7t v\u1eddi v\u00e0 b\u1ea3o &#8230; <a title=\"Ph\u1ea7n n\u1ed5i tr\u00ean m\u1eb7t n\u01b0\u1edbc c\u1ee7a t\u00e0u\" class=\"read-more\" href=\"https:\/\/globalnavy.net\/vi\/phan-noi-tren-mat-nuoc-cua-tau\/\" aria-label=\"More on Ph\u1ea7n n\u1ed5i tr\u00ean m\u1eb7t n\u01b0\u1edbc c\u1ee7a t\u00e0u\">Read more<\/a><\/p>\n","protected":false},"author":1,"featured_media":0,"parent":0,"menu_order":0,"comment_status":"closed","ping_status":"closed","template":"","meta":{"_mi_skip_tracking":false,"_exactmetrics_sitenote_active":false,"_exactmetrics_sitenote_note":"","_exactmetrics_sitenote_category":0},"_links":{"self":[{"href":"https:\/\/globalnavy.net\/vi\/wp-json\/wp\/v2\/pages\/1103"}],"collection":[{"href":"https:\/\/globalnavy.net\/vi\/wp-json\/wp\/v2\/pages"}],"about":[{"href":"https:\/\/globalnavy.net\/vi\/wp-json\/wp\/v2\/types\/page"}],"author":[{"embeddable":true,"href":"https:\/\/globalnavy.net\/vi\/wp-json\/wp\/v2\/users\/1"}],"replies":[{"embeddable":true,"href":"https:\/\/globalnavy.net\/vi\/wp-json\/wp\/v2\/comments?post=1103"}],"version-history":[{"count":3,"href":"https:\/\/globalnavy.net\/vi\/wp-json\/wp\/v2\/pages\/1103\/revisions"}],"predecessor-version":[{"id":2859,"href":"https:\/\/globalnavy.net\/vi\/wp-json\/wp\/v2\/pages\/1103\/revisions\/2859"}],"wp:attachment":[{"href":"https:\/\/globalnavy.net\/vi\/wp-json\/wp\/v2\/media?parent=1103"}],"curies":[{"name":"wp","href":"https:\/\/api.w.org\/{rel}","templated":true}]}}