
{"id":1105,"date":"2018-08-24T13:02:13","date_gmt":"2018-08-24T13:02:13","guid":{"rendered":"http:\/\/globalnavy.net\/phan-than-tau-duoi-mat-nuoc-doc-va-phang\/"},"modified":"2018-10-31T18:20:13","modified_gmt":"2018-10-31T18:20:13","slug":"phan-than-tau-duoi-mat-nuoc-doc-va-phang","status":"publish","type":"page","link":"https:\/\/globalnavy.net\/vi\/phan-than-tau-duoi-mat-nuoc-doc-va-phang\/","title":{"rendered":"Ph\u1ea7n th\u00e2n t\u00e0u d\u01b0\u1edbi m\u1eb7t n\u01b0\u1edbc (d\u1ecdc v\u00e0 ph\u1eb3ng)"},"content":{"rendered":"\t\t<div data-elementor-type=\"wp-post\" data-elementor-id=\"1105\" class=\"elementor elementor-1105 elementor-345 elementor-bc-flex-widget\">\n\t\t\t\t\t\t<div class=\"elementor-inner\">\n\t\t\t\t<div class=\"elementor-section-wrap\">\n\t\t\t\t\t\t\t\t\t<section class=\"elementor-section elementor-top-section elementor-element elementor-element-bbe70ec elementor-section-boxed elementor-section-height-default elementor-section-height-default\" data-id=\"bbe70ec\" data-element_type=\"section\">\n\t\t\t\t\t\t<div class=\"elementor-container elementor-column-gap-default\">\n\t\t\t\t\t\t\t<div class=\"elementor-row\">\n\t\t\t\t\t<div class=\"elementor-column elementor-col-100 elementor-top-column elementor-element elementor-element-ffb8c27\" data-id=\"ffb8c27\" data-element_type=\"column\">\n\t\t\t<div class=\"elementor-column-wrap elementor-element-populated\">\n\t\t\t\t\t\t\t<div class=\"elementor-widget-wrap\">\n\t\t\t\t\t\t<div class=\"elementor-element elementor-element-36b9222 elementor-widget elementor-widget-image\" data-id=\"36b9222\" data-element_type=\"widget\" data-widget_type=\"image.default\">\n\t\t\t\t<div class=\"elementor-widget-container\">\n\t\t\t\t\t\t\t\t<div class=\"elementor-image\">\n\t\t\t\t\t\t\t\t\t\t\t\t<img width=\"725\" height=\"150\" src=\"https:\/\/globalnavy.net\/wp-content\/uploads\/2018\/08\/underwater_hull_scaled.jpg\" class=\"attachment-full size-full wp-image-493\" alt=\"\" loading=\"lazy\" srcset=\"https:\/\/globalnavy.net\/wp-content\/uploads\/2018\/08\/underwater_hull_scaled.jpg 725w, https:\/\/globalnavy.net\/wp-content\/uploads\/2018\/08\/underwater_hull_scaled-300x62.jpg 300w\" sizes=\"(max-width: 725px) 100vw, 725px\" \/>\t\t\t\t\t\t\t\t\t\t\t\t\t\t<\/div>\n\t\t\t\t\t\t<\/div>\n\t\t\t\t<\/div>\n\t\t\t\t\t\t<\/div>\n\t\t\t\t\t<\/div>\n\t\t<\/div>\n\t\t\t\t\t\t\t\t<\/div>\n\t\t\t\t\t<\/div>\n\t\t<\/section>\n\t\t\t\t<section class=\"elementor-section elementor-top-section elementor-element elementor-element-773a155 elementor-section-boxed elementor-section-height-default elementor-section-height-default\" data-id=\"773a155\" data-element_type=\"section\">\n\t\t\t\t\t\t<div class=\"elementor-container elementor-column-gap-default\">\n\t\t\t\t\t\t\t<div class=\"elementor-row\">\n\t\t\t\t\t<div class=\"elementor-column elementor-col-100 elementor-top-column elementor-element elementor-element-28f3292\" data-id=\"28f3292\" data-element_type=\"column\">\n\t\t\t<div class=\"elementor-column-wrap elementor-element-populated\">\n\t\t\t\t\t\t\t<div class=\"elementor-widget-wrap\">\n\t\t\t\t\t\t<div class=\"elementor-element elementor-element-9d2669b elementor-widget elementor-widget-text-editor\" data-id=\"9d2669b\" data-element_type=\"widget\" data-widget_type=\"text-editor.default\">\n\t\t\t\t<div class=\"elementor-widget-container\">\n\t\t\t\t\t\t\t\t<div class=\"elementor-text-editor elementor-clearfix\">\n\t\t\t\t<div class=\"justifiedtext\">\n<p>Tr\u00ean ph\u1ea7n th\u00e2n t\u00e0u d\u01b0\u1edbi m\u1eb7t n\u01b0\u1edbc ch\u1ec9 n\u00ean c\u00f3 l\u1edbp ph\u1ee7 nh\u1eb5n cho ph\u00e9p s\u1ef1 di chuy\u1ec3n c\u1ee7a t\u00e0u ho\u00e0n h\u1ea3o.<\/p>\n<p>Globalnavy ph\u00e1t tri\u1ec3n c\u00e1c h\u1ec7 s\u01a1n ch\u1ed1ng b\u1ea9n hi\u1ec7u qu\u1ea3 gi\u1eef cho th\u00e2n t\u00e0u kh\u00f4ng b\u1ecb \u0103n m\u00f2n v\u00e0 kh\u00f4ng b\u1ecb c\u00e1c sinh v\u1eadt b\u00e1m b\u1ea9n, cho ph\u00e9p chu k\u1ef3 b\u1ea3o tr\u00ec d\u00e0i h\u01a1n v\u00e0 chi ph\u00ed v\u1eadn h\u00e0nh th\u1ea5p h\u01a1n. V\u1edbi \u0111\u1ee7 lo\u1ea1i s\u1ea3n ph\u1ea9m cho lo\u1ea1i \u1ee9ng d\u1ee5ng n\u00e0y, ch\u00fang t\u00f4i c\u00f3 th\u1ec3 \u0111\u1ecbnh r\u00f5 c\u00e1c gi\u1ea3i ph\u00e1p cho h\u1ea7u h\u1ebft c\u00e1c t\u00e0u v\u00e0 m\u00f4 h\u00ecnh th\u01b0\u01a1ng m\u1ea1i.<\/p>\n<\/div>\n\t\t\t\t\t<\/div>\n\t\t\t\t\t\t<\/div>\n\t\t\t\t<\/div>\n\t\t\t\t\t\t<\/div>\n\t\t\t\t\t<\/div>\n\t\t<\/div>\n\t\t\t\t\t\t\t\t<\/div>\n\t\t\t\t\t<\/div>\n\t\t<\/section>\n\t\t\t\t<section class=\"elementor-section elementor-top-section elementor-element elementor-element-0af756e elementor-section-boxed elementor-section-height-default elementor-section-height-default\" data-id=\"0af756e\" data-element_type=\"section\">\n\t\t\t\t\t\t<div class=\"elementor-container elementor-column-gap-default\">\n\t\t\t\t\t\t\t<div class=\"elementor-row\">\n\t\t\t\t\t<div class=\"elementor-column elementor-col-100 elementor-top-column elementor-element elementor-element-ab7401b\" data-id=\"ab7401b\" data-element_type=\"column\">\n\t\t\t<div class=\"elementor-column-wrap elementor-element-populated\">\n\t\t\t\t\t\t\t<div class=\"elementor-widget-wrap\">\n\t\t\t\t\t\t<div class=\"elementor-element elementor-element-84645ba elementor-position-left elementor-view-default elementor-mobile-position-top elementor-vertical-align-top elementor-widget elementor-widget-icon-box\" data-id=\"84645ba\" data-element_type=\"widget\" data-widget_type=\"icon-box.default\">\n\t\t\t\t<div class=\"elementor-widget-container\">\n\t\t\t\t\t<div class=\"elementor-icon-box-wrapper\">\n\t\t\t\t\t\t<div class=\"elementor-icon-box-icon\">\n\t\t\t\t<span class=\"elementor-icon elementor-animation-\" >\n\t\t\t\t<i class=\"fa fa-check-circle\" aria-hidden=\"true\"><\/i>\t\t\t\t<\/span>\n\t\t\t<\/div>\n\t\t\t\t\t\t<div class=\"elementor-icon-box-content\">\n\t\t\t\t<h2 class=\"elementor-icon-box-title\">\n\t\t\t\t\t<span  >\n\t\t\t\t\t\tT\u1ea1i sao ch\u1ecdn l\u1edbp ph\u1ee7 Globalnavy?\t\t\t\t\t<\/span>\n\t\t\t\t<\/h2>\n\t\t\t\t\t\t\t\t\t<p class=\"elementor-icon-box-description\">\n\t\t\t\t\t\t<p>Ch\u00fang t\u00f4i t\u1eadp trung v\u00e0o vi\u1ec7c ph\u00e1t tri\u1ec3n v\u00e0 s\u1ea3n xu\u1ea5t c\u00e1c s\u1ea3n ph\u1ea9m, GlobalDur GN101, cho ph\u00e9p chu k\u1ef3 b\u1ea3o tr\u00ec d\u00e0i h\u01a1n; s\u1ea3n ph\u1ea9m ch\u1ed1ng b\u1ea9n <a href=\"http:\/\/globalnavy.net\/vi\/gn521af\/\">GlobalCryl GN521AF<\/a>, cho ph\u00e9p gi\u1ea3m ti\u00eau th\u1ee5 nhi\u00ean li\u1ec7u v\u00e0 th\u1eddi gian th\u01b0\u01a1ng m\u1ea1i d\u1eabn \u0111\u1ebfn t\u0103ng hi\u1ec7u qu\u1ea3 v\u00e0 t\u00ednh c\u1ea1nh tranh c\u1ee7a t\u00e0u.<\/p>\n\t\t\t\t\t<\/p>\n\t\t\t\t\t\t\t<\/div>\n\t\t<\/div>\n\t\t\t\t<\/div>\n\t\t\t\t<\/div>\n\t\t\t\t\t\t<\/div>\n\t\t\t\t\t<\/div>\n\t\t<\/div>\n\t\t\t\t\t\t\t\t<\/div>\n\t\t\t\t\t<\/div>\n\t\t<\/section>\n\t\t\t\t<section class=\"elementor-section elementor-top-section elementor-element elementor-element-4fd08e8 elementor-section-boxed elementor-section-height-default elementor-section-height-default\" data-id=\"4fd08e8\" data-element_type=\"section\">\n\t\t\t\t\t\t<div class=\"elementor-container elementor-column-gap-default\">\n\t\t\t\t\t\t\t<div class=\"elementor-row\">\n\t\t\t\t\t<div class=\"elementor-column elementor-col-100 elementor-top-column elementor-element elementor-element-e278ff8\" data-id=\"e278ff8\" data-element_type=\"column\">\n\t\t\t<div class=\"elementor-column-wrap elementor-element-populated\">\n\t\t\t\t\t\t\t<div class=\"elementor-widget-wrap\">\n\t\t\t\t\t\t<div class=\"elementor-element elementor-element-666798e elementor-position-left elementor-view-default elementor-mobile-position-top elementor-vertical-align-top elementor-widget elementor-widget-icon-box\" data-id=\"666798e\" data-element_type=\"widget\" data-widget_type=\"icon-box.default\">\n\t\t\t\t<div class=\"elementor-widget-container\">\n\t\t\t\t\t<div class=\"elementor-icon-box-wrapper\">\n\t\t\t\t\t\t<div class=\"elementor-icon-box-icon\">\n\t\t\t\t<a class=\"elementor-icon elementor-animation-\" href=\"\/?page_id=83\">\n\t\t\t\t<i class=\"fa fa-phone\" aria-hidden=\"true\"><\/i>\t\t\t\t<\/a>\n\t\t\t<\/div>\n\t\t\t\t\t\t<div class=\"elementor-icon-box-content\">\n\t\t\t\t<h2 class=\"elementor-icon-box-title\">\n\t\t\t\t\t<a href=\"\/?page_id=83\" >\n\t\t\t\t\t\tContact Us\t\t\t\t\t<\/a>\n\t\t\t\t<\/h2>\n\t\t\t\t\t\t\t\t\t<p class=\"elementor-icon-box-description\">\n\t\t\t\t\t\t<p>On how to select the right anti-corrosive coating system for your case.<\/p>\n\t\t\t\t\t<\/p>\n\t\t\t\t\t\t\t<\/div>\n\t\t<\/div>\n\t\t\t\t<\/div>\n\t\t\t\t<\/div>\n\t\t\t\t\t\t<\/div>\n\t\t\t\t\t<\/div>\n\t\t<\/div>\n\t\t\t\t\t\t\t\t<\/div>\n\t\t\t\t\t<\/div>\n\t\t<\/section>\n\t\t\t\t\t\t\t\t\t<\/div>\n\t\t\t<\/div>\n\t\t\t\t\t<\/div>\n\t\t","protected":false},"excerpt":{"rendered":"<p>Tr\u00ean ph\u1ea7n th\u00e2n t\u00e0u d\u01b0\u1edbi m\u1eb7t n\u01b0\u1edbc ch\u1ec9 n\u00ean c\u00f3 l\u1edbp ph\u1ee7 nh\u1eb5n cho ph\u00e9p s\u1ef1 di chuy\u1ec3n c\u1ee7a t\u00e0u ho\u00e0n h\u1ea3o. Globalnavy ph\u00e1t tri\u1ec3n c\u00e1c h\u1ec7 s\u01a1n ch\u1ed1ng b\u1ea9n hi\u1ec7u qu\u1ea3 gi\u1eef cho th\u00e2n t\u00e0u kh\u00f4ng b\u1ecb \u0103n m\u00f2n v\u00e0 kh\u00f4ng b\u1ecb c\u00e1c sinh v\u1eadt b\u00e1m b\u1ea9n, cho ph\u00e9p chu k\u1ef3 b\u1ea3o tr\u00ec d\u00e0i &#8230; <a title=\"Ph\u1ea7n th\u00e2n t\u00e0u d\u01b0\u1edbi m\u1eb7t n\u01b0\u1edbc (d\u1ecdc v\u00e0 ph\u1eb3ng)\" class=\"read-more\" href=\"https:\/\/globalnavy.net\/vi\/phan-than-tau-duoi-mat-nuoc-doc-va-phang\/\" aria-label=\"More on Ph\u1ea7n th\u00e2n t\u00e0u d\u01b0\u1edbi m\u1eb7t n\u01b0\u1edbc (d\u1ecdc v\u00e0 ph\u1eb3ng)\">Read more<\/a><\/p>\n","protected":false},"author":1,"featured_media":0,"parent":0,"menu_order":0,"comment_status":"closed","ping_status":"closed","template":"","meta":{"_mi_skip_tracking":false,"_exactmetrics_sitenote_active":false,"_exactmetrics_sitenote_note":"","_exactmetrics_sitenote_category":0},"_links":{"self":[{"href":"https:\/\/globalnavy.net\/vi\/wp-json\/wp\/v2\/pages\/1105"}],"collection":[{"href":"https:\/\/globalnavy.net\/vi\/wp-json\/wp\/v2\/pages"}],"about":[{"href":"https:\/\/globalnavy.net\/vi\/wp-json\/wp\/v2\/types\/page"}],"author":[{"embeddable":true,"href":"https:\/\/globalnavy.net\/vi\/wp-json\/wp\/v2\/users\/1"}],"replies":[{"embeddable":true,"href":"https:\/\/globalnavy.net\/vi\/wp-json\/wp\/v2\/comments?post=1105"}],"version-history":[{"count":4,"href":"https:\/\/globalnavy.net\/vi\/wp-json\/wp\/v2\/pages\/1105\/revisions"}],"predecessor-version":[{"id":2869,"href":"https:\/\/globalnavy.net\/vi\/wp-json\/wp\/v2\/pages\/1105\/revisions\/2869"}],"wp:attachment":[{"href":"https:\/\/globalnavy.net\/vi\/wp-json\/wp\/v2\/media?parent=1105"}],"curies":[{"name":"wp","href":"https:\/\/api.w.org\/{rel}","templated":true}]}}