
{"id":1107,"date":"2018-08-24T13:12:48","date_gmt":"2018-08-24T13:12:48","guid":{"rendered":"http:\/\/globalnavy.net\/du-thuyen\/"},"modified":"2018-10-25T10:41:53","modified_gmt":"2018-10-25T10:41:53","slug":"du-thuyen","status":"publish","type":"page","link":"https:\/\/globalnavy.net\/vi\/du-thuyen\/","title":{"rendered":"Du thuy\u1ec1n"},"content":{"rendered":"<div class=\"justifiedtext\">\n<p><img loading=\"lazy\" src=\"https:\/\/globalnavy.net\/wp-content\/uploads\/2018\/09\/yacht_scaled_v2.jpg\" alt=\"\" width=\"725\" height=\"150\" class=\"alignnone size-full wp-image-2008\" srcset=\"https:\/\/globalnavy.net\/wp-content\/uploads\/2018\/09\/yacht_scaled_v2.jpg 725w, https:\/\/globalnavy.net\/wp-content\/uploads\/2018\/09\/yacht_scaled_v2-300x62.jpg 300w\" sizes=\"(max-width: 725px) 100vw, 725px\" \/><\/p>\n<p>M\u1ee5c ti\u00eau c\u1ee7a ch\u00fang t\u00f4i l\u00e0 gi\u1eef cho du thuy\u1ec1n c\u1ee7a b\u1ea1n trong \u0111i\u1ec1u ki\u1ec7n tuy\u1ec7t v\u1eddi, c\u1ea3 b\u00ean ngo\u00e0i v\u00e0 b\u00ean trong, trong su\u1ed1t tu\u1ed5i th\u1ecd c\u1ee7a du thuy\u1ec1n, k\u1ec3 t\u1eeb khi n\u00f3 \u0111\u01b0\u1ee3c \u0111\u00f3ng v\u00e0 qua nhi\u1ec1u n\u0103m s\u1eed d\u1ee5ng .<\/p>\n<p>Globalnavy cung c\u1ea5p m\u1ed9t lo\u1ea1t c\u00e1c s\u1ea3n ph\u1ea9m cho t\u00e0u du l\u1ecbch v\u00e0 du thuy\u1ec1n. M\u1ee5c ti\u00eau c\u1ee7a ch\u00fang t\u00f4i l\u00e0 cung c\u1ea5p cho b\u1ea1n gi\u1ea3i ph\u00e1p t\u1ed1t nh\u1ea5t cho vi\u1ec7c b\u1ea3o tr\u00ec con t\u00e0u c\u1ee7a b\u1ea1n d\u1ec5 d\u00e0ng v\u00e0 hi\u1ec7u qu\u1ea3 m\u00e0 s\u1ebd k\u00e9o d\u00e0i nh\u01b0 m\u1edbi trong su\u1ed1t c\u1ea3 m\u00f9a. S\u01a1n c\u1ee7a ch\u00fang t\u00f4i c\u00f3 c\u00e1c ti\u00eau chu\u1ea9n cao nh\u1ea5t v\u00e0 s\u1eed d\u1ee5ng gi\u1ea3i ph\u00e1p dung m\u00f4i th\u1ea5p \u0111\u1ec3 gi\u1ea3m \u1ea3nh h\u01b0\u1edfng \u0111\u1ebfn m\u00f4i tr\u01b0\u1eddng.<\/p>\n<h2>Know More<\/h2>\n<div class=\"subsegment_list\">\n<ul>\n<li><a href=\"http:\/\/globalnavy.net\/vi\/ben-duoi-mon-nuoc\/\">B\u00ean d\u01b0\u1edbi m\u1edbn n\u01b0\u1edbc<\/a><\/li>\n<li><a href=\"http:\/\/globalnavy.net\/vi\/ben-tren-mon-nuoc\/\">B\u00ean tr\u00ean m\u1edbn n\u01b0\u1edbc<\/a><\/li>\n<\/ul>\n<\/div>\n<h2>Downloads<\/h2>\n<p><a class=\"brochure_link\" href=\"https:\/\/globalnavy.net\/wp-content\/uploads\/2018\/10\/Yacht1_PROTECTIVE-COATINGS_PT_UK_FR_VN.pdf\" target=\"_blank\">Protective Coatings<\/a><a class=\"brochure_link\" href=\"https:\/\/globalnavy.net\/wp-content\/uploads\/2018\/10\/Yatch2_Produtos-Embarca\u00e7\u00f5es_PT_UK_FR_VN.pdf\" target=\"_blank\">Produtos Embarca\u00e7\u00f5es<\/a><\/p>\n<\/div>\n","protected":false},"excerpt":{"rendered":"<p>M\u1ee5c ti\u00eau c\u1ee7a ch\u00fang t\u00f4i l\u00e0 gi\u1eef cho du thuy\u1ec1n c\u1ee7a b\u1ea1n trong \u0111i\u1ec1u ki\u1ec7n tuy\u1ec7t v\u1eddi, c\u1ea3 b\u00ean ngo\u00e0i v\u00e0 b\u00ean trong, trong su\u1ed1t tu\u1ed5i th\u1ecd c\u1ee7a du thuy\u1ec1n, k\u1ec3 t\u1eeb khi n\u00f3 \u0111\u01b0\u1ee3c \u0111\u00f3ng v\u00e0 qua nhi\u1ec1u n\u0103m s\u1eed d\u1ee5ng . Globalnavy cung c\u1ea5p m\u1ed9t lo\u1ea1t c\u00e1c s\u1ea3n ph\u1ea9m cho t\u00e0u du l\u1ecbch &#8230; <a title=\"Du thuy\u1ec1n\" class=\"read-more\" href=\"https:\/\/globalnavy.net\/vi\/du-thuyen\/\" aria-label=\"More on Du thuy\u1ec1n\">Read more<\/a><\/p>\n","protected":false},"author":1,"featured_media":0,"parent":0,"menu_order":0,"comment_status":"closed","ping_status":"closed","template":"","meta":{"_mi_skip_tracking":false,"_exactmetrics_sitenote_active":false,"_exactmetrics_sitenote_note":"","_exactmetrics_sitenote_category":0},"_links":{"self":[{"href":"https:\/\/globalnavy.net\/vi\/wp-json\/wp\/v2\/pages\/1107"}],"collection":[{"href":"https:\/\/globalnavy.net\/vi\/wp-json\/wp\/v2\/pages"}],"about":[{"href":"https:\/\/globalnavy.net\/vi\/wp-json\/wp\/v2\/types\/page"}],"author":[{"embeddable":true,"href":"https:\/\/globalnavy.net\/vi\/wp-json\/wp\/v2\/users\/1"}],"replies":[{"embeddable":true,"href":"https:\/\/globalnavy.net\/vi\/wp-json\/wp\/v2\/comments?post=1107"}],"version-history":[{"count":4,"href":"https:\/\/globalnavy.net\/vi\/wp-json\/wp\/v2\/pages\/1107\/revisions"}],"predecessor-version":[{"id":2564,"href":"https:\/\/globalnavy.net\/vi\/wp-json\/wp\/v2\/pages\/1107\/revisions\/2564"}],"wp:attachment":[{"href":"https:\/\/globalnavy.net\/vi\/wp-json\/wp\/v2\/media?parent=1107"}],"curies":[{"name":"wp","href":"https:\/\/api.w.org\/{rel}","templated":true}]}}