
{"id":1111,"date":"2018-08-24T13:18:13","date_gmt":"2018-08-24T13:18:13","guid":{"rendered":"http:\/\/globalnavy.net\/ben-tren-mon-nuoc\/"},"modified":"2018-08-24T13:18:37","modified_gmt":"2018-08-24T13:18:37","slug":"ben-tren-mon-nuoc","status":"publish","type":"page","link":"https:\/\/globalnavy.net\/vi\/ben-tren-mon-nuoc\/","title":{"rendered":"B\u00ean tr\u00ean m\u1edbn n\u01b0\u1edbc"},"content":{"rendered":"\t\t<div data-elementor-type=\"wp-post\" data-elementor-id=\"1111\" class=\"elementor elementor-1111 elementor-359 elementor-bc-flex-widget\">\n\t\t\t\t\t\t<div class=\"elementor-inner\">\n\t\t\t\t<div class=\"elementor-section-wrap\">\n\t\t\t\t\t\t\t\t\t<section class=\"elementor-section elementor-top-section elementor-element elementor-element-80f466d elementor-section-boxed elementor-section-height-default elementor-section-height-default\" data-id=\"80f466d\" data-element_type=\"section\">\n\t\t\t\t\t\t<div class=\"elementor-container elementor-column-gap-default\">\n\t\t\t\t\t\t\t<div class=\"elementor-row\">\n\t\t\t\t\t<div class=\"elementor-column elementor-col-100 elementor-top-column elementor-element elementor-element-35b3e2a\" data-id=\"35b3e2a\" data-element_type=\"column\">\n\t\t\t<div class=\"elementor-column-wrap elementor-element-populated\">\n\t\t\t\t\t\t\t<div class=\"elementor-widget-wrap\">\n\t\t\t\t\t\t<div class=\"elementor-element elementor-element-bd34b03 elementor-widget elementor-widget-image\" data-id=\"bd34b03\" data-element_type=\"widget\" data-widget_type=\"image.default\">\n\t\t\t\t<div class=\"elementor-widget-container\">\n\t\t\t\t\t\t\t\t<div class=\"elementor-image\">\n\t\t\t\t\t\t\t\t\t\t\t\t<img width=\"725\" height=\"150\" src=\"https:\/\/globalnavy.net\/wp-content\/uploads\/2018\/08\/above_the_waterline._scaled.jpg\" class=\"attachment-full size-full wp-image-537\" alt=\"\" loading=\"lazy\" srcset=\"https:\/\/globalnavy.net\/wp-content\/uploads\/2018\/08\/above_the_waterline._scaled.jpg 725w, https:\/\/globalnavy.net\/wp-content\/uploads\/2018\/08\/above_the_waterline._scaled-300x62.jpg 300w\" sizes=\"(max-width: 725px) 100vw, 725px\" \/>\t\t\t\t\t\t\t\t\t\t\t\t\t\t<\/div>\n\t\t\t\t\t\t<\/div>\n\t\t\t\t<\/div>\n\t\t\t\t\t\t<\/div>\n\t\t\t\t\t<\/div>\n\t\t<\/div>\n\t\t\t\t\t\t\t\t<\/div>\n\t\t\t\t\t<\/div>\n\t\t<\/section>\n\t\t\t\t<section class=\"elementor-section elementor-top-section elementor-element elementor-element-773a155 elementor-section-boxed elementor-section-height-default elementor-section-height-default\" data-id=\"773a155\" data-element_type=\"section\">\n\t\t\t\t\t\t<div class=\"elementor-container elementor-column-gap-default\">\n\t\t\t\t\t\t\t<div class=\"elementor-row\">\n\t\t\t\t\t<div class=\"elementor-column elementor-col-100 elementor-top-column elementor-element elementor-element-28f3292\" data-id=\"28f3292\" data-element_type=\"column\">\n\t\t\t<div class=\"elementor-column-wrap elementor-element-populated\">\n\t\t\t\t\t\t\t<div class=\"elementor-widget-wrap\">\n\t\t\t\t\t\t<div class=\"elementor-element elementor-element-9d2669b elementor-widget elementor-widget-text-editor\" data-id=\"9d2669b\" data-element_type=\"widget\" data-widget_type=\"text-editor.default\">\n\t\t\t\t<div class=\"elementor-widget-container\">\n\t\t\t\t\t\t\t\t<div class=\"elementor-text-editor elementor-clearfix\">\n\t\t\t\t<div class=\"justifiedtext\">\n<p>M\u1ed9t chi\u1ebfc du thuy\u1ec1n \u0111\u01b0\u1ee3c qu\u1ea3n l\u00fd t\u1ed1t, cung c\u1ea5p cho b\u1ea1n m\u1ed9t ngo\u1ea1i h\u00ecnh h\u1ea5p d\u1eabn, b\u1ec1n, \u0111\u1eb9p, s\u00e1ng b\u00f3ng b\u00ean tr\u00ean m\u1edbn n\u01b0\u1edbc.<\/p>\n<h3>L\u1edbp s\u01a1n cu\u1ed1i<\/h3>\n<p>L\u1edbp s\u01a1n cu\u1ed1i Globalthane Polyester \u0111\u01b0\u1ee3c thi\u1ebft k\u1ebf \u0111\u1ec3 mang l\u1ea1i s\u1ef1 b\u1ea3o v\u1ec7 d\u00e0i h\u1ea1n h\u01a1n cho con thuy\u1ec1n c\u1ee7a b\u1ea1n ch\u1ed1ng l\u1ea1i c\u00e1c y\u1ebfu t\u1ed1, gi\u1eef cho n\u00f3 lu\u00f4n tr\u00f4ng nh\u01b0 m\u1edbi. B\u1eb1ng c\u00e1ch c\u1ea3i thi\u1ec7n vi\u1ec7c gi\u1eef b\u00f3ng v\u00e0 m\u00e0u, kh\u00e1ng tia c\u1ef1c t\u00edm v\u00e0 b\u1ec1 m\u1eb7t c\u1ee9ng h\u01a1n, ch\u00fang t\u00f4i \u0111\u00e3 \u0111\u1ea1t \u0111\u01b0\u1ee3c l\u1ee3i \u00edch to l\u1edbn \u0111\u1ed1i v\u1edbi kh\u00e1ch h\u00e0ng c\u1ee7a ch\u00fang t\u00f4i, ti\u1ebft ki\u1ec7m t\u1ea7n su\u1ea5t s\u01a1n l\u1ea1i con thuy\u1ec1n c\u1ee7a b\u1ea1n.<\/p>\n<h3>\u0110\u00e1nh v\u00e9c-ni<\/h3>\n<p>Globalthane UV Polyester Varnishes \u0111\u01b0\u1ee3c thi\u1ebft k\u1ebf \u0111\u1ec3 b\u1ea3o v\u1ec7 g\u1ed7 kh\u1ecfi n\u1ea5m, tia c\u1ef1c t\u00edm tr\u01b0\u1edbc khi b\u1eaft \u0111\u1ea7u xu\u1ed1ng c\u1ea5p. \u0110\u1ec3 gi\u1eef cho g\u1ed7 l\u1ed9ng l\u1eaby v\u00e0 t\u1ef1 nhi\u00ean, ch\u00fang t\u00f4i \u0111\u00e3 ch\u1ecdn nh\u1ef1a v\u00e0 ph\u1ee5 gia \u0111\u1eb7c bi\u1ec7t \u0111\u1ea3m b\u1ea3o \u0111\u1ed9 b\u00f3ng v\u00e0 h\u00ecnh d\u00e1ng c\u1ee7a n\u00f3 theo th\u1eddi gian.<\/p>\n<\/div>\n\t\t\t\t\t<\/div>\n\t\t\t\t\t\t<\/div>\n\t\t\t\t<\/div>\n\t\t\t\t\t\t<\/div>\n\t\t\t\t\t<\/div>\n\t\t<\/div>\n\t\t\t\t\t\t\t\t<\/div>\n\t\t\t\t\t<\/div>\n\t\t<\/section>\n\t\t\t\t<section class=\"elementor-section elementor-top-section elementor-element elementor-element-0af756e elementor-section-boxed elementor-section-height-default elementor-section-height-default\" data-id=\"0af756e\" data-element_type=\"section\">\n\t\t\t\t\t\t<div class=\"elementor-container elementor-column-gap-default\">\n\t\t\t\t\t\t\t<div class=\"elementor-row\">\n\t\t\t\t\t<div class=\"elementor-column elementor-col-100 elementor-top-column elementor-element elementor-element-ab7401b\" data-id=\"ab7401b\" data-element_type=\"column\">\n\t\t\t<div class=\"elementor-column-wrap elementor-element-populated\">\n\t\t\t\t\t\t\t<div class=\"elementor-widget-wrap\">\n\t\t\t\t\t\t<div class=\"elementor-element elementor-element-84645ba elementor-position-left elementor-view-default elementor-mobile-position-top elementor-vertical-align-top elementor-widget elementor-widget-icon-box\" data-id=\"84645ba\" data-element_type=\"widget\" data-widget_type=\"icon-box.default\">\n\t\t\t\t<div class=\"elementor-widget-container\">\n\t\t\t\t\t<div class=\"elementor-icon-box-wrapper\">\n\t\t\t\t\t\t<div class=\"elementor-icon-box-icon\">\n\t\t\t\t<span class=\"elementor-icon elementor-animation-\" >\n\t\t\t\t<i class=\"fa fa-check-circle\" aria-hidden=\"true\"><\/i>\t\t\t\t<\/span>\n\t\t\t<\/div>\n\t\t\t\t\t\t<div class=\"elementor-icon-box-content\">\n\t\t\t\t<h2 class=\"elementor-icon-box-title\">\n\t\t\t\t\t<span  >\n\t\t\t\t\t\tT\u1ea1i sao ch\u1ecdn l\u1edbp ph\u1ee7 Globalnavy?\t\t\t\t\t<\/span>\n\t\t\t\t<\/h2>\n\t\t\t\t\t\t\t\t\t<p class=\"elementor-icon-box-description\">\n\t\t\t\t\t\t<p>Globalnavy ph\u00e1t tri\u1ec3n v\u00e0 s\u1ea3n xu\u1ea5t \u0111\u1ee7 lo\u1ea1i s\u1ea3n ph\u1ea9m, cho ng\u01b0\u1eddi chuy\u00ean nghi\u1ec7p v\u00e0 ng\u01b0\u1eddi th\u1ef1c t\u1eadp, d\u1ec5 d\u00e0ng \u00e1p d\u1ee5ng v\u00e0 \u0111\u01b0\u1ee3c thi\u1ebft k\u1ebf \u0111\u1ec3 gi\u1eef cho du thuy\u1ec1n c\u1ee7a b\u1ea1n m\u1edbi trong nhi\u1ec1u n\u0103m.<\/p>\n\t\t\t\t\t<\/p>\n\t\t\t\t\t\t\t<\/div>\n\t\t<\/div>\n\t\t\t\t<\/div>\n\t\t\t\t<\/div>\n\t\t\t\t\t\t<\/div>\n\t\t\t\t\t<\/div>\n\t\t<\/div>\n\t\t\t\t\t\t\t\t<\/div>\n\t\t\t\t\t<\/div>\n\t\t<\/section>\n\t\t\t\t<section class=\"elementor-section elementor-top-section elementor-element elementor-element-4fd08e8 elementor-section-boxed elementor-section-height-default elementor-section-height-default\" data-id=\"4fd08e8\" data-element_type=\"section\">\n\t\t\t\t\t\t<div class=\"elementor-container elementor-column-gap-default\">\n\t\t\t\t\t\t\t<div class=\"elementor-row\">\n\t\t\t\t\t<div class=\"elementor-column elementor-col-100 elementor-top-column elementor-element elementor-element-e278ff8\" data-id=\"e278ff8\" data-element_type=\"column\">\n\t\t\t<div class=\"elementor-column-wrap elementor-element-populated\">\n\t\t\t\t\t\t\t<div class=\"elementor-widget-wrap\">\n\t\t\t\t\t\t<div class=\"elementor-element elementor-element-666798e elementor-position-left elementor-view-default elementor-mobile-position-top elementor-vertical-align-top elementor-widget elementor-widget-icon-box\" data-id=\"666798e\" data-element_type=\"widget\" data-widget_type=\"icon-box.default\">\n\t\t\t\t<div class=\"elementor-widget-container\">\n\t\t\t\t\t<div class=\"elementor-icon-box-wrapper\">\n\t\t\t\t\t\t<div class=\"elementor-icon-box-icon\">\n\t\t\t\t<a class=\"elementor-icon elementor-animation-\" href=\"\/?page_id=83\">\n\t\t\t\t<i class=\"fa fa-phone\" aria-hidden=\"true\"><\/i>\t\t\t\t<\/a>\n\t\t\t<\/div>\n\t\t\t\t\t\t<div class=\"elementor-icon-box-content\">\n\t\t\t\t<h2 class=\"elementor-icon-box-title\">\n\t\t\t\t\t<a href=\"\/?page_id=83\" >\n\t\t\t\t\t\tContact Us\t\t\t\t\t<\/a>\n\t\t\t\t<\/h2>\n\t\t\t\t\t\t\t\t\t<p class=\"elementor-icon-box-description\">\n\t\t\t\t\t\t<p>On how to select the right anti-corrosive coating system for your case.<\/p>\n\t\t\t\t\t<\/p>\n\t\t\t\t\t\t\t<\/div>\n\t\t<\/div>\n\t\t\t\t<\/div>\n\t\t\t\t<\/div>\n\t\t\t\t\t\t<\/div>\n\t\t\t\t\t<\/div>\n\t\t<\/div>\n\t\t\t\t\t\t\t\t<\/div>\n\t\t\t\t\t<\/div>\n\t\t<\/section>\n\t\t\t\t\t\t\t\t\t<\/div>\n\t\t\t<\/div>\n\t\t\t\t\t<\/div>\n\t\t","protected":false},"excerpt":{"rendered":"<p>M\u1ed9t chi\u1ebfc du thuy\u1ec1n \u0111\u01b0\u1ee3c qu\u1ea3n l\u00fd t\u1ed1t, cung c\u1ea5p cho b\u1ea1n m\u1ed9t ngo\u1ea1i h\u00ecnh h\u1ea5p d\u1eabn, b\u1ec1n, \u0111\u1eb9p, s\u00e1ng b\u00f3ng b\u00ean tr\u00ean m\u1edbn n\u01b0\u1edbc. L\u1edbp s\u01a1n cu\u1ed1i L\u1edbp s\u01a1n cu\u1ed1i Globalthane Polyester \u0111\u01b0\u1ee3c thi\u1ebft k\u1ebf \u0111\u1ec3 mang l\u1ea1i s\u1ef1 b\u1ea3o v\u1ec7 d\u00e0i h\u1ea1n h\u01a1n cho con thuy\u1ec1n c\u1ee7a b\u1ea1n ch\u1ed1ng l\u1ea1i c\u00e1c y\u1ebfu t\u1ed1, &#8230; <a title=\"B\u00ean tr\u00ean m\u1edbn n\u01b0\u1edbc\" class=\"read-more\" href=\"https:\/\/globalnavy.net\/vi\/ben-tren-mon-nuoc\/\" aria-label=\"More on B\u00ean tr\u00ean m\u1edbn n\u01b0\u1edbc\">Read more<\/a><\/p>\n","protected":false},"author":1,"featured_media":0,"parent":0,"menu_order":0,"comment_status":"closed","ping_status":"closed","template":"","meta":{"_mi_skip_tracking":false,"_exactmetrics_sitenote_active":false,"_exactmetrics_sitenote_note":"","_exactmetrics_sitenote_category":0},"_links":{"self":[{"href":"https:\/\/globalnavy.net\/vi\/wp-json\/wp\/v2\/pages\/1111"}],"collection":[{"href":"https:\/\/globalnavy.net\/vi\/wp-json\/wp\/v2\/pages"}],"about":[{"href":"https:\/\/globalnavy.net\/vi\/wp-json\/wp\/v2\/types\/page"}],"author":[{"embeddable":true,"href":"https:\/\/globalnavy.net\/vi\/wp-json\/wp\/v2\/users\/1"}],"replies":[{"embeddable":true,"href":"https:\/\/globalnavy.net\/vi\/wp-json\/wp\/v2\/comments?post=1111"}],"version-history":[{"count":1,"href":"https:\/\/globalnavy.net\/vi\/wp-json\/wp\/v2\/pages\/1111\/revisions"}],"predecessor-version":[{"id":1112,"href":"https:\/\/globalnavy.net\/vi\/wp-json\/wp\/v2\/pages\/1111\/revisions\/1112"}],"wp:attachment":[{"href":"https:\/\/globalnavy.net\/vi\/wp-json\/wp\/v2\/media?parent=1111"}],"curies":[{"name":"wp","href":"https:\/\/api.w.org\/{rel}","templated":true}]}}