
{"id":1113,"date":"2018-08-24T14:50:07","date_gmt":"2018-08-24T14:50:07","guid":{"rendered":"http:\/\/globalnavy.net\/bao-ve\/"},"modified":"2021-11-09T16:04:38","modified_gmt":"2021-11-09T16:04:38","slug":"bao-ve","status":"publish","type":"page","link":"https:\/\/globalnavy.net\/vi\/bao-ve\/","title":{"rendered":"B\u1ea3o v\u1ec7"},"content":{"rendered":"\t\t<div data-elementor-type=\"wp-page\" data-elementor-id=\"1113\" class=\"elementor elementor-1113 elementor-365\">\n\t\t\t\t\t\t<div class=\"elementor-inner\">\n\t\t\t\t<div class=\"elementor-section-wrap\">\n\t\t\t\t\t\t\t\t\t<section class=\"elementor-section elementor-top-section elementor-element elementor-element-6cc405a0 elementor-section-boxed elementor-section-height-default elementor-section-height-default\" data-id=\"6cc405a0\" data-element_type=\"section\">\n\t\t\t\t\t\t<div class=\"elementor-container elementor-column-gap-default\">\n\t\t\t\t\t\t\t<div class=\"elementor-row\">\n\t\t\t\t\t<div class=\"elementor-column elementor-col-100 elementor-top-column elementor-element elementor-element-85b9c1\" data-id=\"85b9c1\" data-element_type=\"column\">\n\t\t\t<div class=\"elementor-column-wrap elementor-element-populated\">\n\t\t\t\t\t\t\t<div class=\"elementor-widget-wrap\">\n\t\t\t\t\t\t<div class=\"elementor-element elementor-element-5066217e elementor-widget elementor-widget-text-editor\" data-id=\"5066217e\" data-element_type=\"widget\" data-widget_type=\"text-editor.default\">\n\t\t\t\t<div class=\"elementor-widget-container\">\n\t\t\t\t\t\t\t\t<div class=\"elementor-text-editor elementor-clearfix\">\n\t\t\t\t<div class=\"justifiedtext\">\n\n<img loading=\"lazy\" src=\"http:\/\/globalnavy.net\/wp-content\/uploads\/2018\/08\/protective_scaled.jpg\" alt=\"\" width=\"725\" height=\"150\" class=\"alignnone size-full wp-image-544\" srcset=\"https:\/\/globalnavy.net\/wp-content\/uploads\/2018\/08\/protective_scaled.jpg 725w, https:\/\/globalnavy.net\/wp-content\/uploads\/2018\/08\/protective_scaled-300x62.jpg 300w\" sizes=\"(max-width: 725px) 100vw, 725px\" \/>\n\n<p>C\u00e1c l\u1edbp ph\u1ee7 b\u1ea3o v\u1ec7 cung c\u1ea5p s\u1ee9c ch\u1ecbu \u0111\u1ef1ng \u0111\u1ed1i v\u1edbi c\u00e1c m\u1ed1i nguy hi\u1ec3m th\u01b0\u1eddng xuy\u00ean v\u00e0 c\u00e1c h\u01b0 h\u1ecfng c\u01a1 h\u1ecdc t\u1eeb vi\u1ec7c s\u1eed d\u1ee5ng v\u00e0 ti\u1ebfp x\u00fac v\u1edbi c\u00e1c m\u00f4i tr\u01b0\u1eddng kh\u1eafc nghi\u1ec7t nh\u1ea5t.<\/p>\n\n<p>Globalnavy ph\u00e1t tri\u1ec3n v\u00e0 s\u1ea3n xu\u1ea5t \u0111\u1ee7 lo\u1ea1i s\u1ea3n ph\u1ea9m s\u01a1n b\u1ea3o v\u1ec7. Trong m\u1ecdi tr\u01b0\u1eddng h\u1ee3p, ch\u1ee9c n\u0103ng ch\u00ednh l\u00e0 \u0111\u1ec3 cho ph\u00e9p h\u00e0ng h\u00f3a c\u1ee7a b\u1ea1n v\u1eabn trong t\u00ecnh tr\u1ea1ng tuy\u1ec7t v\u1eddi theo th\u1eddi gian, cung c\u1ea5p vi\u1ec7c b\u1ea3o v\u1ec7 cao \u0111\u1ed1i v\u1edbi c\u00e1c t\u00e1c nh\u00e2n h\u00f3a h\u1ecdc, s\u1ef1 m\u00e0i m\u00f2n v\u00e0 b\u1ee9c x\u1ea1 tia c\u1ef1c t\u00edm.<\/p>\n\n<p>D\u1ecbch v\u1ee5 k\u1ef9 thu\u1eadt s\u01a1n ph\u1ee7 b\u1ea3o v\u1ec7 c\u00f4ng nghi\u1ec7p \u0111\u01b0\u1ee3c t\u1eadp trung v\u00e0 cam k\u1ebft c\u1ee7a ch\u00fang t\u00f4i s\u1eb5n s\u00e0ng \u0111\u1ea3m nh\u1eadn c\u00e1c y\u00eau c\u1ea7u v\u1ec1 s\u01a1n ph\u1ee7 c\u1ee7a b\u1ea5t k\u1ef3 d\u1ef1 \u00e1n c\u00f4ng nghi\u1ec7p n\u00e0o.<\/p>\n\n<h2>Know More<\/h2>\n\n<div class=\"subsegment_list\">\n<ul>\n<li><a href=\"http:\/\/globalnavy.net\/vi\/nganh-cong-nghiep-hoa-chat-bot-giay-va-giay\/\">Ng\u00e0nh c\u00f4ng nghi\u1ec7p h\u00f3a ch\u1ea5t, b\u1ed9t gi\u1ea5y v\u00e0 gi\u1ea5y<\/a><\/li>\n<li><a href=\"http:\/\/globalnavy.net\/vi\/cong-te-no\/\">C\u00f4ng-te-n\u01a1<\/a><\/li>\n<li><a href=\"http:\/\/globalnavy.net\/vi\/co-so-ha-tang\/\">C\u01a1 s\u1edf h\u1ea1 t\u1ea7ng<\/a><\/li>\n<li><a href=\"http:\/\/globalnavy.net\/vi\/khai-mo-va-khoang-san\/\">Khai m\u1ecf v\u00e0 kho\u00e1ng s\u1ea3n<\/a><\/li>\n<li><a href=\"http:\/\/globalnavy.net\/vi\/nganh-dau-khi\/\">Ng\u00e0nh d\u1ea7u kh\u00ed<\/a><\/li>\n<li><a href=\"http:\/\/globalnavy.net\/vi\/nganh-dien\/\">Ng\u00e0nh \u0111i\u1ec7n<\/a><\/li>\n<li><a href=\"http:\/\/globalnavy.net\/vi\/ap-dung-duoi-nuoc\/\">\u00c1p d\u1ee5ng d\u01b0\u1edbi n\u01b0\u1edbc<\/a><\/li>\n<\/ul>\n<\/div>\n\n<h2>Downloads<\/h2>\n\n<a class=\"brochure_link\" href=\"http:\/\/globalnavy.net\/wp-content\/uploads\/2018\/10\/Protective1_Brochura_PROTECTIVE_COATINGS_UK_FR_VN.pdf\" target=\"_blank\">Protective Coatings<\/a><a class=\"brochure_link\" href=\"http:\/\/globalnavy.net\/wp-content\/uploads\/2018\/10\/Protective2_PROTECTIVE_COATINGS_PT_UK_FR_VN.pdf\" target=\"_blank\">Protective Coatings 2<\/a><a class=\"brochure_link\" href=\"http:\/\/globalnavy.net\/wp-content\/uploads\/2018\/10\/Protective3_Painting_Scheme_UK_FR_VN.pdf\" target=\"_blank\">Painting Scheme<\/a><a class=\"brochure_link\" href=\"http:\/\/globalnavy.net\/wp-content\/uploads\/2018\/10\/Protective4_CUI_1_2016_GLOBALNAVY_PT_UK_FR_VN.pdf\" target=\"_blank\">C.U.I.<\/a><a class=\"brochure_link\" href=\"http:\/\/globalnavy.net\/wp\n\n-\ncontent\/uploads\/2021\/11\/Monofolha-101EP_12-v15.pdf\" target=\"_blank\">GN101EP Sheet<\/a>\n<\/div>\t\t\t\t\t<\/div>\n\t\t\t\t\t\t<\/div>\n\t\t\t\t<\/div>\n\t\t\t\t\t\t<\/div>\n\t\t\t\t\t<\/div>\n\t\t<\/div>\n\t\t\t\t\t\t\t\t<\/div>\n\t\t\t\t\t<\/div>\n\t\t<\/section>\n\t\t\t\t\t\t\t\t\t<\/div>\n\t\t\t<\/div>\n\t\t\t\t\t<\/div>\n\t\t","protected":false},"excerpt":{"rendered":"<p>C\u00e1c l\u1edbp ph\u1ee7 b\u1ea3o v\u1ec7 cung c\u1ea5p s\u1ee9c ch\u1ecbu \u0111\u1ef1ng \u0111\u1ed1i v\u1edbi c\u00e1c m\u1ed1i nguy hi\u1ec3m th\u01b0\u1eddng xuy\u00ean v\u00e0 c\u00e1c h\u01b0 h\u1ecfng c\u01a1 h\u1ecdc t\u1eeb vi\u1ec7c s\u1eed d\u1ee5ng v\u00e0 ti\u1ebfp x\u00fac v\u1edbi c\u00e1c m\u00f4i tr\u01b0\u1eddng kh\u1eafc nghi\u1ec7t nh\u1ea5t. Globalnavy ph\u00e1t tri\u1ec3n v\u00e0 s\u1ea3n xu\u1ea5t \u0111\u1ee7 lo\u1ea1i s\u1ea3n ph\u1ea9m s\u01a1n b\u1ea3o v\u1ec7. Trong m\u1ecdi tr\u01b0\u1eddng h\u1ee3p, &#8230; <a title=\"B\u1ea3o v\u1ec7\" class=\"read-more\" href=\"https:\/\/globalnavy.net\/vi\/bao-ve\/\" aria-label=\"More on B\u1ea3o v\u1ec7\">Read more<\/a><\/p>\n","protected":false},"author":1,"featured_media":0,"parent":0,"menu_order":0,"comment_status":"closed","ping_status":"closed","template":"","meta":{"_mi_skip_tracking":false,"_exactmetrics_sitenote_active":false,"_exactmetrics_sitenote_note":"","_exactmetrics_sitenote_category":0},"_links":{"self":[{"href":"https:\/\/globalnavy.net\/vi\/wp-json\/wp\/v2\/pages\/1113"}],"collection":[{"href":"https:\/\/globalnavy.net\/vi\/wp-json\/wp\/v2\/pages"}],"about":[{"href":"https:\/\/globalnavy.net\/vi\/wp-json\/wp\/v2\/types\/page"}],"author":[{"embeddable":true,"href":"https:\/\/globalnavy.net\/vi\/wp-json\/wp\/v2\/users\/1"}],"replies":[{"embeddable":true,"href":"https:\/\/globalnavy.net\/vi\/wp-json\/wp\/v2\/comments?post=1113"}],"version-history":[{"count":5,"href":"https:\/\/globalnavy.net\/vi\/wp-json\/wp\/v2\/pages\/1113\/revisions"}],"predecessor-version":[{"id":4331,"href":"https:\/\/globalnavy.net\/vi\/wp-json\/wp\/v2\/pages\/1113\/revisions\/4331"}],"wp:attachment":[{"href":"https:\/\/globalnavy.net\/vi\/wp-json\/wp\/v2\/media?parent=1113"}],"curies":[{"name":"wp","href":"https:\/\/api.w.org\/{rel}","templated":true}]}}