
{"id":1117,"date":"2018-08-24T15:03:54","date_gmt":"2018-08-24T15:03:54","guid":{"rendered":"http:\/\/globalnavy.net\/cong-te-no\/"},"modified":"2018-08-24T15:04:16","modified_gmt":"2018-08-24T15:04:16","slug":"cong-te-no","status":"publish","type":"page","link":"https:\/\/globalnavy.net\/vi\/cong-te-no\/","title":{"rendered":"C\u00f4ng-te-n\u01a1"},"content":{"rendered":"\t\t<div data-elementor-type=\"wp-post\" data-elementor-id=\"1117\" class=\"elementor elementor-1117 elementor-374 elementor-bc-flex-widget\">\n\t\t\t\t\t\t<div class=\"elementor-inner\">\n\t\t\t\t<div class=\"elementor-section-wrap\">\n\t\t\t\t\t\t\t\t\t<section class=\"elementor-section elementor-top-section elementor-element elementor-element-c5ee9be elementor-section-boxed elementor-section-height-default elementor-section-height-default\" data-id=\"c5ee9be\" data-element_type=\"section\">\n\t\t\t\t\t\t<div class=\"elementor-container elementor-column-gap-default\">\n\t\t\t\t\t\t\t<div class=\"elementor-row\">\n\t\t\t\t\t<div class=\"elementor-column elementor-col-100 elementor-top-column elementor-element elementor-element-a40be9e\" data-id=\"a40be9e\" data-element_type=\"column\">\n\t\t\t<div class=\"elementor-column-wrap elementor-element-populated\">\n\t\t\t\t\t\t\t<div class=\"elementor-widget-wrap\">\n\t\t\t\t\t\t<div class=\"elementor-element elementor-element-c4ef8fc elementor-widget elementor-widget-image\" data-id=\"c4ef8fc\" data-element_type=\"widget\" data-widget_type=\"image.default\">\n\t\t\t\t<div class=\"elementor-widget-container\">\n\t\t\t\t\t\t\t\t<div class=\"elementor-image\">\n\t\t\t\t\t\t\t\t\t\t\t\t<img width=\"725\" height=\"150\" src=\"https:\/\/globalnavy.net\/wp-content\/uploads\/2018\/08\/containers_scaled.jpg\" class=\"attachment-full size-full wp-image-549\" alt=\"\" loading=\"lazy\" srcset=\"https:\/\/globalnavy.net\/wp-content\/uploads\/2018\/08\/containers_scaled.jpg 725w, https:\/\/globalnavy.net\/wp-content\/uploads\/2018\/08\/containers_scaled-300x62.jpg 300w\" sizes=\"(max-width: 725px) 100vw, 725px\" \/>\t\t\t\t\t\t\t\t\t\t\t\t\t\t<\/div>\n\t\t\t\t\t\t<\/div>\n\t\t\t\t<\/div>\n\t\t\t\t\t\t<\/div>\n\t\t\t\t\t<\/div>\n\t\t<\/div>\n\t\t\t\t\t\t\t\t<\/div>\n\t\t\t\t\t<\/div>\n\t\t<\/section>\n\t\t\t\t<section class=\"elementor-section elementor-top-section elementor-element elementor-element-773a155 elementor-section-boxed elementor-section-height-default elementor-section-height-default\" data-id=\"773a155\" data-element_type=\"section\">\n\t\t\t\t\t\t<div class=\"elementor-container elementor-column-gap-default\">\n\t\t\t\t\t\t\t<div class=\"elementor-row\">\n\t\t\t\t\t<div class=\"elementor-column elementor-col-100 elementor-top-column elementor-element elementor-element-28f3292\" data-id=\"28f3292\" data-element_type=\"column\">\n\t\t\t<div class=\"elementor-column-wrap elementor-element-populated\">\n\t\t\t\t\t\t\t<div class=\"elementor-widget-wrap\">\n\t\t\t\t\t\t<div class=\"elementor-element elementor-element-9d2669b elementor-widget elementor-widget-text-editor\" data-id=\"9d2669b\" data-element_type=\"widget\" data-widget_type=\"text-editor.default\">\n\t\t\t\t<div class=\"elementor-widget-container\">\n\t\t\t\t\t\t\t\t<div class=\"elementor-text-editor elementor-clearfix\">\n\t\t\t\t<div class=\"justifiedtext\">\n<p>Nh\u1eefng k\u1ebft c\u1ea5u n\u00e0y ph\u1ea3i ch\u1ecbu c\u00e1c \u0111i\u1ec1u ki\u1ec7n m\u00f4i tr\u01b0\u1eddng kh\u1eafc nghi\u1ec7t nh\u1ea5t c\u0169ng nh\u01b0 ch\u1ecbu nh\u1eefng va ch\u1ea1m c\u01a1 h\u1ecdc m\u1ea1nh, v\u00ec v\u1eady \u0111i\u1ec1u quan tr\u1ecdng l\u00e0 b\u1ea3o v\u1ec7 kh\u00f4ng nh\u1eefng b\u00ean ngo\u00e0i m\u00e0 c\u00f2n c\u1ea3 b\u00ean trong.<\/p>\n<p>Globalnavy ph\u00e1t tri\u1ec3n v\u00e0 s\u1ea3n xu\u1ea5t m\u1ed9t lo\u1ea1t c\u00e1c l\u1edbp ph\u1ee7 cho c\u00f4ng-te-n\u01a1, \u0111\u1ea3m b\u1ea3o th\u1eddi gian kh\u00f4 nhanh v\u00e0 chu k\u1ef3 b\u1ea3o d\u01b0\u1ee1ng \u0111\u01b0\u1ee3c t\u0103ng l\u00ean.<\/p>\n<p>Nh\u01b0 v\u1eady, c\u0169ng nh\u01b0 c\u00e1c l\u1edbp l\u00f3t c\u00f4ng-te-n\u01a1 \u0111\u00f3ng m\u1edbi, Globalnavy c\u0169ng ph\u00e1t tri\u1ec3n v\u00e0 s\u1ea3n xu\u1ea5t \u0111\u1ee7 lo\u1ea1i l\u1edbp s\u01a1n ph\u1ee7 cho b\u1ea3o tr\u00ec.<\/p>\n<\/div>\n\t\t\t\t\t<\/div>\n\t\t\t\t\t\t<\/div>\n\t\t\t\t<\/div>\n\t\t\t\t\t\t<\/div>\n\t\t\t\t\t<\/div>\n\t\t<\/div>\n\t\t\t\t\t\t\t\t<\/div>\n\t\t\t\t\t<\/div>\n\t\t<\/section>\n\t\t\t\t<section class=\"elementor-section elementor-top-section elementor-element elementor-element-0af756e elementor-section-boxed elementor-section-height-default elementor-section-height-default\" data-id=\"0af756e\" data-element_type=\"section\">\n\t\t\t\t\t\t<div class=\"elementor-container elementor-column-gap-default\">\n\t\t\t\t\t\t\t<div class=\"elementor-row\">\n\t\t\t\t\t<div class=\"elementor-column elementor-col-100 elementor-top-column elementor-element elementor-element-ab7401b\" data-id=\"ab7401b\" data-element_type=\"column\">\n\t\t\t<div class=\"elementor-column-wrap elementor-element-populated\">\n\t\t\t\t\t\t\t<div class=\"elementor-widget-wrap\">\n\t\t\t\t\t\t<div class=\"elementor-element elementor-element-84645ba elementor-position-left elementor-view-default elementor-mobile-position-top elementor-vertical-align-top elementor-widget elementor-widget-icon-box\" data-id=\"84645ba\" data-element_type=\"widget\" data-widget_type=\"icon-box.default\">\n\t\t\t\t<div class=\"elementor-widget-container\">\n\t\t\t\t\t<div class=\"elementor-icon-box-wrapper\">\n\t\t\t\t\t\t<div class=\"elementor-icon-box-icon\">\n\t\t\t\t<span class=\"elementor-icon elementor-animation-\" >\n\t\t\t\t<i class=\"fa fa-check-circle\" aria-hidden=\"true\"><\/i>\t\t\t\t<\/span>\n\t\t\t<\/div>\n\t\t\t\t\t\t<div class=\"elementor-icon-box-content\">\n\t\t\t\t<h2 class=\"elementor-icon-box-title\">\n\t\t\t\t\t<span  >\n\t\t\t\t\t\tT\u1ea1i sao ch\u1ecdn l\u1edbp ph\u1ee7 Globalnavy?\t\t\t\t\t<\/span>\n\t\t\t\t<\/h2>\n\t\t\t\t\t\t\t\t\t<p class=\"elementor-icon-box-description\">\n\t\t\t\t\t\t<p>Globalnavy cung c\u1ea5p \u0111\u1ee7 lo\u1ea1i l\u1edbp ph\u1ee7 hi\u1ec7u su\u1ea5t cao, t\u1eeb ch\u1ecbu k\u1ebdm ho\u1eb7c s\u01a1n l\u00f3t epoxy \u0111\u1ebfn l\u1edbp ho\u00e0n thi\u1ec7n polyurethane cho ph\u00e9p thi\u1ebft k\u1ebf gi\u1ea3i ph\u00e1p t\u1ed1t nh\u1ea5t cho t\u1eebng tr\u01b0\u1eddng h\u1ee3p. L\u1edbp s\u01a1n l\u00f3t c\u00f3 t\u00ednh n\u0103ng b\u1ea3o v\u1ec7 ch\u1ed1ng \u0103n m\u00f2n tuy\u1ec7t v\u1eddi k\u1ebft h\u1ee3p v\u1edbi l\u1edbp ho\u00e0n thi\u1ec7n hi\u1ec7u su\u1ea5t cao, GlobalThane GN206, gi\u00fap duy tr\u00ec m\u1eb7t th\u1ea9m m\u1ef9 t\u1ed1t c\u1ee7a k\u1ebft c\u1ea5u theo th\u1eddi gian.<\/p>\n<p>Ch\u00fang t\u00f4i ph\u00e1t tri\u1ec3n \"GlobalWEC\" (Water Epoxy for Containers) h\u1ec7 s\u01a1n ch\u1ed1ng \u0103n m\u00f2n g\u1ed1c n\u01b0\u1edbc \u0111\u01b0\u1ee3c thi\u1ebft k\u1ebf \u0111\u1eb7c bi\u1ec7t cho lo\u1ea1i \u00e1p d\u1ee5ng n\u00e0y.<\/p>\n\t\t\t\t\t<\/p>\n\t\t\t\t\t\t\t<\/div>\n\t\t<\/div>\n\t\t\t\t<\/div>\n\t\t\t\t<\/div>\n\t\t\t\t\t\t<\/div>\n\t\t\t\t\t<\/div>\n\t\t<\/div>\n\t\t\t\t\t\t\t\t<\/div>\n\t\t\t\t\t<\/div>\n\t\t<\/section>\n\t\t\t\t<section class=\"elementor-section elementor-top-section elementor-element elementor-element-4fd08e8 elementor-section-boxed elementor-section-height-default elementor-section-height-default\" data-id=\"4fd08e8\" data-element_type=\"section\">\n\t\t\t\t\t\t<div class=\"elementor-container elementor-column-gap-default\">\n\t\t\t\t\t\t\t<div class=\"elementor-row\">\n\t\t\t\t\t<div class=\"elementor-column elementor-col-100 elementor-top-column elementor-element elementor-element-e278ff8\" data-id=\"e278ff8\" data-element_type=\"column\">\n\t\t\t<div class=\"elementor-column-wrap elementor-element-populated\">\n\t\t\t\t\t\t\t<div class=\"elementor-widget-wrap\">\n\t\t\t\t\t\t<div class=\"elementor-element elementor-element-666798e elementor-position-left elementor-view-default elementor-mobile-position-top elementor-vertical-align-top elementor-widget elementor-widget-icon-box\" data-id=\"666798e\" data-element_type=\"widget\" data-widget_type=\"icon-box.default\">\n\t\t\t\t<div class=\"elementor-widget-container\">\n\t\t\t\t\t<div class=\"elementor-icon-box-wrapper\">\n\t\t\t\t\t\t<div class=\"elementor-icon-box-icon\">\n\t\t\t\t<a class=\"elementor-icon elementor-animation-\" href=\"\/?page_id=83\">\n\t\t\t\t<i class=\"fa fa-phone\" aria-hidden=\"true\"><\/i>\t\t\t\t<\/a>\n\t\t\t<\/div>\n\t\t\t\t\t\t<div class=\"elementor-icon-box-content\">\n\t\t\t\t<h2 class=\"elementor-icon-box-title\">\n\t\t\t\t\t<a href=\"\/?page_id=83\" >\n\t\t\t\t\t\tContact Us\t\t\t\t\t<\/a>\n\t\t\t\t<\/h2>\n\t\t\t\t\t\t\t\t\t<p class=\"elementor-icon-box-description\">\n\t\t\t\t\t\t<p>On how to select the right anti-corrosive coating system for your case.<\/p>\n\t\t\t\t\t<\/p>\n\t\t\t\t\t\t\t<\/div>\n\t\t<\/div>\n\t\t\t\t<\/div>\n\t\t\t\t<\/div>\n\t\t\t\t\t\t<\/div>\n\t\t\t\t\t<\/div>\n\t\t<\/div>\n\t\t\t\t\t\t\t\t<\/div>\n\t\t\t\t\t<\/div>\n\t\t<\/section>\n\t\t\t\t\t\t\t\t\t<\/div>\n\t\t\t<\/div>\n\t\t\t\t\t<\/div>\n\t\t","protected":false},"excerpt":{"rendered":"<p>Nh\u1eefng k\u1ebft c\u1ea5u n\u00e0y ph\u1ea3i ch\u1ecbu c\u00e1c \u0111i\u1ec1u ki\u1ec7n m\u00f4i tr\u01b0\u1eddng kh\u1eafc nghi\u1ec7t nh\u1ea5t c\u0169ng nh\u01b0 ch\u1ecbu nh\u1eefng va ch\u1ea1m c\u01a1 h\u1ecdc m\u1ea1nh, v\u00ec v\u1eady \u0111i\u1ec1u quan tr\u1ecdng l\u00e0 b\u1ea3o v\u1ec7 kh\u00f4ng nh\u1eefng b\u00ean ngo\u00e0i m\u00e0 c\u00f2n c\u1ea3 b\u00ean trong. Globalnavy ph\u00e1t tri\u1ec3n v\u00e0 s\u1ea3n xu\u1ea5t m\u1ed9t lo\u1ea1t c\u00e1c l\u1edbp ph\u1ee7 cho c\u00f4ng-te-n\u01a1, \u0111\u1ea3m b\u1ea3o &#8230; <a title=\"C\u00f4ng-te-n\u01a1\" class=\"read-more\" href=\"https:\/\/globalnavy.net\/vi\/cong-te-no\/\" aria-label=\"More on C\u00f4ng-te-n\u01a1\">Read more<\/a><\/p>\n","protected":false},"author":1,"featured_media":0,"parent":0,"menu_order":0,"comment_status":"closed","ping_status":"closed","template":"","meta":{"_mi_skip_tracking":false,"_exactmetrics_sitenote_active":false,"_exactmetrics_sitenote_note":"","_exactmetrics_sitenote_category":0},"_links":{"self":[{"href":"https:\/\/globalnavy.net\/vi\/wp-json\/wp\/v2\/pages\/1117"}],"collection":[{"href":"https:\/\/globalnavy.net\/vi\/wp-json\/wp\/v2\/pages"}],"about":[{"href":"https:\/\/globalnavy.net\/vi\/wp-json\/wp\/v2\/types\/page"}],"author":[{"embeddable":true,"href":"https:\/\/globalnavy.net\/vi\/wp-json\/wp\/v2\/users\/1"}],"replies":[{"embeddable":true,"href":"https:\/\/globalnavy.net\/vi\/wp-json\/wp\/v2\/comments?post=1117"}],"version-history":[{"count":1,"href":"https:\/\/globalnavy.net\/vi\/wp-json\/wp\/v2\/pages\/1117\/revisions"}],"predecessor-version":[{"id":1118,"href":"https:\/\/globalnavy.net\/vi\/wp-json\/wp\/v2\/pages\/1117\/revisions\/1118"}],"wp:attachment":[{"href":"https:\/\/globalnavy.net\/vi\/wp-json\/wp\/v2\/media?parent=1117"}],"curies":[{"name":"wp","href":"https:\/\/api.w.org\/{rel}","templated":true}]}}