
{"id":1119,"date":"2018-08-24T15:07:24","date_gmt":"2018-08-24T15:07:24","guid":{"rendered":"http:\/\/globalnavy.net\/co-so-ha-tang\/"},"modified":"2018-10-31T19:37:53","modified_gmt":"2018-10-31T19:37:53","slug":"co-so-ha-tang","status":"publish","type":"page","link":"https:\/\/globalnavy.net\/vi\/co-so-ha-tang\/","title":{"rendered":"C\u01a1 s\u1edf h\u1ea1 t\u1ea7ng"},"content":{"rendered":"\t\t<div data-elementor-type=\"wp-post\" data-elementor-id=\"1119\" class=\"elementor elementor-1119 elementor-377 elementor-bc-flex-widget\">\n\t\t\t\t\t\t<div class=\"elementor-inner\">\n\t\t\t\t<div class=\"elementor-section-wrap\">\n\t\t\t\t\t\t\t\t\t<section class=\"elementor-section elementor-top-section elementor-element elementor-element-69f90fa elementor-section-boxed elementor-section-height-default elementor-section-height-default\" data-id=\"69f90fa\" data-element_type=\"section\">\n\t\t\t\t\t\t<div class=\"elementor-container elementor-column-gap-default\">\n\t\t\t\t\t\t\t<div class=\"elementor-row\">\n\t\t\t\t\t<div class=\"elementor-column elementor-col-100 elementor-top-column elementor-element elementor-element-d845991\" data-id=\"d845991\" data-element_type=\"column\">\n\t\t\t<div class=\"elementor-column-wrap elementor-element-populated\">\n\t\t\t\t\t\t\t<div class=\"elementor-widget-wrap\">\n\t\t\t\t\t\t<div class=\"elementor-element elementor-element-b8fb818 elementor-widget elementor-widget-image\" data-id=\"b8fb818\" data-element_type=\"widget\" data-widget_type=\"image.default\">\n\t\t\t\t<div class=\"elementor-widget-container\">\n\t\t\t\t\t\t\t\t<div class=\"elementor-image\">\n\t\t\t\t\t\t\t\t\t\t\t\t<img width=\"725\" height=\"150\" src=\"https:\/\/globalnavy.net\/wp-content\/uploads\/2018\/08\/infrastructures_scaled.jpg\" class=\"attachment-full size-full wp-image-553\" alt=\"\" loading=\"lazy\" srcset=\"https:\/\/globalnavy.net\/wp-content\/uploads\/2018\/08\/infrastructures_scaled.jpg 725w, https:\/\/globalnavy.net\/wp-content\/uploads\/2018\/08\/infrastructures_scaled-300x62.jpg 300w\" sizes=\"(max-width: 725px) 100vw, 725px\" \/>\t\t\t\t\t\t\t\t\t\t\t\t\t\t<\/div>\n\t\t\t\t\t\t<\/div>\n\t\t\t\t<\/div>\n\t\t\t\t\t\t<\/div>\n\t\t\t\t\t<\/div>\n\t\t<\/div>\n\t\t\t\t\t\t\t\t<\/div>\n\t\t\t\t\t<\/div>\n\t\t<\/section>\n\t\t\t\t<section class=\"elementor-section elementor-top-section elementor-element elementor-element-773a155 elementor-section-boxed elementor-section-height-default elementor-section-height-default\" data-id=\"773a155\" data-element_type=\"section\">\n\t\t\t\t\t\t<div class=\"elementor-container elementor-column-gap-default\">\n\t\t\t\t\t\t\t<div class=\"elementor-row\">\n\t\t\t\t\t<div class=\"elementor-column elementor-col-100 elementor-top-column elementor-element elementor-element-28f3292\" data-id=\"28f3292\" data-element_type=\"column\">\n\t\t\t<div class=\"elementor-column-wrap elementor-element-populated\">\n\t\t\t\t\t\t\t<div class=\"elementor-widget-wrap\">\n\t\t\t\t\t\t<div class=\"elementor-element elementor-element-9d2669b elementor-widget elementor-widget-text-editor\" data-id=\"9d2669b\" data-element_type=\"widget\" data-widget_type=\"text-editor.default\">\n\t\t\t\t<div class=\"elementor-widget-container\">\n\t\t\t\t\t\t\t\t<div class=\"elementor-text-editor elementor-clearfix\">\n\t\t\t\t<div class=\"justifiedtext\">\n<p>C\u00e1c c\u01a1 s\u1edf h\u1ea1 t\u1ea7ng b\u1eb1ng b\u00ea t\u00f4ng v\u00e0 th\u00e9p ph\u1ea3i ch\u1ecbu c\u00e1c m\u00f4i tr\u01b0\u1eddng \u0103n m\u00f2n kh\u00e1c nhau v\u00e0 b\u1edfi v\u1eady y\u00eau c\u1ea7u h\u1ec7 s\u01a1n b\u1ea3o v\u1ec7 ch\u1ed1ng \u0103n m\u00f2n hi\u1ec7u su\u1ea5t cao v\u1edbi nh\u1eefng n\u1ed7 l\u1ef1c li\u00ean t\u1ee5c \u0111\u1ec3 cung c\u1ea5p t\u1ef7 l\u1ec7 chi ph\u00ed-l\u1ee3i \u00edch t\u1ed1t nh\u1ea5t.<\/p>\n<p>Globalnavy ph\u00e1t tri\u1ec3n v\u00e0 s\u1ea3n xu\u1ea5t m\u1ed9t lo\u1ea1t b\u1ea3o v\u1ec7 th\u00f4ng qua c\u00e1c l\u1edbp ph\u1ee7 hi\u1ec7u su\u1ea5t cao cho th\u1ecb tr\u01b0\u1eddng c\u01a1 s\u1edf h\u1ea1 t\u1ea7ng th\u00e9p v\u00e0 b\u00ea t\u00f4ng.<\/p>\n<\/div>\n\t\t\t\t\t<\/div>\n\t\t\t\t\t\t<\/div>\n\t\t\t\t<\/div>\n\t\t\t\t\t\t<\/div>\n\t\t\t\t\t<\/div>\n\t\t<\/div>\n\t\t\t\t\t\t\t\t<\/div>\n\t\t\t\t\t<\/div>\n\t\t<\/section>\n\t\t\t\t<section class=\"elementor-section elementor-top-section elementor-element elementor-element-867893d elementor-section-boxed elementor-section-height-default elementor-section-height-default\" data-id=\"867893d\" data-element_type=\"section\">\n\t\t\t\t\t\t<div class=\"elementor-container elementor-column-gap-default\">\n\t\t\t\t\t\t\t<div class=\"elementor-row\">\n\t\t\t\t\t<div class=\"elementor-column elementor-col-100 elementor-top-column elementor-element elementor-element-f209082\" data-id=\"f209082\" data-element_type=\"column\">\n\t\t\t<div class=\"elementor-column-wrap elementor-element-populated\">\n\t\t\t\t\t\t\t<div class=\"elementor-widget-wrap\">\n\t\t\t\t\t\t<section class=\"elementor-section elementor-inner-section elementor-element elementor-element-e56846d elementor-section-boxed elementor-section-height-default elementor-section-height-default\" data-id=\"e56846d\" data-element_type=\"section\">\n\t\t\t\t\t\t<div class=\"elementor-container elementor-column-gap-default\">\n\t\t\t\t\t\t\t<div class=\"elementor-row\">\n\t\t\t\t\t<div class=\"elementor-column elementor-col-50 elementor-inner-column elementor-element elementor-element-4e89b60\" data-id=\"4e89b60\" data-element_type=\"column\">\n\t\t\t<div class=\"elementor-column-wrap elementor-element-populated\">\n\t\t\t\t\t\t\t<div class=\"elementor-widget-wrap\">\n\t\t\t\t\t\t<div class=\"elementor-element elementor-element-429eb6b elementor-widget elementor-widget-html\" data-id=\"429eb6b\" data-element_type=\"widget\" data-widget_type=\"html.default\">\n\t\t\t\t<div class=\"elementor-widget-container\">\n\t\t\t<h3><strong>Th\u00e9p<\/strong><\/h3>\n<ul style=\"margin-left:20px; list-style-type:square;\">\n<li>Boong t\u00e0u<\/li>\n<li>S\u00e0n<\/li>\n<li>\u1ed0ng kh\u00f3i c\u00f4ng nghi\u1ec7p<\/li>\n<li>\u0110\u01b0\u1eddng \u1ed1ng<\/li>\n<li>Th\u00e9p k\u1ebft c\u1ea5u<\/li>\n<li>B\u1ed3n ch\u1ee9a<\/li>\n<li>L\u1edbp l\u00f3t b\u1ed3n<\/li>\n<li>V\u00e0 nh\u1eefng c\u00e1i kh\u00e1c<\/li>\n<\/ul>\n\t\t<\/div>\n\t\t\t\t<\/div>\n\t\t\t\t\t\t<\/div>\n\t\t\t\t\t<\/div>\n\t\t<\/div>\n\t\t\t\t<div class=\"elementor-column elementor-col-50 elementor-inner-column elementor-element elementor-element-ed90b7a\" data-id=\"ed90b7a\" data-element_type=\"column\">\n\t\t\t<div class=\"elementor-column-wrap elementor-element-populated\">\n\t\t\t\t\t\t\t<div class=\"elementor-widget-wrap\">\n\t\t\t\t\t\t<div class=\"elementor-element elementor-element-0a41722 elementor-widget elementor-widget-html\" data-id=\"0a41722\" data-element_type=\"widget\" data-widget_type=\"html.default\">\n\t\t\t\t<div class=\"elementor-widget-container\">\n\t\t\t<h3><strong>B\u00ea t\u00f4ng<\/strong><\/h3>\n<ul style=\"margin-left:20px; list-style-type:square;\">\n<li>Boong t\u00e0u<\/li>\n<li>S\u00e0n<\/li>\n<li>\u1ed0ng kh\u00f3i c\u00f4ng nghi\u1ec7p<\/li>\n<li>\u0110\u01b0\u1eddng \u1ed1ng<\/li>\n<li>B\u00ea t\u00f4ng k\u1ebft c\u1ea5u<\/li>\n<li>B\u1ed3n ch\u1ee9a<\/li>\n<li>L\u1edbp l\u00f3t b\u1ed3n<\/li>\n<li>X\u1eed l\u00fd n\u01b0\u1edbc th\u1ea3i<\/li>\n<li>V\u00e0 nh\u1eefng c\u00e1i kh\u00e1c<\/li>\n<\/ul>\n\t\t<\/div>\n\t\t\t\t<\/div>\n\t\t\t\t\t\t<\/div>\n\t\t\t\t\t<\/div>\n\t\t<\/div>\n\t\t\t\t\t\t\t\t<\/div>\n\t\t\t\t\t<\/div>\n\t\t<\/section>\n\t\t\t\t\t\t<\/div>\n\t\t\t\t\t<\/div>\n\t\t<\/div>\n\t\t\t\t\t\t\t\t<\/div>\n\t\t\t\t\t<\/div>\n\t\t<\/section>\n\t\t\t\t<section class=\"elementor-section elementor-top-section elementor-element elementor-element-0af756e elementor-section-boxed elementor-section-height-default elementor-section-height-default\" data-id=\"0af756e\" data-element_type=\"section\">\n\t\t\t\t\t\t<div class=\"elementor-container elementor-column-gap-default\">\n\t\t\t\t\t\t\t<div class=\"elementor-row\">\n\t\t\t\t\t<div class=\"elementor-column elementor-col-100 elementor-top-column elementor-element elementor-element-ab7401b\" data-id=\"ab7401b\" data-element_type=\"column\">\n\t\t\t<div class=\"elementor-column-wrap elementor-element-populated\">\n\t\t\t\t\t\t\t<div class=\"elementor-widget-wrap\">\n\t\t\t\t\t\t<div class=\"elementor-element elementor-element-84645ba elementor-position-left elementor-view-default elementor-mobile-position-top elementor-vertical-align-top elementor-widget elementor-widget-icon-box\" data-id=\"84645ba\" data-element_type=\"widget\" data-widget_type=\"icon-box.default\">\n\t\t\t\t<div class=\"elementor-widget-container\">\n\t\t\t\t\t<div class=\"elementor-icon-box-wrapper\">\n\t\t\t\t\t\t<div class=\"elementor-icon-box-icon\">\n\t\t\t\t<span class=\"elementor-icon elementor-animation-\" >\n\t\t\t\t<i class=\"fa fa-check-circle\" aria-hidden=\"true\"><\/i>\t\t\t\t<\/span>\n\t\t\t<\/div>\n\t\t\t\t\t\t<div class=\"elementor-icon-box-content\">\n\t\t\t\t<h2 class=\"elementor-icon-box-title\">\n\t\t\t\t\t<span  >\n\t\t\t\t\t\tT\u1ea1i sao ch\u1ecdn l\u1edbp ph\u1ee7 Globalnavy?\t\t\t\t\t<\/span>\n\t\t\t\t<\/h2>\n\t\t\t\t\t\t\t\t\t<p class=\"elementor-icon-box-description\">\n\t\t\t\t\t\t<p>Globalnavy cung c\u1ea5p \u0111\u1ee7 lo\u1ea1i l\u1edbp ph\u1ee7 hi\u1ec7u su\u1ea5t cao, GlobalDur GN101, mang l\u1ea1i vi\u1ec7c b\u1ea3o v\u1ec7 ch\u1ed1ng \u0103n m\u00f2n tuy\u1ec7t v\u1eddi: c\u00e1c l\u1edbp ph\u1ee7 c\u1ee7a ch\u00fang t\u00f4i \u0111\u01b0\u1ee3c thi\u1ebft k\u1ebf \u0111\u1ec3 ch\u1ecbu \u0111\u1ef1ng, chuy\u1ec3n \u0111\u1ed5i, \u1ee9c ch\u1ebf v\u00e0 kh\u00f4ng dung m\u00f4i, gi\u1ea3m thi\u1ec3u chi ph\u00ed b\u1ea3o d\u01b0\u1ee1ng; v\u00e0 c\u00e1c l\u1edbp ho\u00e0n thi\u1ec7n hi\u1ec7u su\u1ea5t cao, GlobalThane GN206, gi\u1eef cho m\u1eb7t th\u1ea9m m\u1ef9 t\u1ed1t c\u1ee7a c\u01a1 s\u1edf h\u1ea1 t\u1ea7ng theo th\u1eddi gian.<\/p>\n\t\t\t\t\t<\/p>\n\t\t\t\t\t\t\t<\/div>\n\t\t<\/div>\n\t\t\t\t<\/div>\n\t\t\t\t<\/div>\n\t\t\t\t\t\t<\/div>\n\t\t\t\t\t<\/div>\n\t\t<\/div>\n\t\t\t\t\t\t\t\t<\/div>\n\t\t\t\t\t<\/div>\n\t\t<\/section>\n\t\t\t\t<section class=\"elementor-section elementor-top-section elementor-element elementor-element-d2f2cfc elementor-section-boxed elementor-section-height-default elementor-section-height-default\" data-id=\"d2f2cfc\" data-element_type=\"section\">\n\t\t\t\t\t\t<div class=\"elementor-container elementor-column-gap-default\">\n\t\t\t\t\t\t\t<div class=\"elementor-row\">\n\t\t\t\t\t<div class=\"elementor-column elementor-col-100 elementor-top-column elementor-element elementor-element-5d5506a\" data-id=\"5d5506a\" data-element_type=\"column\">\n\t\t\t<div class=\"elementor-column-wrap elementor-element-populated\">\n\t\t\t\t\t\t\t<div class=\"elementor-widget-wrap\">\n\t\t\t\t\t\t<div class=\"elementor-element elementor-element-2ade47a elementor-position-left elementor-view-default elementor-mobile-position-top elementor-vertical-align-top elementor-widget elementor-widget-icon-box\" data-id=\"2ade47a\" data-element_type=\"widget\" data-widget_type=\"icon-box.default\">\n\t\t\t\t<div class=\"elementor-widget-container\">\n\t\t\t\t\t<div class=\"elementor-icon-box-wrapper\">\n\t\t\t\t\t\t<div class=\"elementor-icon-box-icon\">\n\t\t\t\t<span class=\"elementor-icon elementor-animation-\" >\n\t\t\t\t<i class=\"fa fa-thumbs-up\" aria-hidden=\"true\"><\/i>\t\t\t\t<\/span>\n\t\t\t<\/div>\n\t\t\t\t\t\t<div class=\"elementor-icon-box-content\">\n\t\t\t\t<h2 class=\"elementor-icon-box-title\">\n\t\t\t\t\t<span  >\n\t\t\t\t\t\tH\u1ec7 s\u01a1n \u0111\u1ec1 ngh\u1ecb\t\t\t\t\t<\/span>\n\t\t\t\t<\/h2>\n\t\t\t\t\t\t\t\t\t<p class=\"elementor-icon-box-description\">\n\t\t\t\t\t\t<p>GlobalDur HASTIE_EXT (<a href=\"http:\/\/globalnavy.net\/vi\/gn101lcep\/\">GN101LC<\/a> + <a href=\"http:\/\/globalnavy.net\/vi\/gn206pf\/\">GN206PF<\/a>)<\/p>\n<p>GlobalDur HASTIE_INT (<a href=\"http:\/\/globalnavy.net\/vi\/gn101lcep\/\">GN101LCEP<\/a>)<\/p>\n\t\t\t\t\t<\/p>\n\t\t\t\t\t\t\t<\/div>\n\t\t<\/div>\n\t\t\t\t<\/div>\n\t\t\t\t<\/div>\n\t\t\t\t\t\t<\/div>\n\t\t\t\t\t<\/div>\n\t\t<\/div>\n\t\t\t\t\t\t\t\t<\/div>\n\t\t\t\t\t<\/div>\n\t\t<\/section>\n\t\t\t\t<section class=\"elementor-section elementor-top-section elementor-element elementor-element-4fd08e8 elementor-section-boxed elementor-section-height-default elementor-section-height-default\" data-id=\"4fd08e8\" data-element_type=\"section\">\n\t\t\t\t\t\t<div class=\"elementor-container elementor-column-gap-default\">\n\t\t\t\t\t\t\t<div class=\"elementor-row\">\n\t\t\t\t\t<div class=\"elementor-column elementor-col-100 elementor-top-column elementor-element elementor-element-e278ff8\" data-id=\"e278ff8\" data-element_type=\"column\">\n\t\t\t<div class=\"elementor-column-wrap elementor-element-populated\">\n\t\t\t\t\t\t\t<div class=\"elementor-widget-wrap\">\n\t\t\t\t\t\t<div class=\"elementor-element elementor-element-666798e elementor-position-left elementor-view-default elementor-mobile-position-top elementor-vertical-align-top elementor-widget elementor-widget-icon-box\" data-id=\"666798e\" data-element_type=\"widget\" data-widget_type=\"icon-box.default\">\n\t\t\t\t<div class=\"elementor-widget-container\">\n\t\t\t\t\t<div class=\"elementor-icon-box-wrapper\">\n\t\t\t\t\t\t<div class=\"elementor-icon-box-icon\">\n\t\t\t\t<a class=\"elementor-icon elementor-animation-\" href=\"\/?page_id=83\">\n\t\t\t\t<i class=\"fa fa-phone\" aria-hidden=\"true\"><\/i>\t\t\t\t<\/a>\n\t\t\t<\/div>\n\t\t\t\t\t\t<div class=\"elementor-icon-box-content\">\n\t\t\t\t<h2 class=\"elementor-icon-box-title\">\n\t\t\t\t\t<a href=\"\/?page_id=83\" >\n\t\t\t\t\t\tContact Us\t\t\t\t\t<\/a>\n\t\t\t\t<\/h2>\n\t\t\t\t\t\t\t\t\t<p class=\"elementor-icon-box-description\">\n\t\t\t\t\t\t<p>On how to select the right anti-corrosive coating system for your case.<\/p>\n\t\t\t\t\t<\/p>\n\t\t\t\t\t\t\t<\/div>\n\t\t<\/div>\n\t\t\t\t<\/div>\n\t\t\t\t<\/div>\n\t\t\t\t\t\t<\/div>\n\t\t\t\t\t<\/div>\n\t\t<\/div>\n\t\t\t\t\t\t\t\t<\/div>\n\t\t\t\t\t<\/div>\n\t\t<\/section>\n\t\t\t\t\t\t\t\t\t<\/div>\n\t\t\t<\/div>\n\t\t\t\t\t<\/div>\n\t\t","protected":false},"excerpt":{"rendered":"<p>C\u00e1c c\u01a1 s\u1edf h\u1ea1 t\u1ea7ng b\u1eb1ng b\u00ea t\u00f4ng v\u00e0 th\u00e9p ph\u1ea3i ch\u1ecbu c\u00e1c m\u00f4i tr\u01b0\u1eddng \u0103n m\u00f2n kh\u00e1c nhau v\u00e0 b\u1edfi v\u1eady y\u00eau c\u1ea7u h\u1ec7 s\u01a1n b\u1ea3o v\u1ec7 ch\u1ed1ng \u0103n m\u00f2n hi\u1ec7u su\u1ea5t cao v\u1edbi nh\u1eefng n\u1ed7 l\u1ef1c li\u00ean t\u1ee5c \u0111\u1ec3 cung c\u1ea5p t\u1ef7 l\u1ec7 chi ph\u00ed-l\u1ee3i \u00edch t\u1ed1t nh\u1ea5t. Globalnavy ph\u00e1t tri\u1ec3n v\u00e0 s\u1ea3n &#8230; <a title=\"C\u01a1 s\u1edf h\u1ea1 t\u1ea7ng\" class=\"read-more\" href=\"https:\/\/globalnavy.net\/vi\/co-so-ha-tang\/\" aria-label=\"More on C\u01a1 s\u1edf h\u1ea1 t\u1ea7ng\">Read more<\/a><\/p>\n","protected":false},"author":1,"featured_media":0,"parent":0,"menu_order":0,"comment_status":"closed","ping_status":"closed","template":"","meta":{"_mi_skip_tracking":false,"_exactmetrics_sitenote_active":false,"_exactmetrics_sitenote_note":"","_exactmetrics_sitenote_category":0},"_links":{"self":[{"href":"https:\/\/globalnavy.net\/vi\/wp-json\/wp\/v2\/pages\/1119"}],"collection":[{"href":"https:\/\/globalnavy.net\/vi\/wp-json\/wp\/v2\/pages"}],"about":[{"href":"https:\/\/globalnavy.net\/vi\/wp-json\/wp\/v2\/types\/page"}],"author":[{"embeddable":true,"href":"https:\/\/globalnavy.net\/vi\/wp-json\/wp\/v2\/users\/1"}],"replies":[{"embeddable":true,"href":"https:\/\/globalnavy.net\/vi\/wp-json\/wp\/v2\/comments?post=1119"}],"version-history":[{"count":3,"href":"https:\/\/globalnavy.net\/vi\/wp-json\/wp\/v2\/pages\/1119\/revisions"}],"predecessor-version":[{"id":2888,"href":"https:\/\/globalnavy.net\/vi\/wp-json\/wp\/v2\/pages\/1119\/revisions\/2888"}],"wp:attachment":[{"href":"https:\/\/globalnavy.net\/vi\/wp-json\/wp\/v2\/media?parent=1119"}],"curies":[{"name":"wp","href":"https:\/\/api.w.org\/{rel}","templated":true}]}}