
{"id":1123,"date":"2018-08-24T15:22:27","date_gmt":"2018-08-24T15:22:27","guid":{"rendered":"http:\/\/globalnavy.net\/nganh-dau-khi\/"},"modified":"2018-11-01T00:38:21","modified_gmt":"2018-11-01T00:38:21","slug":"nganh-dau-khi","status":"publish","type":"page","link":"https:\/\/globalnavy.net\/vi\/nganh-dau-khi\/","title":{"rendered":"Ng\u00e0nh d\u1ea7u kh\u00ed"},"content":{"rendered":"\t\t<div data-elementor-type=\"wp-post\" data-elementor-id=\"1123\" class=\"elementor elementor-1123 elementor-385 elementor-bc-flex-widget\">\n\t\t\t\t\t\t<div class=\"elementor-inner\">\n\t\t\t\t<div class=\"elementor-section-wrap\">\n\t\t\t\t\t\t\t\t\t<section class=\"elementor-section elementor-top-section elementor-element elementor-element-f4727e7 elementor-section-boxed elementor-section-height-default elementor-section-height-default\" data-id=\"f4727e7\" data-element_type=\"section\">\n\t\t\t\t\t\t<div class=\"elementor-container elementor-column-gap-default\">\n\t\t\t\t\t\t\t<div class=\"elementor-row\">\n\t\t\t\t\t<div class=\"elementor-column elementor-col-100 elementor-top-column elementor-element elementor-element-f4ad431\" data-id=\"f4ad431\" data-element_type=\"column\">\n\t\t\t<div class=\"elementor-column-wrap elementor-element-populated\">\n\t\t\t\t\t\t\t<div class=\"elementor-widget-wrap\">\n\t\t\t\t\t\t<div class=\"elementor-element elementor-element-0685cc0 elementor-widget elementor-widget-image\" data-id=\"0685cc0\" data-element_type=\"widget\" data-widget_type=\"image.default\">\n\t\t\t\t<div class=\"elementor-widget-container\">\n\t\t\t\t\t\t\t\t<div class=\"elementor-image\">\n\t\t\t\t\t\t\t\t\t\t\t\t<img width=\"725\" height=\"150\" src=\"https:\/\/globalnavy.net\/wp-content\/uploads\/2018\/09\/oil_and_gas_scaled_v2.jpg\" class=\"attachment-full size-full wp-image-2026\" alt=\"\" loading=\"lazy\" srcset=\"https:\/\/globalnavy.net\/wp-content\/uploads\/2018\/09\/oil_and_gas_scaled_v2.jpg 725w, https:\/\/globalnavy.net\/wp-content\/uploads\/2018\/09\/oil_and_gas_scaled_v2-300x62.jpg 300w\" sizes=\"(max-width: 725px) 100vw, 725px\" \/>\t\t\t\t\t\t\t\t\t\t\t\t\t\t<\/div>\n\t\t\t\t\t\t<\/div>\n\t\t\t\t<\/div>\n\t\t\t\t\t\t<\/div>\n\t\t\t\t\t<\/div>\n\t\t<\/div>\n\t\t\t\t\t\t\t\t<\/div>\n\t\t\t\t\t<\/div>\n\t\t<\/section>\n\t\t\t\t<section class=\"elementor-section elementor-top-section elementor-element elementor-element-773a155 elementor-section-boxed elementor-section-height-default elementor-section-height-default\" data-id=\"773a155\" data-element_type=\"section\">\n\t\t\t\t\t\t<div class=\"elementor-container elementor-column-gap-default\">\n\t\t\t\t\t\t\t<div class=\"elementor-row\">\n\t\t\t\t\t<div class=\"elementor-column elementor-col-100 elementor-top-column elementor-element elementor-element-28f3292\" data-id=\"28f3292\" data-element_type=\"column\">\n\t\t\t<div class=\"elementor-column-wrap elementor-element-populated\">\n\t\t\t\t\t\t\t<div class=\"elementor-widget-wrap\">\n\t\t\t\t\t\t<div class=\"elementor-element elementor-element-9d2669b elementor-widget elementor-widget-text-editor\" data-id=\"9d2669b\" data-element_type=\"widget\" data-widget_type=\"text-editor.default\">\n\t\t\t\t<div class=\"elementor-widget-container\">\n\t\t\t\t\t\t\t\t<div class=\"elementor-text-editor elementor-clearfix\">\n\t\t\t\t<div class=\"justifiedtext\">\n<p>Globalnavy cung c\u1ea5p m\u1ed9t lo\u1ea1t gi\u1ea3i ph\u00e1p s\u01a1n ph\u1ee7 hi\u1ec7u su\u1ea5t cao cho m\u1ed9t trong nh\u1eefng m\u00f4i tr\u01b0\u1eddng c\u00f4ng nghi\u1ec7p kh\u1eafc nghi\u1ec7t nh\u1ea5t tr\u00ean th\u1ebf gi\u1edbi \u0111\u1ea3m b\u1ea3o th\u1ecb tr\u01b0\u1eddng v\u1edbi c\u00e1c h\u1ec7 s\u01a1n ch\u1ea5t l\u01b0\u1ee3ng cao ch\u1ed1ng \u0103n m\u00f2n v\u00e0 tia c\u1ef1c t\u00edm, cung c\u1ea5p vi\u1ec7c b\u1ea3o v\u1ec7 ch\u1ed1ng \u0103n m\u00f2n tr\u00ean:<\/p>\n<ul>\n<li>Boong t\u00e0u,<\/li>\n<li>S\u00e0n,<\/li>\n<li>\u0110\u01b0\u1eddng \u1ed1ng,<\/li>\n<li>H\u1ec7 th\u1ed1ng \u0111\u01b0\u1eddng \u1ed1ng d\u01b0\u1edbi l\u1edbp b\u1ea3o \u00f4n,<\/li>\n<li>Th\u00e9p v\u00e0 b\u00ea t\u00f4ng k\u1ebft c\u1ea5u,<\/li>\n<li>Ph\u01b0\u01a1ng ti\u1ec7n c\u1ea5t gi\u1eef,<\/li>\n<li>V\u00e0 nh\u1eefng c\u00e1i kh\u00e1c<\/li>\n<\/ul>\n<p>L\u1edbp s\u01a1n ph\u1ee7 Globalnavy v\u1eabn trong \u0111i\u1ec1u ki\u1ec7n tuy\u1ec7t v\u1eddi cung c\u1ea5p kh\u1ea3 n\u0103ng ch\u1ecbu \u0111\u1ef1ng cao \u0111\u1ed1i v\u1edbi c\u00e1c t\u00e1c nh\u00e2n h\u00f3a h\u1ecdc, m\u00e0i m\u00f2n, b\u1ee9c x\u1ea1 c\u1ef1c t\u00edm, trong s\u1ed1 nh\u1eefng t\u00e1c nh\u00e2n kh\u00e1c.<\/p>\n<p>D\u1ecbch v\u1ee5 k\u1ef9 thu\u1eadt s\u01a1n ph\u1ee7 b\u1ea3o v\u1ec7 c\u00f4ng nghi\u1ec7p \u0111\u01b0\u1ee3c ch\u00fa tr\u1ecdng v\u00e0 cam k\u1ebft c\u1ee7a ch\u00fang t\u00f4i s\u1eb5n s\u00e0ng \u0111\u1ea3m nh\u1eadn nh\u1eefng y\u00eau c\u1ea7u s\u01a1n ph\u1ee7 c\u1ee7a b\u1ea5t k\u1ef3 d\u1ef1 \u00e1n c\u00f4ng nghi\u1ec7p n\u00e0o.<\/p>\n<\/div>\n\t\t\t\t\t<\/div>\n\t\t\t\t\t\t<\/div>\n\t\t\t\t<\/div>\n\t\t\t\t\t\t<\/div>\n\t\t\t\t\t<\/div>\n\t\t<\/div>\n\t\t\t\t\t\t\t\t<\/div>\n\t\t\t\t\t<\/div>\n\t\t<\/section>\n\t\t\t\t<section class=\"elementor-section elementor-top-section elementor-element elementor-element-867893d elementor-section-boxed elementor-section-height-default elementor-section-height-default\" data-id=\"867893d\" data-element_type=\"section\">\n\t\t\t\t\t\t<div class=\"elementor-container elementor-column-gap-default\">\n\t\t\t\t\t\t\t<div class=\"elementor-row\">\n\t\t\t\t\t<div class=\"elementor-column elementor-col-100 elementor-top-column elementor-element elementor-element-f209082\" data-id=\"f209082\" data-element_type=\"column\">\n\t\t\t<div class=\"elementor-column-wrap elementor-element-populated\">\n\t\t\t\t\t\t\t<div class=\"elementor-widget-wrap\">\n\t\t\t\t\t\t<section class=\"elementor-section elementor-inner-section elementor-element elementor-element-e56846d elementor-section-boxed elementor-section-height-default elementor-section-height-default\" data-id=\"e56846d\" data-element_type=\"section\">\n\t\t\t\t\t\t<div class=\"elementor-container elementor-column-gap-default\">\n\t\t\t\t\t\t\t<div class=\"elementor-row\">\n\t\t\t\t\t<div class=\"elementor-column elementor-col-50 elementor-inner-column elementor-element elementor-element-4e89b60\" data-id=\"4e89b60\" data-element_type=\"column\">\n\t\t\t<div class=\"elementor-column-wrap elementor-element-populated\">\n\t\t\t\t\t\t\t<div class=\"elementor-widget-wrap\">\n\t\t\t\t\t\t<div class=\"elementor-element elementor-element-429eb6b elementor-widget elementor-widget-html\" data-id=\"429eb6b\" data-element_type=\"widget\" data-widget_type=\"html.default\">\n\t\t\t\t<div class=\"elementor-widget-container\">\n\t\t\t<h3><strong>Th\u00e9p<\/strong><\/h3>\n<ul style=\"margin-left:20px; list-style-type:square;\">\n<li>Boong t\u00e0u<\/li>\n<li>S\u00e0n<\/li>\n<li>\u1ed0ng kh\u00f3i c\u00f4ng nghi\u1ec7p<\/li>\n<li>\u0110\u01b0\u1eddng \u1ed1ng<\/li>\n<li>Th\u00e9p k\u1ebft c\u1ea5u<\/li>\n<li>B\u1ed3n ch\u1ee9a<\/li>\n<li>L\u1edbp l\u00f3t b\u1ed3n<\/li>\n<li>V\u00e0 nh\u1eefng c\u00e1i kh\u00e1c<\/li>\n<\/ul>\n\t\t<\/div>\n\t\t\t\t<\/div>\n\t\t\t\t\t\t<\/div>\n\t\t\t\t\t<\/div>\n\t\t<\/div>\n\t\t\t\t<div class=\"elementor-column elementor-col-50 elementor-inner-column elementor-element elementor-element-ed90b7a\" data-id=\"ed90b7a\" data-element_type=\"column\">\n\t\t\t<div class=\"elementor-column-wrap elementor-element-populated\">\n\t\t\t\t\t\t\t<div class=\"elementor-widget-wrap\">\n\t\t\t\t\t\t<div class=\"elementor-element elementor-element-0a41722 elementor-widget elementor-widget-html\" data-id=\"0a41722\" data-element_type=\"widget\" data-widget_type=\"html.default\">\n\t\t\t\t<div class=\"elementor-widget-container\">\n\t\t\t<h3><strong>B\u00ea t\u00f4ng<\/strong><\/h3>\n<ul style=\"margin-left:20px; list-style-type:square;\">\n<li>Boong t\u00e0u<\/li>\n<li>S\u00e0n<\/li>\n<li>\u1ed0ng kh\u00f3i c\u00f4ng nghi\u1ec7p<\/li>\n<li>\u0110\u01b0\u1eddng \u1ed1ng<\/li>\n<li>B\u00ea t\u00f4ng k\u1ebft c\u1ea5u<\/li>\n<li>B\u1ed3n ch\u1ee9a<\/li>\n<li>L\u1edbp l\u00f3t b\u1ed3n<\/li>\n<li>X\u1eed l\u00fd n\u01b0\u1edbc th\u1ea3i<\/li>\n<li>V\u00e0 nh\u1eefng c\u00e1i kh\u00e1c<\/li>\n<\/ul>\n\t\t<\/div>\n\t\t\t\t<\/div>\n\t\t\t\t\t\t<\/div>\n\t\t\t\t\t<\/div>\n\t\t<\/div>\n\t\t\t\t\t\t\t\t<\/div>\n\t\t\t\t\t<\/div>\n\t\t<\/section>\n\t\t\t\t\t\t<\/div>\n\t\t\t\t\t<\/div>\n\t\t<\/div>\n\t\t\t\t\t\t\t\t<\/div>\n\t\t\t\t\t<\/div>\n\t\t<\/section>\n\t\t\t\t<section class=\"elementor-section elementor-top-section elementor-element elementor-element-0af756e elementor-section-boxed elementor-section-height-default elementor-section-height-default\" data-id=\"0af756e\" data-element_type=\"section\">\n\t\t\t\t\t\t<div class=\"elementor-container elementor-column-gap-default\">\n\t\t\t\t\t\t\t<div class=\"elementor-row\">\n\t\t\t\t\t<div class=\"elementor-column elementor-col-100 elementor-top-column elementor-element elementor-element-ab7401b\" data-id=\"ab7401b\" data-element_type=\"column\">\n\t\t\t<div class=\"elementor-column-wrap elementor-element-populated\">\n\t\t\t\t\t\t\t<div class=\"elementor-widget-wrap\">\n\t\t\t\t\t\t<div class=\"elementor-element elementor-element-84645ba elementor-position-left elementor-view-default elementor-mobile-position-top elementor-vertical-align-top elementor-widget elementor-widget-icon-box\" data-id=\"84645ba\" data-element_type=\"widget\" data-widget_type=\"icon-box.default\">\n\t\t\t\t<div class=\"elementor-widget-container\">\n\t\t\t\t\t<div class=\"elementor-icon-box-wrapper\">\n\t\t\t\t\t\t<div class=\"elementor-icon-box-icon\">\n\t\t\t\t<span class=\"elementor-icon elementor-animation-\" >\n\t\t\t\t<i class=\"fa fa-check-circle\" aria-hidden=\"true\"><\/i>\t\t\t\t<\/span>\n\t\t\t<\/div>\n\t\t\t\t\t\t<div class=\"elementor-icon-box-content\">\n\t\t\t\t<h2 class=\"elementor-icon-box-title\">\n\t\t\t\t\t<span  >\n\t\t\t\t\t\tT\u1ea1i sao ch\u1ecdn l\u1edbp ph\u1ee7 Globalnavy?\t\t\t\t\t<\/span>\n\t\t\t\t<\/h2>\n\t\t\t\t\t\t\t\t\t<p class=\"elementor-icon-box-description\">\n\t\t\t\t\t\t<p>D\u00f9 \u0111\u00f3 l\u00e0 x\u00e2y m\u1edbi hay b\u1ea3o d\u01b0\u1ee1ng, h\u1ec7 s\u01a1n cho th\u00e9p v\u00e0 b\u00ea t\u00f4ng Globalnavy cung c\u1ea5p \u0111\u1ed9 b\u1ec1n, ch\u1ea5t l\u01b0\u1ee3ng v\u00e0 \u00e1p d\u1ee5ng nhanh - c\u00f3 ngh\u0129a l\u00e0 b\u1ea3o v\u1ec7 \u0111\u1ea7y \u0111\u1ee7 l\u00e2u d\u00e0i trong khi gi\u1ea3m thi\u1ec3u t\u1ed5n th\u1ea5t do th\u1eddi gian ch\u1ebft.<\/p>\n<p>Globalnavy cung c\u1ea5p \u0111\u1ee7 lo\u1ea1i l\u1edbp ph\u1ee7 hi\u1ec7u su\u1ea5t cao, GlobalDur GN101, cho vi\u1ec7c b\u1ea3o v\u1ec7 h\u00f3a h\u1ecdc v\u00e0 ch\u1ed1ng \u0103n m\u00f2n v\u1edbi c\u00e1c \u0111\u1eb7c \u0111i\u1ec3m:<\/p>\n<p>&rArr; Ch\u1ed1ng \u0103n m\u00f2n tuy\u1ec7t v\u1eddi: c\u00e1c l\u1edbp ph\u1ee7 c\u1ee7a ch\u00fang t\u00f4i \u0111\u00e3 \u0111\u01b0\u1ee3c ph\u00e1t tri\u1ec3n \u0111\u1ec3 ch\u1ecbu \u0111\u1ef1ng, chuy\u1ec3n \u0111\u1ed5i, \u1ee9c ch\u1ebf v\u00e0 kh\u00f4ng dung m\u00f4i \u0111\u1ec3 t\u0103ng t\u1ed1i \u0111a vi\u1ec7c b\u1ea3o v\u1ec7 ch\u1ed1ng \u0103n m\u00f2n, gi\u1ea3m thi\u1ec3u chi ph\u00ed b\u1ea3o d\u01b0\u1ee1ng;<\/p>\n<p>&rArr; D\u1ec5 \u00e1p d\u1ee5ng: lo\u1ea1i s\u01a1n l\u00f3t c\u1ee7a ch\u00fang t\u00f4i cho ph\u00e9p kh\u00f4 nhanh v\u00e0 \u00e1p d\u1ee5ng trong nh\u1eefng \u0111i\u1ec1u ki\u1ec7n m\u00f4i tr\u01b0\u1eddng kh\u00e1c nhau nh\u1ea5t (nhi\u1ec7t \u0111\u1ed9 th\u1ea5p v\u00e0 cao, \u0111\u1ed9 \u1ea9m c\u1ef1c \u0111\u1ed9\/d\u01b0\u1edbi \u0111i\u1ec3m s\u01b0\u01a1ng) v\u00e0 trong c\u00e1ch x\u1eed l\u00fd b\u1ec1 m\u1eb7t \u0111a d\u1ea1ng nh\u1ea5t (x\u1eed l\u00fd c\u01a1 h\u1ecdc, b\u1eafn\/r\u1eeda, b\u1eafn n\u01b0\u1edbc v\u00e0 phun \u01b0\u1edbt);<\/p>\n<p>&rArr; Gi\u1ea3m \u1ea3nh h\u01b0\u1edfng \u0111\u1ebfn m\u00f4i tr\u01b0\u1eddng: Ch\u00fang t\u00f4i s\u1ea3n xu\u1ea5t lo\u1ea1i s\u01a1n l\u00f3t, GlobalDur GN101, v\u1edbi c\u00f4ng ngh\u1ec7 sinh th\u00e1i (kh\u00f4ng dung m\u00f4i, x\u1eed l\u00fd b\u1ec1 m\u1eb7t b\u1eb1ng b\u1eafn n\u01b0\u1edbc ho\u1eb7c phun \u01b0\u1edbt) b\u1eb1ng c\u00e1ch gi\u1ea3m \u0111\u00e1ng k\u1ec3 \u1ea3nh h\u01b0\u1edfng \u0111\u1ebfn m\u00f4i tr\u01b0\u1eddng.<\/p>\n<p>C\u00e1c l\u1edbp s\u01a1n ph\u1ee7 nhi\u1ec7t \u0111\u1ed9 cao: <a href=\"http:\/\/globalnavy.net\/vi\/gn002ht\/\">GlobalTemp GN002HT<\/a> (nhi\u1ec7t \u0111\u1ed9 l\u00ean \u0111\u1ebfn 340 \u00b0 C), <a href=\"http:\/\/globalnavy.net\/vi\/gn012ht\/\">GlobalTemp GN012HT<\/a> (nhi\u1ec7t \u0111\u1ed9 l\u00ean \u0111\u1ebfn 640 \u00b0 C), trong s\u1ed1 nh\u1eefng s\u1ea3n ph\u1ea9m kh\u00e1c.<\/p>\n\t\t\t\t\t<\/p>\n\t\t\t\t\t\t\t<\/div>\n\t\t<\/div>\n\t\t\t\t<\/div>\n\t\t\t\t<\/div>\n\t\t\t\t\t\t<\/div>\n\t\t\t\t\t<\/div>\n\t\t<\/div>\n\t\t\t\t\t\t\t\t<\/div>\n\t\t\t\t\t<\/div>\n\t\t<\/section>\n\t\t\t\t<section class=\"elementor-section elementor-top-section elementor-element elementor-element-d2f2cfc elementor-section-boxed elementor-section-height-default elementor-section-height-default\" data-id=\"d2f2cfc\" data-element_type=\"section\">\n\t\t\t\t\t\t<div class=\"elementor-container elementor-column-gap-default\">\n\t\t\t\t\t\t\t<div class=\"elementor-row\">\n\t\t\t\t\t<div class=\"elementor-column elementor-col-100 elementor-top-column elementor-element elementor-element-5d5506a\" data-id=\"5d5506a\" data-element_type=\"column\">\n\t\t\t<div class=\"elementor-column-wrap elementor-element-populated\">\n\t\t\t\t\t\t\t<div class=\"elementor-widget-wrap\">\n\t\t\t\t\t\t<div class=\"elementor-element elementor-element-2ade47a elementor-position-left elementor-view-default elementor-mobile-position-top elementor-vertical-align-top elementor-widget elementor-widget-icon-box\" data-id=\"2ade47a\" data-element_type=\"widget\" data-widget_type=\"icon-box.default\">\n\t\t\t\t<div class=\"elementor-widget-container\">\n\t\t\t\t\t<div class=\"elementor-icon-box-wrapper\">\n\t\t\t\t\t\t<div class=\"elementor-icon-box-icon\">\n\t\t\t\t<span class=\"elementor-icon elementor-animation-\" >\n\t\t\t\t<i class=\"fa fa-thumbs-up\" aria-hidden=\"true\"><\/i>\t\t\t\t<\/span>\n\t\t\t<\/div>\n\t\t\t\t\t\t<div class=\"elementor-icon-box-content\">\n\t\t\t\t<h2 class=\"elementor-icon-box-title\">\n\t\t\t\t\t<span  >\n\t\t\t\t\t\tH\u1ec7 s\u01a1n \u0111\u1ec1 ngh\u1ecb\t\t\t\t\t<\/span>\n\t\t\t\t<\/h2>\n\t\t\t\t\t\t\t\t\t<p class=\"elementor-icon-box-description\">\n\t\t\t\t\t\t<p>GlobalDur HASTIE_EXT (<a href=\"http:\/\/globalnavy.net\/vi\/gn101lcep\/\">GN101LC<\/a> + <a href=\"http:\/\/globalnavy.net\/vi\/gn206pf\/\">GN206PF<\/a>)<\/p>\n<p>GlobalDur HASTIE_INT (<a href=\"http:\/\/globalnavy.net\/vi\/gn101lcep\/\">GN101LCEP<\/a>)<\/p>\n<p>\t\t\t     GlobalTempOnOperation (<a href=\"http:\/\/globalnavy.net\/vi\/gn101ht\/\">GN101HT<\/a> + <a href=\"http:\/\/globalnavy.net\/vi\/gn005ht\/\">GN005HT<\/a>)<\/p>\n\t\t\t\t\t<\/p>\n\t\t\t\t\t\t\t<\/div>\n\t\t<\/div>\n\t\t\t\t<\/div>\n\t\t\t\t<\/div>\n\t\t\t\t\t\t<\/div>\n\t\t\t\t\t<\/div>\n\t\t<\/div>\n\t\t\t\t\t\t\t\t<\/div>\n\t\t\t\t\t<\/div>\n\t\t<\/section>\n\t\t\t\t<section class=\"elementor-section elementor-top-section elementor-element elementor-element-4fd08e8 elementor-section-boxed elementor-section-height-default elementor-section-height-default\" data-id=\"4fd08e8\" data-element_type=\"section\">\n\t\t\t\t\t\t<div class=\"elementor-container elementor-column-gap-default\">\n\t\t\t\t\t\t\t<div class=\"elementor-row\">\n\t\t\t\t\t<div class=\"elementor-column elementor-col-100 elementor-top-column elementor-element elementor-element-e278ff8\" data-id=\"e278ff8\" data-element_type=\"column\">\n\t\t\t<div class=\"elementor-column-wrap elementor-element-populated\">\n\t\t\t\t\t\t\t<div class=\"elementor-widget-wrap\">\n\t\t\t\t\t\t<div class=\"elementor-element elementor-element-666798e elementor-position-left elementor-view-default elementor-mobile-position-top elementor-vertical-align-top elementor-widget elementor-widget-icon-box\" data-id=\"666798e\" data-element_type=\"widget\" data-widget_type=\"icon-box.default\">\n\t\t\t\t<div class=\"elementor-widget-container\">\n\t\t\t\t\t<div class=\"elementor-icon-box-wrapper\">\n\t\t\t\t\t\t<div class=\"elementor-icon-box-icon\">\n\t\t\t\t<a class=\"elementor-icon elementor-animation-\" href=\"\/?page_id=83\">\n\t\t\t\t<i class=\"fa fa-phone\" aria-hidden=\"true\"><\/i>\t\t\t\t<\/a>\n\t\t\t<\/div>\n\t\t\t\t\t\t<div class=\"elementor-icon-box-content\">\n\t\t\t\t<h2 class=\"elementor-icon-box-title\">\n\t\t\t\t\t<a href=\"\/?page_id=83\" >\n\t\t\t\t\t\tContact Us\t\t\t\t\t<\/a>\n\t\t\t\t<\/h2>\n\t\t\t\t\t\t\t\t\t<p class=\"elementor-icon-box-description\">\n\t\t\t\t\t\t<p>On how to select the right anti-corrosive coating system for your case.<\/p>\n\t\t\t\t\t<\/p>\n\t\t\t\t\t\t\t<\/div>\n\t\t<\/div>\n\t\t\t\t<\/div>\n\t\t\t\t<\/div>\n\t\t\t\t\t\t<\/div>\n\t\t\t\t\t<\/div>\n\t\t<\/div>\n\t\t\t\t\t\t\t\t<\/div>\n\t\t\t\t\t<\/div>\n\t\t<\/section>\n\t\t\t\t\t\t\t\t\t<\/div>\n\t\t\t<\/div>\n\t\t\t\t\t<\/div>\n\t\t","protected":false},"excerpt":{"rendered":"<p>Globalnavy cung c\u1ea5p m\u1ed9t lo\u1ea1t gi\u1ea3i ph\u00e1p s\u01a1n ph\u1ee7 hi\u1ec7u su\u1ea5t cao cho m\u1ed9t trong nh\u1eefng m\u00f4i tr\u01b0\u1eddng c\u00f4ng nghi\u1ec7p kh\u1eafc nghi\u1ec7t nh\u1ea5t tr\u00ean th\u1ebf gi\u1edbi \u0111\u1ea3m b\u1ea3o th\u1ecb tr\u01b0\u1eddng v\u1edbi c\u00e1c h\u1ec7 s\u01a1n ch\u1ea5t l\u01b0\u1ee3ng cao ch\u1ed1ng \u0103n m\u00f2n v\u00e0 tia c\u1ef1c t\u00edm, cung c\u1ea5p vi\u1ec7c b\u1ea3o v\u1ec7 ch\u1ed1ng \u0103n m\u00f2n tr\u00ean: Boong t\u00e0u, &#8230; <a title=\"Ng\u00e0nh d\u1ea7u kh\u00ed\" class=\"read-more\" href=\"https:\/\/globalnavy.net\/vi\/nganh-dau-khi\/\" aria-label=\"More on Ng\u00e0nh d\u1ea7u kh\u00ed\">Read more<\/a><\/p>\n","protected":false},"author":1,"featured_media":0,"parent":0,"menu_order":0,"comment_status":"closed","ping_status":"closed","template":"","meta":{"_mi_skip_tracking":false,"_exactmetrics_sitenote_active":false,"_exactmetrics_sitenote_note":"","_exactmetrics_sitenote_category":0},"_links":{"self":[{"href":"https:\/\/globalnavy.net\/vi\/wp-json\/wp\/v2\/pages\/1123"}],"collection":[{"href":"https:\/\/globalnavy.net\/vi\/wp-json\/wp\/v2\/pages"}],"about":[{"href":"https:\/\/globalnavy.net\/vi\/wp-json\/wp\/v2\/types\/page"}],"author":[{"embeddable":true,"href":"https:\/\/globalnavy.net\/vi\/wp-json\/wp\/v2\/users\/1"}],"replies":[{"embeddable":true,"href":"https:\/\/globalnavy.net\/vi\/wp-json\/wp\/v2\/comments?post=1123"}],"version-history":[{"count":4,"href":"https:\/\/globalnavy.net\/vi\/wp-json\/wp\/v2\/pages\/1123\/revisions"}],"predecessor-version":[{"id":2897,"href":"https:\/\/globalnavy.net\/vi\/wp-json\/wp\/v2\/pages\/1123\/revisions\/2897"}],"wp:attachment":[{"href":"https:\/\/globalnavy.net\/vi\/wp-json\/wp\/v2\/media?parent=1123"}],"curies":[{"name":"wp","href":"https:\/\/api.w.org\/{rel}","templated":true}]}}