
{"id":1127,"date":"2018-08-24T15:35:03","date_gmt":"2018-08-24T15:35:03","guid":{"rendered":"http:\/\/globalnavy.net\/ap-dung-duoi-nuoc\/"},"modified":"2018-11-01T12:53:10","modified_gmt":"2018-11-01T12:53:10","slug":"ap-dung-duoi-nuoc","status":"publish","type":"page","link":"https:\/\/globalnavy.net\/vi\/ap-dung-duoi-nuoc\/","title":{"rendered":"\u00c1p d\u1ee5ng d\u01b0\u1edbi n\u01b0\u1edbc"},"content":{"rendered":"\t\t<div data-elementor-type=\"wp-post\" data-elementor-id=\"1127\" class=\"elementor elementor-1127 elementor-393 elementor-bc-flex-widget\">\n\t\t\t\t\t\t<div class=\"elementor-inner\">\n\t\t\t\t<div class=\"elementor-section-wrap\">\n\t\t\t\t\t\t\t\t\t<section class=\"elementor-section elementor-top-section elementor-element elementor-element-a5e6450 elementor-section-boxed elementor-section-height-default elementor-section-height-default\" data-id=\"a5e6450\" data-element_type=\"section\">\n\t\t\t\t\t\t<div class=\"elementor-container elementor-column-gap-default\">\n\t\t\t\t\t\t\t<div class=\"elementor-row\">\n\t\t\t\t\t<div class=\"elementor-column elementor-col-100 elementor-top-column elementor-element elementor-element-ea5c2e3\" data-id=\"ea5c2e3\" data-element_type=\"column\">\n\t\t\t<div class=\"elementor-column-wrap elementor-element-populated\">\n\t\t\t\t\t\t\t<div class=\"elementor-widget-wrap\">\n\t\t\t\t\t\t<div class=\"elementor-element elementor-element-d1c5503 elementor-widget elementor-widget-image\" data-id=\"d1c5503\" data-element_type=\"widget\" data-widget_type=\"image.default\">\n\t\t\t\t<div class=\"elementor-widget-container\">\n\t\t\t\t\t\t\t\t<div class=\"elementor-image\">\n\t\t\t\t\t\t\t\t\t\t\t\t<img width=\"725\" height=\"150\" src=\"https:\/\/globalnavy.net\/wp-content\/uploads\/2018\/09\/underwater_application_scaled.png\" class=\"attachment-full size-full wp-image-2035\" alt=\"\" loading=\"lazy\" srcset=\"https:\/\/globalnavy.net\/wp-content\/uploads\/2018\/09\/underwater_application_scaled.png 725w, https:\/\/globalnavy.net\/wp-content\/uploads\/2018\/09\/underwater_application_scaled-300x62.png 300w\" sizes=\"(max-width: 725px) 100vw, 725px\" \/>\t\t\t\t\t\t\t\t\t\t\t\t\t\t<\/div>\n\t\t\t\t\t\t<\/div>\n\t\t\t\t<\/div>\n\t\t\t\t\t\t<\/div>\n\t\t\t\t\t<\/div>\n\t\t<\/div>\n\t\t\t\t\t\t\t\t<\/div>\n\t\t\t\t\t<\/div>\n\t\t<\/section>\n\t\t\t\t<section class=\"elementor-section elementor-top-section elementor-element elementor-element-773a155 elementor-section-boxed elementor-section-height-default elementor-section-height-default\" data-id=\"773a155\" data-element_type=\"section\">\n\t\t\t\t\t\t<div class=\"elementor-container elementor-column-gap-default\">\n\t\t\t\t\t\t\t<div class=\"elementor-row\">\n\t\t\t\t\t<div class=\"elementor-column elementor-col-100 elementor-top-column elementor-element elementor-element-28f3292\" data-id=\"28f3292\" data-element_type=\"column\">\n\t\t\t<div class=\"elementor-column-wrap elementor-element-populated\">\n\t\t\t\t\t\t\t<div class=\"elementor-widget-wrap\">\n\t\t\t\t\t\t<div class=\"elementor-element elementor-element-9d2669b elementor-widget elementor-widget-text-editor\" data-id=\"9d2669b\" data-element_type=\"widget\" data-widget_type=\"text-editor.default\">\n\t\t\t\t<div class=\"elementor-widget-container\">\n\t\t\t\t\t\t\t\t<div class=\"elementor-text-editor elementor-clearfix\">\n\t\t\t\t<div class=\"justifiedtext\">\n\n<p>C\u1ea5u tr\u00fac th\u00e9p v\u00e0 b\u00ea t\u00f4ng ch\u00ecm d\u01b0\u1edbi n\u01b0\u1edbc c\u00f3 th\u1ec3 ch\u1ecbu c\u00e1c \u0111i\u1ec1u ki\u1ec7n kh\u1eafc nghi\u1ec7t c\u0169ng nh\u01b0 c\u00e1c t\u00e1c \u0111\u1ed9ng c\u01a1 h\u1ecdc m\u1ea1nh, v\u00e0 do \u0111\u00f3 y\u00eau c\u1ea7u hi\u1ec7u su\u1ea5t h\u1ec7 s\u01a1n b\u1ea3o v\u1ec7 c\u01a1 h\u1ecdc v\u00e0\/ho\u1eb7c ch\u1ed1ng \u0103n m\u00f2n cao.<\/p>\n\n<p>Globalnavy ph\u00e1t tri\u1ec3n v\u00e0 s\u1ea3n xu\u1ea5t lo\u1ea1i s\u01a1n ph\u1ee7 hi\u1ec7u su\u1ea5t cao \u00e1p d\u1ee5ng cho th\u00e9p v\u00e0 b\u00ea t\u00f4ng d\u01b0\u1edbi m\u1eb7t n\u01b0\u1edbc.<\/p>\n\n<h2>Downloads<\/h2>\n\n<a class=\"brochure_link\" href=\"http:\/\/globalnavy.net\/wp-content\/uploads\/2018\/10\/UW1_Underwater-Products_UK_FR_VN.pdf\" target=\"_blank\" rel=\"noopener\">Underwater Products<\/a>\n\n<iframe loading=\"lazy\" width=\"725\" height=\"400\" src=\"https:\/\/www.youtube.com\/embed\/p1VX5AeS8wc\" frameborder=\"0\" allow=\"autoplay; encrypted-media\" allowfullscreen><\/iframe>\n\n<\/div>\t\t\t\t\t<\/div>\n\t\t\t\t\t\t<\/div>\n\t\t\t\t<\/div>\n\t\t\t\t\t\t<\/div>\n\t\t\t\t\t<\/div>\n\t\t<\/div>\n\t\t\t\t\t\t\t\t<\/div>\n\t\t\t\t\t<\/div>\n\t\t<\/section>\n\t\t\t\t<section class=\"elementor-section elementor-top-section elementor-element elementor-element-0af756e elementor-section-boxed elementor-section-height-default elementor-section-height-default\" data-id=\"0af756e\" data-element_type=\"section\">\n\t\t\t\t\t\t<div class=\"elementor-container elementor-column-gap-default\">\n\t\t\t\t\t\t\t<div class=\"elementor-row\">\n\t\t\t\t\t<div class=\"elementor-column elementor-col-100 elementor-top-column elementor-element elementor-element-ab7401b\" data-id=\"ab7401b\" data-element_type=\"column\">\n\t\t\t<div class=\"elementor-column-wrap elementor-element-populated\">\n\t\t\t\t\t\t\t<div class=\"elementor-widget-wrap\">\n\t\t\t\t\t\t<div class=\"elementor-element elementor-element-84645ba elementor-position-left elementor-view-default elementor-mobile-position-top elementor-vertical-align-top elementor-widget elementor-widget-icon-box\" data-id=\"84645ba\" data-element_type=\"widget\" data-widget_type=\"icon-box.default\">\n\t\t\t\t<div class=\"elementor-widget-container\">\n\t\t\t\t\t<div class=\"elementor-icon-box-wrapper\">\n\t\t\t\t\t\t<div class=\"elementor-icon-box-icon\">\n\t\t\t\t<span class=\"elementor-icon elementor-animation-\" >\n\t\t\t\t<i class=\"fa fa-check-circle\" aria-hidden=\"true\"><\/i>\t\t\t\t<\/span>\n\t\t\t<\/div>\n\t\t\t\t\t\t<div class=\"elementor-icon-box-content\">\n\t\t\t\t<h2 class=\"elementor-icon-box-title\">\n\t\t\t\t\t<span  >\n\t\t\t\t\t\tT\u1ea1i sao ch\u1ecdn l\u1edbp ph\u1ee7 Globalnavy?\t\t\t\t\t<\/span>\n\t\t\t\t<\/h2>\n\t\t\t\t\t\t\t\t\t<p class=\"elementor-icon-box-description\">\n\t\t\t\t\t\t<p>C\u00e1c l\u1edbp s\u01a1n ph\u1ee7 c\u1ee7a ch\u00fang t\u00f4i cho \u00e1p d\u1ee5ng d\u01b0\u1edbi m\u1eb7t n\u01b0\u1edbc, <a href=\"http:\/\/globalnavy.net\/vi\/gn133ue\/\">GlobalDur GN133UE<\/a> c\u00f3 kh\u1ea3 n\u0103ng b\u1ea3o v\u1ec7 ch\u1ed1ng \u0103n m\u00f2n t\u1ed1t: n\u00f3 \u0111\u01b0\u1ee3c thi\u1ebft k\u1ec3 \u0111\u1ec3 ch\u1ecbu \u0111\u1ef1ng, chuy\u1ec3n \u0111\u1ed5i, \u1ee9c ch\u1ebf v\u00e0 kh\u00f4ng dung m\u00f4i. D\u1ec5 \u00e1p d\u1ee5ng, c\u00f3 th\u1ec3 s\u1eed d\u1ee5ng tr\u00ean th\u00e9p, b\u00ea t\u00f4ng v\u00e0 g\u1ed7. Mat-t\u00edt epoxy <a href=\"http:\/\/globalnavy.net\/vi\/gn136ue\/\">GlobalDur GN136UE<\/a> c\u1ee7a ch\u00fang t\u00f4i c\u00f3 th\u1ec3  l\u1ea5p k\u00edn c\u00e1c v\u1ebft n\u1ee9t gi\u1eefa c\u00e1c l\u1edbp s\u01a1n.<\/p>\n<p>S\u1ea3n ph\u1ea9m ti\u00eam <a href=\"http:\/\/globalnavy.net\/vi\/gn134ue\/\">GlobalDur GN134UE<\/a> cho ph\u00e9p gia c\u1ed1 c\u1ea5u tr\u00fac v\u00e0 c\u01a1 h\u1ecdc trong h\u1ea7u h\u1ebft c\u00e1c tr\u01b0\u1eddng h\u1ee3p ch\u00ecm d\u01b0\u1edbi n\u01b0\u1edbc.<\/p>\n\t\t\t\t\t<\/p>\n\t\t\t\t\t\t\t<\/div>\n\t\t<\/div>\n\t\t\t\t<\/div>\n\t\t\t\t<\/div>\n\t\t\t\t\t\t<\/div>\n\t\t\t\t\t<\/div>\n\t\t<\/div>\n\t\t\t\t\t\t\t\t<\/div>\n\t\t\t\t\t<\/div>\n\t\t<\/section>\n\t\t\t\t<section class=\"elementor-section elementor-top-section elementor-element elementor-element-d2f2cfc elementor-section-boxed elementor-section-height-default elementor-section-height-default\" data-id=\"d2f2cfc\" data-element_type=\"section\">\n\t\t\t\t\t\t<div class=\"elementor-container elementor-column-gap-default\">\n\t\t\t\t\t\t\t<div class=\"elementor-row\">\n\t\t\t\t\t<div class=\"elementor-column elementor-col-100 elementor-top-column elementor-element elementor-element-5d5506a\" data-id=\"5d5506a\" data-element_type=\"column\">\n\t\t\t<div class=\"elementor-column-wrap elementor-element-populated\">\n\t\t\t\t\t\t\t<div class=\"elementor-widget-wrap\">\n\t\t\t\t\t\t<div class=\"elementor-element elementor-element-2ade47a elementor-position-left elementor-view-default elementor-mobile-position-top elementor-vertical-align-top elementor-widget elementor-widget-icon-box\" data-id=\"2ade47a\" data-element_type=\"widget\" data-widget_type=\"icon-box.default\">\n\t\t\t\t<div class=\"elementor-widget-container\">\n\t\t\t\t\t<div class=\"elementor-icon-box-wrapper\">\n\t\t\t\t\t\t<div class=\"elementor-icon-box-icon\">\n\t\t\t\t<span class=\"elementor-icon elementor-animation-\" >\n\t\t\t\t<i class=\"fa fa-thumbs-up\" aria-hidden=\"true\"><\/i>\t\t\t\t<\/span>\n\t\t\t<\/div>\n\t\t\t\t\t\t<div class=\"elementor-icon-box-content\">\n\t\t\t\t<h2 class=\"elementor-icon-box-title\">\n\t\t\t\t\t<span  >\n\t\t\t\t\t\tH\u1ec7 th\u1ed1ng \u0111\u1ec1 ngh\u1ecb\t\t\t\t\t<\/span>\n\t\t\t\t<\/h2>\n\t\t\t\t\t\t\t\t\t<p class=\"elementor-icon-box-description\">\n\t\t\t\t\t\t<p>GlobalDur UE (<a href=\"http:\/\/globalnavy.net\/vi\/gn133ue\/\">GN133UE<\/a> + <a href=\"http:\/\/globalnavy.net\/vi\/gn136ue\/\">GN136UE<\/a>)<\/p>\n\t\t\t\t\t<\/p>\n\t\t\t\t\t\t\t<\/div>\n\t\t<\/div>\n\t\t\t\t<\/div>\n\t\t\t\t<\/div>\n\t\t\t\t\t\t<\/div>\n\t\t\t\t\t<\/div>\n\t\t<\/div>\n\t\t\t\t\t\t\t\t<\/div>\n\t\t\t\t\t<\/div>\n\t\t<\/section>\n\t\t\t\t<section class=\"elementor-section elementor-top-section elementor-element elementor-element-4fd08e8 elementor-section-boxed elementor-section-height-default elementor-section-height-default\" data-id=\"4fd08e8\" data-element_type=\"section\">\n\t\t\t\t\t\t<div class=\"elementor-container elementor-column-gap-default\">\n\t\t\t\t\t\t\t<div class=\"elementor-row\">\n\t\t\t\t\t<div class=\"elementor-column elementor-col-100 elementor-top-column elementor-element elementor-element-e278ff8\" data-id=\"e278ff8\" data-element_type=\"column\">\n\t\t\t<div class=\"elementor-column-wrap elementor-element-populated\">\n\t\t\t\t\t\t\t<div class=\"elementor-widget-wrap\">\n\t\t\t\t\t\t<div class=\"elementor-element elementor-element-666798e elementor-position-left elementor-view-default elementor-mobile-position-top elementor-vertical-align-top elementor-widget elementor-widget-icon-box\" data-id=\"666798e\" data-element_type=\"widget\" data-widget_type=\"icon-box.default\">\n\t\t\t\t<div class=\"elementor-widget-container\">\n\t\t\t\t\t<div class=\"elementor-icon-box-wrapper\">\n\t\t\t\t\t\t<div class=\"elementor-icon-box-icon\">\n\t\t\t\t<a class=\"elementor-icon elementor-animation-\" href=\"\/?page_id=83\">\n\t\t\t\t<i class=\"fa fa-phone\" aria-hidden=\"true\"><\/i>\t\t\t\t<\/a>\n\t\t\t<\/div>\n\t\t\t\t\t\t<div class=\"elementor-icon-box-content\">\n\t\t\t\t<h2 class=\"elementor-icon-box-title\">\n\t\t\t\t\t<a href=\"\/?page_id=83\" >\n\t\t\t\t\t\tContact Us\t\t\t\t\t<\/a>\n\t\t\t\t<\/h2>\n\t\t\t\t\t\t\t\t\t<p class=\"elementor-icon-box-description\">\n\t\t\t\t\t\t<p>On how to select the right anti-corrosive coating system for your case.<\/p>\n\t\t\t\t\t<\/p>\n\t\t\t\t\t\t\t<\/div>\n\t\t<\/div>\n\t\t\t\t<\/div>\n\t\t\t\t<\/div>\n\t\t\t\t\t\t<\/div>\n\t\t\t\t\t<\/div>\n\t\t<\/div>\n\t\t\t\t\t\t\t\t<\/div>\n\t\t\t\t\t<\/div>\n\t\t<\/section>\n\t\t\t\t\t\t\t\t\t<\/div>\n\t\t\t<\/div>\n\t\t\t\t\t<\/div>\n\t\t","protected":false},"excerpt":{"rendered":"<p>C\u1ea5u tr\u00fac th\u00e9p v\u00e0 b\u00ea t\u00f4ng ch\u00ecm d\u01b0\u1edbi n\u01b0\u1edbc c\u00f3 th\u1ec3 ch\u1ecbu c\u00e1c \u0111i\u1ec1u ki\u1ec7n kh\u1eafc nghi\u1ec7t c\u0169ng nh\u01b0 c\u00e1c t\u00e1c \u0111\u1ed9ng c\u01a1 h\u1ecdc m\u1ea1nh, v\u00e0 do \u0111\u00f3 y\u00eau c\u1ea7u hi\u1ec7u su\u1ea5t h\u1ec7 s\u01a1n b\u1ea3o v\u1ec7 c\u01a1 h\u1ecdc v\u00e0\/ho\u1eb7c ch\u1ed1ng \u0103n m\u00f2n cao. Globalnavy ph\u00e1t tri\u1ec3n v\u00e0 s\u1ea3n xu\u1ea5t lo\u1ea1i s\u01a1n ph\u1ee7 hi\u1ec7u su\u1ea5t cao &#8230; <a title=\"\u00c1p d\u1ee5ng d\u01b0\u1edbi n\u01b0\u1edbc\" class=\"read-more\" href=\"https:\/\/globalnavy.net\/vi\/ap-dung-duoi-nuoc\/\" aria-label=\"More on \u00c1p d\u1ee5ng d\u01b0\u1edbi n\u01b0\u1edbc\">Read more<\/a><\/p>\n","protected":false},"author":1,"featured_media":0,"parent":0,"menu_order":0,"comment_status":"closed","ping_status":"closed","template":"","meta":{"_mi_skip_tracking":false,"_exactmetrics_sitenote_active":false,"_exactmetrics_sitenote_note":"","_exactmetrics_sitenote_category":0},"_links":{"self":[{"href":"https:\/\/globalnavy.net\/vi\/wp-json\/wp\/v2\/pages\/1127"}],"collection":[{"href":"https:\/\/globalnavy.net\/vi\/wp-json\/wp\/v2\/pages"}],"about":[{"href":"https:\/\/globalnavy.net\/vi\/wp-json\/wp\/v2\/types\/page"}],"author":[{"embeddable":true,"href":"https:\/\/globalnavy.net\/vi\/wp-json\/wp\/v2\/users\/1"}],"replies":[{"embeddable":true,"href":"https:\/\/globalnavy.net\/vi\/wp-json\/wp\/v2\/comments?post=1127"}],"version-history":[{"count":6,"href":"https:\/\/globalnavy.net\/vi\/wp-json\/wp\/v2\/pages\/1127\/revisions"}],"predecessor-version":[{"id":2907,"href":"https:\/\/globalnavy.net\/vi\/wp-json\/wp\/v2\/pages\/1127\/revisions\/2907"}],"wp:attachment":[{"href":"https:\/\/globalnavy.net\/vi\/wp-json\/wp\/v2\/media?parent=1127"}],"curies":[{"name":"wp","href":"https:\/\/api.w.org\/{rel}","templated":true}]}}