
{"id":1129,"date":"2018-08-24T15:40:23","date_gmt":"2018-08-24T15:40:23","guid":{"rendered":"http:\/\/globalnavy.net\/trang-tri\/"},"modified":"2018-10-25T14:54:51","modified_gmt":"2018-10-25T14:54:51","slug":"trang-tri","status":"publish","type":"page","link":"https:\/\/globalnavy.net\/vi\/trang-tri\/","title":{"rendered":"Trang tr\u00ed"},"content":{"rendered":"\t\t<div data-elementor-type=\"wp-post\" data-elementor-id=\"1129\" class=\"elementor elementor-1129 elementor-404\">\n\t\t\t\t\t\t<div class=\"elementor-inner\">\n\t\t\t\t<div class=\"elementor-section-wrap\">\n\t\t\t\t\t\t\t\t\t<section class=\"elementor-section elementor-top-section elementor-element elementor-element-6c64051 elementor-section-boxed elementor-section-height-default elementor-section-height-default\" data-id=\"6c64051\" data-element_type=\"section\">\n\t\t\t\t\t\t<div class=\"elementor-container elementor-column-gap-default\">\n\t\t\t\t\t\t\t<div class=\"elementor-row\">\n\t\t\t\t\t<div class=\"elementor-column elementor-col-100 elementor-top-column elementor-element elementor-element-5937fac\" data-id=\"5937fac\" data-element_type=\"column\">\n\t\t\t<div class=\"elementor-column-wrap elementor-element-populated\">\n\t\t\t\t\t\t\t<div class=\"elementor-widget-wrap\">\n\t\t\t\t\t\t<div class=\"elementor-element elementor-element-d3221da elementor-widget elementor-widget-image\" data-id=\"d3221da\" data-element_type=\"widget\" data-widget_type=\"image.default\">\n\t\t\t\t<div class=\"elementor-widget-container\">\n\t\t\t\t\t\t\t\t<div class=\"elementor-image\">\n\t\t\t\t\t\t\t\t\t\t\t\t<img width=\"725\" height=\"150\" src=\"https:\/\/globalnavy.net\/wp-content\/uploads\/2018\/09\/decorative_scaled_v2.jpg\" class=\"attachment-full size-full wp-image-2043\" alt=\"\" loading=\"lazy\" srcset=\"https:\/\/globalnavy.net\/wp-content\/uploads\/2018\/09\/decorative_scaled_v2.jpg 725w, https:\/\/globalnavy.net\/wp-content\/uploads\/2018\/09\/decorative_scaled_v2-300x62.jpg 300w\" sizes=\"(max-width: 725px) 100vw, 725px\" \/>\t\t\t\t\t\t\t\t\t\t\t\t\t\t<\/div>\n\t\t\t\t\t\t<\/div>\n\t\t\t\t<\/div>\n\t\t\t\t\t\t<\/div>\n\t\t\t\t\t<\/div>\n\t\t<\/div>\n\t\t\t\t\t\t\t\t<\/div>\n\t\t\t\t\t<\/div>\n\t\t<\/section>\n\t\t\t\t<section class=\"elementor-section elementor-top-section elementor-element elementor-element-773a155 elementor-section-boxed elementor-section-height-default elementor-section-height-default\" data-id=\"773a155\" data-element_type=\"section\">\n\t\t\t\t\t\t<div class=\"elementor-container elementor-column-gap-default\">\n\t\t\t\t\t\t\t<div class=\"elementor-row\">\n\t\t\t\t\t<div class=\"elementor-column elementor-col-100 elementor-top-column elementor-element elementor-element-28f3292\" data-id=\"28f3292\" data-element_type=\"column\">\n\t\t\t<div class=\"elementor-column-wrap elementor-element-populated\">\n\t\t\t\t\t\t\t<div class=\"elementor-widget-wrap\">\n\t\t\t\t\t\t<div class=\"elementor-element elementor-element-9d2669b elementor-widget elementor-widget-text-editor\" data-id=\"9d2669b\" data-element_type=\"widget\" data-widget_type=\"text-editor.default\">\n\t\t\t\t<div class=\"elementor-widget-container\">\n\t\t\t\t\t\t\t\t<div class=\"elementor-text-editor elementor-clearfix\">\n\t\t\t\t<div class=\"justifiedtext\">\n<p>Th\u1ecb tr\u01b0\u1eddng trang tr\u00ed\/ki\u1ebfn tr\u00fac v\u00e0 x\u00e2y d\u1ef1ng y\u00eau c\u1ea7u \u0111\u1eb7c \u0111i\u1ec3m k\u1ef9 thu\u1eadt l\u1edbp s\u01a1n ph\u1ee7 hi\u1ec7u su\u1ea5t cao duy tr\u00ec v\u1ebb \u0111\u1eb9p th\u1ea9m m\u1ef9 tuy\u1ec7t v\u1eddi theo th\u1eddi gian.<\/p>\n<p>Globalnavy ph\u00e1t tri\u1ec3n v\u00e0 s\u1ea3n xu\u1ea5t m\u1ed9t lo\u1ea1t c\u00e1c lo\u1ea1i s\u01a1n v\u00e0 l\u1edbp ph\u1ee7 hi\u1ec7u su\u1ea5t cao cho s\u00e0n, ch\u1ed1ng th\u1ea5m, ngo\u1ea1i th\u1ea5t v\u00e0 n\u1ed9i th\u1ea5t c\u1ee7a c\u00e1c t\u00f2a nh\u00e0, t\u00e1c ph\u1ea9m ngh\u1ec7 thu\u1eadt v\u00e0 c\u00e1c c\u00f4ng tr\u00ecnh kh\u00e1c b\u1eb1ng b\u00ea t\u00f4ng ho\u1eb7c th\u00e9p.<\/p>\n<p>Ch\u00fang t\u00f4i cung c\u1ea5p cho kh\u00e1ch h\u00e0ng c\u1ee7a ch\u00fang t\u00f4i nh\u1eefng h\u1ec7 s\u01a1n th\u00edch h\u1ee3p, \u0111\u1eb7c bi\u1ec7t l\u00e0 khi y\u00eau c\u1ea7u c\u00e1c t\u00ednh ch\u1ea5t ch\u1ed1ng \u0103n m\u00f2n, ch\u1ed1ng vi sinh v\u1eadt, th\u1ea9m m\u1ef9, ch\u1ed1ng m\u00e0i m\u00f2n v\u00e0 b\u1ee9c x\u1ea1 c\u1ef1c t\u00edm.<\/p>\n<p>M\u1ee5c ti\u00eau c\u1ee7a Globalnavy l\u00e0 l\u00e0m vi\u1ec7c c\u00f9ng v\u1edbi kh\u00e1ch h\u00e0ng \u0111\u1ec3 \u0111\u1ea3m b\u1ea3o r\u1eb1ng c\u00e1c gi\u1ea3i ph\u00e1p c\u1ee7a ch\u00fang t\u00f4i l\u00e0 b\u1ec1n v\u1eefng v\u00e0 \u0111\u00e1p \u1ee9ng c\u00e1c y\u00eau c\u1ea7u c\u1ee7a d\u1ef1 \u00e1n.<\/p>\n<\/div>\n\t\t\t\t\t<\/div>\n\t\t\t\t\t\t<\/div>\n\t\t\t\t<\/div>\n\t\t\t\t\t\t<\/div>\n\t\t\t\t\t<\/div>\n\t\t<\/div>\n\t\t\t\t\t\t\t\t<\/div>\n\t\t\t\t\t<\/div>\n\t\t<\/section>\n\t\t\t\t<section class=\"elementor-section elementor-top-section elementor-element elementor-element-f9e5120 elementor-section-boxed elementor-section-height-default elementor-section-height-default\" data-id=\"f9e5120\" data-element_type=\"section\">\n\t\t\t\t\t\t<div class=\"elementor-container elementor-column-gap-default\">\n\t\t\t\t\t\t\t<div class=\"elementor-row\">\n\t\t\t\t\t<div class=\"elementor-column elementor-col-100 elementor-top-column elementor-element elementor-element-01b1471\" data-id=\"01b1471\" data-element_type=\"column\">\n\t\t\t<div class=\"elementor-column-wrap elementor-element-populated\">\n\t\t\t\t\t\t\t<div class=\"elementor-widget-wrap\">\n\t\t\t\t\t\t<section class=\"elementor-section elementor-inner-section elementor-element elementor-element-edb2b1a elementor-section-boxed elementor-section-height-default elementor-section-height-default\" data-id=\"edb2b1a\" data-element_type=\"section\">\n\t\t\t\t\t\t<div class=\"elementor-container elementor-column-gap-default\">\n\t\t\t\t\t\t\t<div class=\"elementor-row\">\n\t\t\t\t\t<div class=\"elementor-column elementor-col-50 elementor-inner-column elementor-element elementor-element-8824213\" data-id=\"8824213\" data-element_type=\"column\">\n\t\t\t<div class=\"elementor-column-wrap elementor-element-populated\">\n\t\t\t\t\t\t\t<div class=\"elementor-widget-wrap\">\n\t\t\t\t\t\t<div class=\"elementor-element elementor-element-0e99b4e elementor-widget elementor-widget-html\" data-id=\"0e99b4e\" data-element_type=\"widget\" data-widget_type=\"html.default\">\n\t\t\t\t<div class=\"elementor-widget-container\">\n\t\t\t<h3><strong>Th\u00e9p<\/strong><\/h3>\n<ul style=\"margin-left:20px; list-style-type:square;\">\n<li>S\u00e0n,<\/li>\n<li>\u0110\u01b0\u1eddng \u1ed1ng,<\/li>\n<li>C\u00f4ng tr\u00ecnh x\u00e2y d\u1ef1ng,<\/li>\n<li>Ph\u01b0\u01a1ng ti\u1ec7n c\u1ea5t gi\u1eef,<\/li>\n<li>V\u00e0 nh\u1eefng c\u00e1i kh\u00e1c<\/li>\n<\/ul>\n\t\t<\/div>\n\t\t\t\t<\/div>\n\t\t\t\t\t\t<\/div>\n\t\t\t\t\t<\/div>\n\t\t<\/div>\n\t\t\t\t<div class=\"elementor-column elementor-col-50 elementor-inner-column elementor-element elementor-element-c91fac8\" data-id=\"c91fac8\" data-element_type=\"column\">\n\t\t\t<div class=\"elementor-column-wrap elementor-element-populated\">\n\t\t\t\t\t\t\t<div class=\"elementor-widget-wrap\">\n\t\t\t\t\t\t<div class=\"elementor-element elementor-element-3769770 elementor-widget elementor-widget-html\" data-id=\"3769770\" data-element_type=\"widget\" data-widget_type=\"html.default\">\n\t\t\t\t<div class=\"elementor-widget-container\">\n\t\t\t<h3><strong>B\u00ea t\u00f4ng<\/strong><\/h3>\n<ul style=\"margin-left:20px; list-style-type:square;\">\n<li>S\u00e0n,<\/li>\n<li>\u0110\u01b0\u1eddng \u1ed1ng,<\/li>\n<li>M\u1eb7t ti\u1ec1n,<\/li>\n<li>C\u00f4ng tr\u00ecnh x\u00e2y d\u1ef1ng,<\/li>\n<li>Ph\u01b0\u01a1ng ti\u1ec7n c\u1ea5t gi\u1eef,<\/li>\n<li>V\u00e0 nh\u1eefng c\u00e1i kh\u00e1c<\/li>\n<\/ul>\n\t\t<\/div>\n\t\t\t\t<\/div>\n\t\t\t\t\t\t<\/div>\n\t\t\t\t\t<\/div>\n\t\t<\/div>\n\t\t\t\t\t\t\t\t<\/div>\n\t\t\t\t\t<\/div>\n\t\t<\/section>\n\t\t\t\t\t\t<\/div>\n\t\t\t\t\t<\/div>\n\t\t<\/div>\n\t\t\t\t\t\t\t\t<\/div>\n\t\t\t\t\t<\/div>\n\t\t<\/section>\n\t\t\t\t<section class=\"elementor-section elementor-top-section elementor-element elementor-element-677310d elementor-section-boxed elementor-section-height-default elementor-section-height-default\" data-id=\"677310d\" data-element_type=\"section\">\n\t\t\t\t\t\t<div class=\"elementor-container elementor-column-gap-default\">\n\t\t\t\t\t\t\t<div class=\"elementor-row\">\n\t\t\t\t\t<div class=\"elementor-column elementor-col-100 elementor-top-column elementor-element elementor-element-8ae3dff\" data-id=\"8ae3dff\" data-element_type=\"column\">\n\t\t\t<div class=\"elementor-column-wrap elementor-element-populated\">\n\t\t\t\t\t\t\t<div class=\"elementor-widget-wrap\">\n\t\t\t\t\t\t<div class=\"elementor-element elementor-element-d0102f7 elementor-widget elementor-widget-html\" data-id=\"d0102f7\" data-element_type=\"widget\" data-widget_type=\"html.default\">\n\t\t\t\t<div class=\"elementor-widget-container\">\n\t\t\t<h2>Know More<\/h2>\r\n\r\n<div class=\"subsegment_list\">\r\n<ul>\r\n<li><a href=\"http:\/\/globalnavy.net\/vi\/lot-san\/\">L\u00f3t s\u00e0n<\/a><\/li>\r\n<li><a href=\"http:\/\/globalnavy.net\/vi\/kien-truc\/\">Ki\u1ebfn tr\u00fac<\/a><\/li>\r\n<\/ul>\r\n<\/div>\r\n\r\n<h2>Downloads<\/h2>\r\n\r\n<a class=\"brochure_link\" href=\"http:\/\/globalnavy.net\/wp-content\/uploads\/2018\/10\/Decorative1_Brochura_constru\u00e7\u00e3o_2018_Ingles_UK_FR_VN.pdf\" target=\"_blank\">Decorative Coatings<\/a>\r\n\r\n<a class=\"brochure_link\" href=\"http:\/\/globalnavy.net\/wp-content\/uploads\/2018\/10\/Decorative2_Floorings2018v3_PT_UK_FR_VN.pdf\" target=\"_blank\">Flooring<\/a>\r\n\r\n<a class=\"brochure_link\" href=\"http:\/\/globalnavy.net\/wp-content\/uploads\/2018\/10\/Decorative3_Antiderrapante_e_Juntas_PT_UK_FR_VN.pdf\" target=\"_blank\">Anti-Slip<\/a>\t\t<\/div>\n\t\t\t\t<\/div>\n\t\t\t\t\t\t<\/div>\n\t\t\t\t\t<\/div>\n\t\t<\/div>\n\t\t\t\t\t\t\t\t<\/div>\n\t\t\t\t\t<\/div>\n\t\t<\/section>\n\t\t\t\t\t\t\t\t\t<\/div>\n\t\t\t<\/div>\n\t\t\t\t\t<\/div>\n\t\t","protected":false},"excerpt":{"rendered":"<p>Th\u1ecb tr\u01b0\u1eddng trang tr\u00ed\/ki\u1ebfn tr\u00fac v\u00e0 x\u00e2y d\u1ef1ng y\u00eau c\u1ea7u \u0111\u1eb7c \u0111i\u1ec3m k\u1ef9 thu\u1eadt l\u1edbp s\u01a1n ph\u1ee7 hi\u1ec7u su\u1ea5t cao duy tr\u00ec v\u1ebb \u0111\u1eb9p th\u1ea9m m\u1ef9 tuy\u1ec7t v\u1eddi theo th\u1eddi gian. Globalnavy ph\u00e1t tri\u1ec3n v\u00e0 s\u1ea3n xu\u1ea5t m\u1ed9t lo\u1ea1t c\u00e1c lo\u1ea1i s\u01a1n v\u00e0 l\u1edbp ph\u1ee7 hi\u1ec7u su\u1ea5t cao cho s\u00e0n, ch\u1ed1ng th\u1ea5m, ngo\u1ea1i th\u1ea5t v\u00e0 &#8230; <a title=\"Trang tr\u00ed\" class=\"read-more\" href=\"https:\/\/globalnavy.net\/vi\/trang-tri\/\" aria-label=\"More on Trang tr\u00ed\">Read more<\/a><\/p>\n","protected":false},"author":1,"featured_media":0,"parent":0,"menu_order":0,"comment_status":"closed","ping_status":"closed","template":"","meta":{"_mi_skip_tracking":false,"_exactmetrics_sitenote_active":false,"_exactmetrics_sitenote_note":"","_exactmetrics_sitenote_category":0},"_links":{"self":[{"href":"https:\/\/globalnavy.net\/vi\/wp-json\/wp\/v2\/pages\/1129"}],"collection":[{"href":"https:\/\/globalnavy.net\/vi\/wp-json\/wp\/v2\/pages"}],"about":[{"href":"https:\/\/globalnavy.net\/vi\/wp-json\/wp\/v2\/types\/page"}],"author":[{"embeddable":true,"href":"https:\/\/globalnavy.net\/vi\/wp-json\/wp\/v2\/users\/1"}],"replies":[{"embeddable":true,"href":"https:\/\/globalnavy.net\/vi\/wp-json\/wp\/v2\/comments?post=1129"}],"version-history":[{"count":3,"href":"https:\/\/globalnavy.net\/vi\/wp-json\/wp\/v2\/pages\/1129\/revisions"}],"predecessor-version":[{"id":2648,"href":"https:\/\/globalnavy.net\/vi\/wp-json\/wp\/v2\/pages\/1129\/revisions\/2648"}],"wp:attachment":[{"href":"https:\/\/globalnavy.net\/vi\/wp-json\/wp\/v2\/media?parent=1129"}],"curies":[{"name":"wp","href":"https:\/\/api.w.org\/{rel}","templated":true}]}}