
{"id":1131,"date":"2018-08-24T15:51:51","date_gmt":"2018-08-24T15:51:51","guid":{"rendered":"http:\/\/globalnavy.net\/lot-san\/"},"modified":"2018-10-25T15:39:29","modified_gmt":"2018-10-25T15:39:29","slug":"lot-san","status":"publish","type":"page","link":"https:\/\/globalnavy.net\/vi\/lot-san\/","title":{"rendered":"L\u00f3t s\u00e0n"},"content":{"rendered":"\t\t<div data-elementor-type=\"wp-post\" data-elementor-id=\"1131\" class=\"elementor elementor-1131 elementor-407 elementor-bc-flex-widget\">\n\t\t\t\t\t\t<div class=\"elementor-inner\">\n\t\t\t\t<div class=\"elementor-section-wrap\">\n\t\t\t\t\t\t\t\t\t<section class=\"elementor-section elementor-top-section elementor-element elementor-element-dc9d7a9 elementor-section-boxed elementor-section-height-default elementor-section-height-default\" data-id=\"dc9d7a9\" data-element_type=\"section\">\n\t\t\t\t\t\t<div class=\"elementor-container elementor-column-gap-default\">\n\t\t\t\t\t\t\t<div class=\"elementor-row\">\n\t\t\t\t\t<div class=\"elementor-column elementor-col-100 elementor-top-column elementor-element elementor-element-fc8ed0e\" data-id=\"fc8ed0e\" data-element_type=\"column\">\n\t\t\t<div class=\"elementor-column-wrap elementor-element-populated\">\n\t\t\t\t\t\t\t<div class=\"elementor-widget-wrap\">\n\t\t\t\t\t\t<div class=\"elementor-element elementor-element-4946e3b elementor-widget elementor-widget-image\" data-id=\"4946e3b\" data-element_type=\"widget\" data-widget_type=\"image.default\">\n\t\t\t\t<div class=\"elementor-widget-container\">\n\t\t\t\t\t\t\t\t<div class=\"elementor-image\">\n\t\t\t\t\t\t\t\t\t\t\t\t<img width=\"725\" height=\"150\" src=\"https:\/\/globalnavy.net\/wp-content\/uploads\/2018\/09\/flooring_scaled_v2.jpg\" class=\"attachment-full size-full wp-image-2055\" alt=\"\" loading=\"lazy\" srcset=\"https:\/\/globalnavy.net\/wp-content\/uploads\/2018\/09\/flooring_scaled_v2.jpg 725w, https:\/\/globalnavy.net\/wp-content\/uploads\/2018\/09\/flooring_scaled_v2-300x62.jpg 300w\" sizes=\"(max-width: 725px) 100vw, 725px\" \/>\t\t\t\t\t\t\t\t\t\t\t\t\t\t<\/div>\n\t\t\t\t\t\t<\/div>\n\t\t\t\t<\/div>\n\t\t\t\t\t\t<\/div>\n\t\t\t\t\t<\/div>\n\t\t<\/div>\n\t\t\t\t\t\t\t\t<\/div>\n\t\t\t\t\t<\/div>\n\t\t<\/section>\n\t\t\t\t<section class=\"elementor-section elementor-top-section elementor-element elementor-element-773a155 elementor-section-boxed elementor-section-height-default elementor-section-height-default\" data-id=\"773a155\" data-element_type=\"section\">\n\t\t\t\t\t\t<div class=\"elementor-container elementor-column-gap-default\">\n\t\t\t\t\t\t\t<div class=\"elementor-row\">\n\t\t\t\t\t<div class=\"elementor-column elementor-col-100 elementor-top-column elementor-element elementor-element-28f3292\" data-id=\"28f3292\" data-element_type=\"column\">\n\t\t\t<div class=\"elementor-column-wrap elementor-element-populated\">\n\t\t\t\t\t\t\t<div class=\"elementor-widget-wrap\">\n\t\t\t\t\t\t<div class=\"elementor-element elementor-element-9d2669b elementor-widget elementor-widget-text-editor\" data-id=\"9d2669b\" data-element_type=\"widget\" data-widget_type=\"text-editor.default\">\n\t\t\t\t<div class=\"elementor-widget-container\">\n\t\t\t\t\t\t\t\t<div class=\"elementor-text-editor elementor-clearfix\">\n\t\t\t\t<div class=\"justifiedtext\">\n\n<p>C\u00e1c s\u00e0n nh\u1ef1a li\u00ean t\u1ee5c l\u00e0 nh\u1eefng gi\u1ea3i ph\u00e1p t\u1ed1t nh\u1ea5t m\u1ed7i l\u1ea7n c\u00f3 y\u00eau c\u1ea7u mang l\u1ea1i vi\u1ec7c s\u1eed d\u1ee5ng d\u1ec5 d\u00e0ng v\u00e0 m\u1ed9t d\u00e1ng v\u1ebb r\u1ea5t d\u1ec5 ch\u1ecbu.<\/p>\n\n<p>C\u00e1c h\u1ec7 s\u01a1n \u0111\u01b0\u1ee3c Globalnavy ph\u00e1t tri\u1ec3n v\u00e0 s\u1ea3n xu\u1ea5t cho c\u00e1c m\u1ee5c \u0111\u00edch n\u00e0y r\u1ea5t d\u1ec5 l\u00e0m s\u1ea1ch, duy tr\u00ec v\u00e0 \u0111\u1ea3m b\u1ea3o m\u1ed9t gi\u1ea3i ph\u00e1p th\u00edch h\u1ee3p v\u1edbi c\u00e1c y\u00eau c\u1ea7u th\u1ea9m m\u1ef9, ch\u1ed1ng tr\u01b0\u1ee3t, kh\u00e1ng khu\u1ea9n, trong s\u1ed1 nh\u1eefng y\u00eau c\u1ea7u kh\u00e1c.<\/p>\n\n<h2>Downloads<\/h2>\n\n<a class=\"brochure_link\" href=\"http:\/\/globalnavy.net\/wp-content\/uploads\/2018\/10\/Flooring1_DFlooring_Products_UK_FR_VN.pdf\" target=\"_blank\" rel=\"noopener\">Flooring Products<\/a><a class=\"brochure_link\" href=\"http:\/\/globalnavy.net\/wp-content\/uploads\/2018\/10\/Flooring2_Manual_Aplica\u00e7\u00e3o_VIETNAME_PT_UK_FR_VN.pdf\" target=\"_blank\" rel=\"noopener\">Flooring Manual<\/a><a class=\"brochure_link\" href=\"http:\/\/globalnavy.net\/wp-content\/uploads\/2018\/10\/Flooring3_GN132EFSL_Instruction_Manual_UK_FR_VN.pdf\" target=\"_blank\" rel=\"noopener\">GN132EFSL Manual<\/a><a class=\"brochure_link\" href=\"http:\/\/globalnavy.net\/wp-content\/uploads\/2018\/10\/Flooring4_System_AntiskidRd3_GN130EPSF_UK_FR_VN.pdf\" target=\"_blank\" rel=\"noopener\">GN130EPSF Sys.<\/a>\n<\/div>\t\t\t\t\t<\/div>\n\t\t\t\t\t\t<\/div>\n\t\t\t\t<\/div>\n\t\t\t\t\t\t<\/div>\n\t\t\t\t\t<\/div>\n\t\t<\/div>\n\t\t\t\t\t\t\t\t<\/div>\n\t\t\t\t\t<\/div>\n\t\t<\/section>\n\t\t\t\t<section class=\"elementor-section elementor-top-section elementor-element elementor-element-0af756e elementor-section-boxed elementor-section-height-default elementor-section-height-default\" data-id=\"0af756e\" data-element_type=\"section\">\n\t\t\t\t\t\t<div class=\"elementor-container elementor-column-gap-default\">\n\t\t\t\t\t\t\t<div class=\"elementor-row\">\n\t\t\t\t\t<div class=\"elementor-column elementor-col-100 elementor-top-column elementor-element elementor-element-ab7401b\" data-id=\"ab7401b\" data-element_type=\"column\">\n\t\t\t<div class=\"elementor-column-wrap elementor-element-populated\">\n\t\t\t\t\t\t\t<div class=\"elementor-widget-wrap\">\n\t\t\t\t\t\t<div class=\"elementor-element elementor-element-84645ba elementor-position-left elementor-view-default elementor-mobile-position-top elementor-vertical-align-top elementor-widget elementor-widget-icon-box\" data-id=\"84645ba\" data-element_type=\"widget\" data-widget_type=\"icon-box.default\">\n\t\t\t\t<div class=\"elementor-widget-container\">\n\t\t\t\t\t<div class=\"elementor-icon-box-wrapper\">\n\t\t\t\t\t\t<div class=\"elementor-icon-box-icon\">\n\t\t\t\t<span class=\"elementor-icon elementor-animation-\" >\n\t\t\t\t<i class=\"fa fa-check-circle\" aria-hidden=\"true\"><\/i>\t\t\t\t<\/span>\n\t\t\t<\/div>\n\t\t\t\t\t\t<div class=\"elementor-icon-box-content\">\n\t\t\t\t<h2 class=\"elementor-icon-box-title\">\n\t\t\t\t\t<span  >\n\t\t\t\t\t\tT\u1ea1i sao ch\u1ecdn l\u1edbp ph\u1ee7 Globalnavy?\t\t\t\t\t<\/span>\n\t\t\t\t<\/h2>\n\t\t\t\t\t\t\t\t\t<p class=\"elementor-icon-box-description\">\n\t\t\t\t\t\t<p>C\u00e1c l\u1edbp s\u01a1n ph\u1ee7 Globalnavy c\u00f3 t\u00ednh th\u1ea9m m\u1ef9 tuy\u1ec7t v\u1eddi; kh\u00e1ng t\u00e1c nh\u00e2n va \u0111\u1eadp, m\u00e0i m\u00f2n, h\u00f3a ch\u1ea5t, vi sinh v\u1eadt, d\u1ec5 l\u00e0m s\u1ea1ch v\u00e0 b\u1ea3o tr\u00ec.<\/p>\n<p>Nh\u00e2n vi\u00ean k\u1ef9 thu\u1eadt c\u1ee7a ch\u00fang t\u00f4i c\u00f3 th\u1ec3 t\u01b0 v\u1ea5n cho b\u1ea1n v\u1ec1 h\u1ec7 s\u01a1n s\u00e0n t\u1ed1t nh\u1ea5t cho d\u1ef1 \u00e1n c\u1ee7a b\u1ea1n.<\/p>\n<p>Ch\u00fang t\u00f4i ph\u00e1t tri\u1ec3n c\u00e1c lo\u1ea1i s\u01a1n l\u00f3t \u0111\u1eb7c bi\u1ec7t:<br \/>\n&rArr; GlobalDur GN112EP \u2013 C\u00e1c b\u1ec1 m\u1eb7t tr\u00e1ng men v\u00e0 g\u1ea1ch l\u00e1t, b\u00ea t\u00f4ng c\u1ee9ng<br \/>\n&rArr; GlobalDur GN114EP \u2013 C\u00e1c b\u1ec1 m\u1eb7t \u01b0\u1edbt ho\u1eb7c b\u00ea t\u00f4ng xanh<\/p>\n\t\t\t\t\t<\/p>\n\t\t\t\t\t\t\t<\/div>\n\t\t<\/div>\n\t\t\t\t<\/div>\n\t\t\t\t<\/div>\n\t\t\t\t\t\t<\/div>\n\t\t\t\t\t<\/div>\n\t\t<\/div>\n\t\t\t\t\t\t\t\t<\/div>\n\t\t\t\t\t<\/div>\n\t\t<\/section>\n\t\t\t\t<section class=\"elementor-section elementor-top-section elementor-element elementor-element-d2f2cfc elementor-section-boxed elementor-section-height-default elementor-section-height-default\" data-id=\"d2f2cfc\" data-element_type=\"section\">\n\t\t\t\t\t\t<div class=\"elementor-container elementor-column-gap-default\">\n\t\t\t\t\t\t\t<div class=\"elementor-row\">\n\t\t\t\t\t<div class=\"elementor-column elementor-col-100 elementor-top-column elementor-element elementor-element-5d5506a\" data-id=\"5d5506a\" data-element_type=\"column\">\n\t\t\t<div class=\"elementor-column-wrap elementor-element-populated\">\n\t\t\t\t\t\t\t<div class=\"elementor-widget-wrap\">\n\t\t\t\t\t\t<div class=\"elementor-element elementor-element-2ade47a elementor-position-left elementor-view-default elementor-mobile-position-top elementor-vertical-align-top elementor-widget elementor-widget-icon-box\" data-id=\"2ade47a\" data-element_type=\"widget\" data-widget_type=\"icon-box.default\">\n\t\t\t\t<div class=\"elementor-widget-container\">\n\t\t\t\t\t<div class=\"elementor-icon-box-wrapper\">\n\t\t\t\t\t\t<div class=\"elementor-icon-box-icon\">\n\t\t\t\t<span class=\"elementor-icon elementor-animation-\" >\n\t\t\t\t<i class=\"fa fa-thumbs-up\" aria-hidden=\"true\"><\/i>\t\t\t\t<\/span>\n\t\t\t<\/div>\n\t\t\t\t\t\t<div class=\"elementor-icon-box-content\">\n\t\t\t\t<h2 class=\"elementor-icon-box-title\">\n\t\t\t\t\t<span  >\n\t\t\t\t\t\tH\u1ec7 s\u01a1n \u0111\u1ec1 ngh\u1ecb\t\t\t\t\t<\/span>\n\t\t\t\t<\/h2>\n\t\t\t\t\t\t\t\t\t<p class=\"elementor-icon-box-description\">\n\t\t\t\t\t\t<p><strong>C\u00e1c h\u1ec7 s\u01a1n nh\u1eb5n GlobalFloor<\/strong><br \/>\n1. GN150EW \u2013 H\u1ec7 s\u01a1n epoxy g\u1ed1c n\u01b0\u1edbc<br \/>\n2. GN120ER + GN132EFSL \u2013 H\u1ec7 s\u01a1n epoxy t\u1ef1 nh\u1eb5n<br \/>\n3. GN120ER + GN236PUSL + GN200Series \u2013 H\u1ec7 s\u01a1n polyurethane t\u1ef1 nh\u1eb5n<\/p>\n<p><strong>H\u1ec7 th\u1ea1ch anh GlobalFloor<\/strong><br \/>\n1. GN120ER + GN132EFSL + r\u1ea3i r\u00e1c th\u1ea1ch anh t\u1ef1 nhi\u00ean + GN132EFSL \u2013 epoxy \u201csilica t\u1ef1 nhi\u00ean\u201d nhi\u1ec1u l\u1edbp<br \/>\n2. GN120ER + GN120ER + r\u1ea3i r\u00e1c th\u1ea1ch anh m\u00e0u + GN120ER - epoxy \u201cth\u1ea1ch anh m\u00e0u\u201d nhi\u1ec1u l\u1edbp<\/p>\n<p><strong>H\u1ec7 s\u01a1n kh\u00e1ng vi sinh v\u1eadt GlobalAM<\/strong><br \/>\n1. GN150EW + GN153EW + GN250AMPW \u2013 h\u1ec7 s\u01a1n g\u1ed1c n\u01b0\u1edbc<br \/>\n2. GN120ER + GN132EFSL + GN208AMPV \u2013 h\u1ec7 s\u01a1n Epoxy-Polyurethane t\u1ef1 nh\u1eb5n<\/p>\n<p><strong>H\u1ec7 s\u01a1n GlobalFloor DecoStone <\/strong><br \/>\n1. GN120ER + v\u1eefa \u201c\u0111\u00e1 t\u1ef1 nhi\u00ean\u201d GN120ER + GN207PV \u2013 v\u1eefa \u201c\u0111\u00e1 t\u1ef1 nhi\u00ean\u201d epoxy<br \/>\n2. GN120ER + v\u1eefa \u201c\u0111\u00e1 m\u00e0u\u201d GN120ER  + GN207PV \u2013 v\u1eefa \u201c\u0111\u00e1 m\u00e0u\u201d epoxy  <\/p>\n<p><strong>H\u1ec7 g\u1ea1ch \u0111\u00e1 m\u00e0i GlobalFloor<\/strong><br \/>\nGN120ER + v\u1eefa k\u1ebft h\u1ee3p GN136ET + GN136ET + GN208PV<\/p>\n<p><strong>H\u1ec7 s\u01a1n GlobalFloor Sports<\/strong><br \/>\n1. GN450AW + GN452AW + GN452AW \u2013 H\u1ec7 s\u01a1n Acrylic ECO<br \/>\n2. GN150EW + GN250PW \u2013 H\u1ec7 s\u01a1n ECO<br \/>\n3. GN410AP + GN410AP \u2013 H\u1ec7 s\u01a1n SB<\/p>\n\t\t\t\t\t<\/p>\n\t\t\t\t\t\t\t<\/div>\n\t\t<\/div>\n\t\t\t\t<\/div>\n\t\t\t\t<\/div>\n\t\t\t\t\t\t<\/div>\n\t\t\t\t\t<\/div>\n\t\t<\/div>\n\t\t\t\t\t\t\t\t<\/div>\n\t\t\t\t\t<\/div>\n\t\t<\/section>\n\t\t\t\t<section class=\"elementor-section elementor-top-section elementor-element elementor-element-4fd08e8 elementor-section-boxed elementor-section-height-default elementor-section-height-default\" data-id=\"4fd08e8\" data-element_type=\"section\">\n\t\t\t\t\t\t<div class=\"elementor-container elementor-column-gap-default\">\n\t\t\t\t\t\t\t<div class=\"elementor-row\">\n\t\t\t\t\t<div class=\"elementor-column elementor-col-100 elementor-top-column elementor-element elementor-element-e278ff8\" data-id=\"e278ff8\" data-element_type=\"column\">\n\t\t\t<div class=\"elementor-column-wrap elementor-element-populated\">\n\t\t\t\t\t\t\t<div class=\"elementor-widget-wrap\">\n\t\t\t\t\t\t<div class=\"elementor-element elementor-element-666798e elementor-position-left elementor-view-default elementor-mobile-position-top elementor-vertical-align-top elementor-widget elementor-widget-icon-box\" data-id=\"666798e\" data-element_type=\"widget\" data-widget_type=\"icon-box.default\">\n\t\t\t\t<div class=\"elementor-widget-container\">\n\t\t\t\t\t<div class=\"elementor-icon-box-wrapper\">\n\t\t\t\t\t\t<div class=\"elementor-icon-box-icon\">\n\t\t\t\t<a class=\"elementor-icon elementor-animation-\" href=\"\/?page_id=83\">\n\t\t\t\t<i class=\"fa fa-phone\" aria-hidden=\"true\"><\/i>\t\t\t\t<\/a>\n\t\t\t<\/div>\n\t\t\t\t\t\t<div class=\"elementor-icon-box-content\">\n\t\t\t\t<h2 class=\"elementor-icon-box-title\">\n\t\t\t\t\t<a href=\"\/?page_id=83\" >\n\t\t\t\t\t\tContact Us\t\t\t\t\t<\/a>\n\t\t\t\t<\/h2>\n\t\t\t\t\t\t\t\t\t<p class=\"elementor-icon-box-description\">\n\t\t\t\t\t\t<p>On how to select the right anti-corrosive coating system for your case.<\/p>\n\t\t\t\t\t<\/p>\n\t\t\t\t\t\t\t<\/div>\n\t\t<\/div>\n\t\t\t\t<\/div>\n\t\t\t\t<\/div>\n\t\t\t\t\t\t<\/div>\n\t\t\t\t\t<\/div>\n\t\t<\/div>\n\t\t\t\t\t\t\t\t<\/div>\n\t\t\t\t\t<\/div>\n\t\t<\/section>\n\t\t\t\t\t\t\t\t\t<\/div>\n\t\t\t<\/div>\n\t\t\t\t\t<\/div>\n\t\t","protected":false},"excerpt":{"rendered":"<p>C\u00e1c s\u00e0n nh\u1ef1a li\u00ean t\u1ee5c l\u00e0 nh\u1eefng gi\u1ea3i ph\u00e1p t\u1ed1t nh\u1ea5t m\u1ed7i l\u1ea7n c\u00f3 y\u00eau c\u1ea7u mang l\u1ea1i vi\u1ec7c s\u1eed d\u1ee5ng d\u1ec5 d\u00e0ng v\u00e0 m\u1ed9t d\u00e1ng v\u1ebb r\u1ea5t d\u1ec5 ch\u1ecbu. C\u00e1c h\u1ec7 s\u01a1n \u0111\u01b0\u1ee3c Globalnavy ph\u00e1t tri\u1ec3n v\u00e0 s\u1ea3n xu\u1ea5t cho c\u00e1c m\u1ee5c \u0111\u00edch n\u00e0y r\u1ea5t d\u1ec5 l\u00e0m s\u1ea1ch, duy tr\u00ec v\u00e0 \u0111\u1ea3m b\u1ea3o m\u1ed9t &#8230; <a title=\"L\u00f3t s\u00e0n\" class=\"read-more\" href=\"https:\/\/globalnavy.net\/vi\/lot-san\/\" aria-label=\"More on L\u00f3t s\u00e0n\">Read more<\/a><\/p>\n","protected":false},"author":1,"featured_media":0,"parent":0,"menu_order":0,"comment_status":"closed","ping_status":"closed","template":"","meta":{"_mi_skip_tracking":false,"_exactmetrics_sitenote_active":false,"_exactmetrics_sitenote_note":"","_exactmetrics_sitenote_category":0},"_links":{"self":[{"href":"https:\/\/globalnavy.net\/vi\/wp-json\/wp\/v2\/pages\/1131"}],"collection":[{"href":"https:\/\/globalnavy.net\/vi\/wp-json\/wp\/v2\/pages"}],"about":[{"href":"https:\/\/globalnavy.net\/vi\/wp-json\/wp\/v2\/types\/page"}],"author":[{"embeddable":true,"href":"https:\/\/globalnavy.net\/vi\/wp-json\/wp\/v2\/users\/1"}],"replies":[{"embeddable":true,"href":"https:\/\/globalnavy.net\/vi\/wp-json\/wp\/v2\/comments?post=1131"}],"version-history":[{"count":5,"href":"https:\/\/globalnavy.net\/vi\/wp-json\/wp\/v2\/pages\/1131\/revisions"}],"predecessor-version":[{"id":2686,"href":"https:\/\/globalnavy.net\/vi\/wp-json\/wp\/v2\/pages\/1131\/revisions\/2686"}],"wp:attachment":[{"href":"https:\/\/globalnavy.net\/vi\/wp-json\/wp\/v2\/media?parent=1131"}],"curies":[{"name":"wp","href":"https:\/\/api.w.org\/{rel}","templated":true}]}}