
{"id":968,"date":"2018-08-23T11:41:03","date_gmt":"2018-08-23T11:41:03","guid":{"rendered":"http:\/\/globalnavy.net\/?page_id=968"},"modified":"2019-06-24T15:17:31","modified_gmt":"2019-06-24T15:17:31","slug":"gioi-thieu-globalnavy","status":"publish","type":"page","link":"https:\/\/globalnavy.net\/vi\/gioi-thieu-globalnavy\/","title":{"rendered":"Gi\u1edbi thi\u1ec7u GlobalNavy"},"content":{"rendered":"<div style=\"text-align: justify;\">\n<p><img loading=\"lazy\" src=\"http:\/\/globalnavy.net\/wp-content\/uploads\/2018\/08\/about_img_scaled-1.jpg\" alt=\"\" width=\"1020\" height=\"190\" class=\"alignnone size-full wp-image-454\" srcset=\"https:\/\/globalnavy.net\/wp-content\/uploads\/2018\/08\/about_img_scaled-1.jpg 1020w, https:\/\/globalnavy.net\/wp-content\/uploads\/2018\/08\/about_img_scaled-1-300x56.jpg 300w, https:\/\/globalnavy.net\/wp-content\/uploads\/2018\/08\/about_img_scaled-1-768x143.jpg 768w\" sizes=\"(max-width: 1020px) 100vw, 1020px\" \/><\/p>\n<p>Globalnavy l\u00e0 nh\u00e0 s\u1ea3n xu\u1ea5t l\u1edbp s\u01a1n ph\u1ee7 n\u1ed5i b\u1eadt v\u1edbi tr\u1ecdng t\u00e2m v\u1ec1 nghi\u00ean c\u1ee9u v\u00e0 ph\u00e1t tri\u1ec3n, k\u1ef9 thu\u1eadt s\u1ea3n xu\u1ea5t ti\u00ean ti\u1ebfn v\u00e0 th\u01b0\u01a1ng m\u1ea1i h\u00f3a \u0111\u1ee7 lo\u1ea1i l\u1edbp ph\u1ee7 cho c\u00e1c th\u1ecb tr\u01b0\u1eddng ki\u1ebfn tr\u00fac\/trang tr\u00ed, b\u1ea3o v\u1ec7, h\u00e0ng h\u1ea3i v\u00e0 ngo\u00e0i kh\u01a1i.<\/p>\n<p>M\u1ee5c ti\u00eau c\u1ee7a ch\u00fang t\u00f4i t\u1eadp trung v\u00e0o c\u00e1c m\u1ed1i quan t\u00e2m v\u1ec1 hi\u1ec7u su\u1ea5t sinh th\u00e1i v\u00e0 ch\u1ed1ng \u0103n m\u00f2n, \u0111\u1eb7c bi\u1ec7t do c\u00e1c nhu c\u1ea7u to l\u1edbn \u0111\u01b0\u1ee3c \u0111\u1eb7t tr\u00ean c\u00e1c l\u1edbp ph\u1ee7 v\u00e0 c\u00e1c ph\u01b0\u01a1ng ph\u00e1p l\u00e0m s\u1ea1ch b\u1ec1 m\u1eb7t ng\u00e0y nay.<\/p>\n<p>Ch\u00fang t\u00f4i lu\u00f4n nh\u1eafm \u0111\u1ebfn vi\u1ec7c t\u1ea1o th\u00eam gi\u00e1 tr\u1ecb cho c\u00e1c \u0111\u1ed1i t\u00e1c c\u1ee7a ch\u00fang t\u00f4i, \u0111\u00e1p \u1ee9ng nhu c\u1ea7u c\u1ee7a ng\u01b0\u1eddi s\u1eed d\u1ee5ng v\u1edbi tinh th\u1ea7n s\u00e1ng t\u1ea1o v\u00e0 \u0111\u1ed5i m\u1edbi v\u1ec1 m\u1ed9t c\u00e1ch ti\u1ebfp c\u1eadn kh\u00e1c \u0111\u1ed1i v\u1edbi l\u1edbp ph\u1ee7.<\/p>\n<p>Globalnavy gi\u1eef s\u1ef1 qu\u1ea3n l\u00fd minh b\u1ea1ch theo chu\u1ea9n m\u1ef1c \u0111\u1ea1o \u0111\u1ee9c c\u00f4ng ty c\u1ee7a m\u00ecnh v\u00e0 v\u1edbi m\u1ee5c ti\u00eau t\u0103ng gi\u00e1 tr\u1ecb c\u00f4ng ty.<\/p>\n<p><iframe loading=\"lazy\" width=\"1040\" height=\"400\" src=\"https:\/\/www.youtube.com\/embed\/QGdwf2Em0LI\" frameborder=\"0\" allow=\"autoplay; encrypted-media\" allowfullscreen><\/iframe><\/p>\n<\/div>\n","protected":false},"excerpt":{"rendered":"<p>Globalnavy l\u00e0 nh\u00e0 s\u1ea3n xu\u1ea5t l\u1edbp s\u01a1n ph\u1ee7 n\u1ed5i b\u1eadt v\u1edbi tr\u1ecdng t\u00e2m v\u1ec1 nghi\u00ean c\u1ee9u v\u00e0 ph\u00e1t tri\u1ec3n, k\u1ef9 thu\u1eadt s\u1ea3n xu\u1ea5t ti\u00ean ti\u1ebfn v\u00e0 th\u01b0\u01a1ng m\u1ea1i h\u00f3a \u0111\u1ee7 lo\u1ea1i l\u1edbp ph\u1ee7 cho c\u00e1c th\u1ecb tr\u01b0\u1eddng ki\u1ebfn tr\u00fac\/trang tr\u00ed, b\u1ea3o v\u1ec7, h\u00e0ng h\u1ea3i v\u00e0 ngo\u00e0i kh\u01a1i. M\u1ee5c ti\u00eau c\u1ee7a ch\u00fang t\u00f4i t\u1eadp trung v\u00e0o &#8230; <a title=\"Gi\u1edbi thi\u1ec7u GlobalNavy\" class=\"read-more\" href=\"https:\/\/globalnavy.net\/vi\/gioi-thieu-globalnavy\/\" aria-label=\"More on Gi\u1edbi thi\u1ec7u GlobalNavy\">Read more<\/a><\/p>\n","protected":false},"author":1,"featured_media":0,"parent":0,"menu_order":0,"comment_status":"closed","ping_status":"closed","template":"","meta":{"_mi_skip_tracking":false,"_exactmetrics_sitenote_active":false,"_exactmetrics_sitenote_note":"","_exactmetrics_sitenote_category":0},"_links":{"self":[{"href":"https:\/\/globalnavy.net\/vi\/wp-json\/wp\/v2\/pages\/968"}],"collection":[{"href":"https:\/\/globalnavy.net\/vi\/wp-json\/wp\/v2\/pages"}],"about":[{"href":"https:\/\/globalnavy.net\/vi\/wp-json\/wp\/v2\/types\/page"}],"author":[{"embeddable":true,"href":"https:\/\/globalnavy.net\/vi\/wp-json\/wp\/v2\/users\/1"}],"replies":[{"embeddable":true,"href":"https:\/\/globalnavy.net\/vi\/wp-json\/wp\/v2\/comments?post=968"}],"version-history":[{"count":4,"href":"https:\/\/globalnavy.net\/vi\/wp-json\/wp\/v2\/pages\/968\/revisions"}],"predecessor-version":[{"id":3038,"href":"https:\/\/globalnavy.net\/vi\/wp-json\/wp\/v2\/pages\/968\/revisions\/3038"}],"wp:attachment":[{"href":"https:\/\/globalnavy.net\/vi\/wp-json\/wp\/v2\/media?parent=968"}],"curies":[{"name":"wp","href":"https:\/\/api.w.org\/{rel}","templated":true}]}}